{"id":241926,"date":"2020-11-26T11:17:55","date_gmt":"2020-11-26T10:17:55","guid":{"rendered":"https:\/\/www.sistemas-catalunya.com\/producto\/pro-c5300s\/"},"modified":"2025-07-21T23:42:34","modified_gmt":"2025-07-21T22:42:34","slug":"pro-c5300s","status":"publish","type":"product","link":"https:\/\/www.sistemas-catalunya.com\/ca\/producte\/pro-c5300s\/","title":{"rendered":"Impressora de Producci\u00f3 PRO C5300S"},"content":{"rendered":"<h2>Impressora de producci\u00f3 PRO C5300S<\/h2>\n<p>La impressora de producci\u00f3 PRO C5300S ho t\u00e9 tot: imprimeix a color amb colors d&#8217;alta qualitat, t\u00e9 un rendiment potent amb una velocitat professional de fins a 80 PPM, la millor compatibilitat amb suports de la classe, flexibilitat en una \u00e0mplia gamma d&#8217;acabats, i la tecnologia d&#8217;avantguarda que es troba en els sistemes de producci\u00f3 de m\u00e9s volum.<\/p>\n<p>Dissenyades per a entorns de producci\u00f3 lleugers, les Pro C5300 i Pro C5310s s\u00f3n compatibles amb una \u00e0mplia gamma de suports i produeixen resultats vius d&#8217;alta qualitat a gran velocitat. Et permeten mantenir la feina d&#8217;impressi\u00f3 internament i fer cr\u00e9ixer el teu negoci amb una impressora de color que incrementa la productivitat i crea efici\u00e8ncia. <\/p>\n<h3>Especificacions impressora de producci\u00f3 PRO C5300S<\/h3>\n<ul>\n<li><em>Categoria:<\/em> Impressora de producci\u00f3<\/li>\n<li><em>Mida paper:<\/em> A3<\/li>\n<li><em>Color\/BN:<\/em> Color<\/li>\n<li><em>Velocitat:<\/em> 80 PPM<\/li>\n<\/ul>\n","protected":false},"excerpt":{"rendered":"<p>Impressora de producci\u00f3<\/p>\n<p> A3 \/ Color<\/p>\n<p> Velocitat d&#8217;impressi\u00f3: 80 PPM<\/p>\n","protected":false},"featured_media":240080,"comment_status":"open","ping_status":"closed","template":"","meta":{"_acf_changed":false},"product_brand":[],"product_cat":[189],"product_tag":[],"class_list":{"0":"post-241926","1":"product","2":"type-product","3":"status-publish","4":"has-post-thumbnail","6":"product_cat-impressores-de-produccio","7":"pa_color-a3-ca","9":"first","10":"instock","11":"taxable","12":"shipping-taxable","13":"product-type-simple"},"acf":[],"yoast_head":"<!-- This site is optimized with the Yoast SEO plugin v27.4 - https:\/\/yoast.com\/product\/yoast-seo-wordpress\/ -->\n<title>Impressora de Producci\u00f3 PRO C5300S - Sistemas Digitales<\/title>\n<meta name=\"robots\" content=\"index, follow, max-snippet:-1, max-image-preview:large, max-video-preview:-1\" \/>\n<link rel=\"canonical\" href=\"https:\/\/www.sistemas-catalunya.com\/ca\/producte\/pro-c5300s\/\" \/>\n<meta property=\"og:locale\" content=\"ca_ES\" \/>\n<meta property=\"og:type\" content=\"article\" \/>\n<meta property=\"og:title\" content=\"Impressora de Producci\u00f3 PRO C5300S - Sistemas Digitales\" \/>\n<meta property=\"og:description\" content=\"Impressora de producci\u00f3  A3 \/ Color  Velocitat d&#039;impressi\u00f3: 80 PPM\" \/>\n<meta property=\"og:url\" content=\"https:\/\/www.sistemas-catalunya.com\/ca\/producte\/pro-c5300s\/\" \/>\n<meta property=\"og:site_name\" content=\"Sistemas Digitales\" \/>\n<meta property=\"article:modified_time\" content=\"2025-07-21T22:42:34+00:00\" \/>\n<meta property=\"og:image\" content=\"https:\/\/www.sistemas-catalunya.com\/wp-content\/uploads\/2020\/11\/proc5300s.jpg\" \/>\n\t<meta property=\"og:image:width\" content=\"1559\" \/>\n\t<meta property=\"og:image:height\" content=\"846\" \/>\n\t<meta property=\"og:image:type\" content=\"image\/jpeg\" \/>\n<meta name=\"twitter:card\" content=\"summary_large_image\" \/>\n<meta name=\"twitter:label1\" content=\"Temps estimat de lectura\" \/>\n\t<meta name=\"twitter:data1\" content=\"1 minut\" \/>\n<script type=\"application\/ld+json\" class=\"yoast-schema-graph\">{\"@context\":\"https:\\\/\\\/schema.org\",\"@graph\":[{\"@type\":\"WebPage\",\"@id\":\"https:\\\/\\\/www.sistemas-catalunya.com\\\/ca\\\/producte\\\/pro-c5300s\\\/\",\"url\":\"https:\\\/\\\/www.sistemas-catalunya.com\\\/ca\\\/producte\\\/pro-c5300s\\\/\",\"name\":\"Impressora de Producci\u00f3 PRO C5300S - Sistemas Digitales\",\"isPartOf\":{\"@id\":\"https:\\\/\\\/www.sistemas-catalunya.com\\\/ca\\\/#website\"},\"primaryImageOfPage\":{\"@id\":\"https:\\\/\\\/www.sistemas-catalunya.com\\\/ca\\\/producte\\\/pro-c5300s\\\/#primaryimage\"},\"image\":{\"@id\":\"https:\\\/\\\/www.sistemas-catalunya.com\\\/ca\\\/producte\\\/pro-c5300s\\\/#primaryimage\"},\"thumbnailUrl\":\"https:\\\/\\\/www.sistemas-catalunya.com\\\/wp-content\\\/uploads\\\/2020\\\/11\\\/proc5300s.jpg\",\"datePublished\":\"2020-11-26T10:17:55+00:00\",\"dateModified\":\"2025-07-21T22:42:34+00:00\",\"breadcrumb\":{\"@id\":\"https:\\\/\\\/www.sistemas-catalunya.com\\\/ca\\\/producte\\\/pro-c5300s\\\/#breadcrumb\"},\"inLanguage\":\"ca\",\"potentialAction\":[{\"@type\":\"ReadAction\",\"target\":[\"https:\\\/\\\/www.sistemas-catalunya.com\\\/ca\\\/producte\\\/pro-c5300s\\\/\"]}]},{\"@type\":\"ImageObject\",\"inLanguage\":\"ca\",\"@id\":\"https:\\\/\\\/www.sistemas-catalunya.com\\\/ca\\\/producte\\\/pro-c5300s\\\/#primaryimage\",\"url\":\"https:\\\/\\\/www.sistemas-catalunya.com\\\/wp-content\\\/uploads\\\/2020\\\/11\\\/proc5300s.jpg\",\"contentUrl\":\"https:\\\/\\\/www.sistemas-catalunya.com\\\/wp-content\\\/uploads\\\/2020\\\/11\\\/proc5300s.jpg\",\"width\":1559,\"height\":846,\"caption\":\"proc5300s\"},{\"@type\":\"BreadcrumbList\",\"@id\":\"https:\\\/\\\/www.sistemas-catalunya.com\\\/ca\\\/producte\\\/pro-c5300s\\\/#breadcrumb\",\"itemListElement\":[{\"@type\":\"ListItem\",\"position\":1,\"name\":\"Sistemas Catalunya\",\"item\":\"https:\\\/\\\/www.sistemas-catalunya.com\\\/ca\\\/\"},{\"@type\":\"ListItem\",\"position\":2,\"name\":\"Productes\",\"item\":\"https:\\\/\\\/www.sistemas-catalunya.com\\\/ca\\\/productes\\\/\"},{\"@type\":\"ListItem\",\"position\":3,\"name\":\"Impressores de producci\u00f3\",\"item\":\"https:\\\/\\\/www.sistemas-catalunya.com\\\/ca\\\/cat-producto\\\/impressores-de-produccio\\\/\"},{\"@type\":\"ListItem\",\"position\":4,\"name\":\"Impressora de Producci\u00f3 PRO C5300S\"}]},{\"@type\":\"WebSite\",\"@id\":\"https:\\\/\\\/www.sistemas-catalunya.com\\\/ca\\\/#website\",\"url\":\"https:\\\/\\\/www.sistemas-catalunya.com\\\/ca\\\/\",\"name\":\"Sistemas Digitales\",\"description\":\"Renting de Impresoras y Fotocopiadoras ...\",\"potentialAction\":[{\"@type\":\"SearchAction\",\"target\":{\"@type\":\"EntryPoint\",\"urlTemplate\":\"https:\\\/\\\/www.sistemas-catalunya.com\\\/ca\\\/?s={search_term_string}\"},\"query-input\":{\"@type\":\"PropertyValueSpecification\",\"valueRequired\":true,\"valueName\":\"search_term_string\"}}],\"inLanguage\":\"ca\"}]}<\/script>\n<!-- \/ Yoast SEO plugin. -->","yoast_head_json":{"title":"Impressora de Producci\u00f3 PRO C5300S - Sistemas Digitales","robots":{"index":"index","follow":"follow","max-snippet":"max-snippet:-1","max-image-preview":"max-image-preview:large","max-video-preview":"max-video-preview:-1"},"canonical":"https:\/\/www.sistemas-catalunya.com\/ca\/producte\/pro-c5300s\/","og_locale":"ca_ES","og_type":"article","og_title":"Impressora de Producci\u00f3 PRO C5300S - Sistemas Digitales","og_description":"Impressora de producci\u00f3  A3 \/ Color  Velocitat d'impressi\u00f3: 80 PPM","og_url":"https:\/\/www.sistemas-catalunya.com\/ca\/producte\/pro-c5300s\/","og_site_name":"Sistemas Digitales","article_modified_time":"2025-07-21T22:42:34+00:00","og_image":[{"width":1559,"height":846,"url":"https:\/\/www.sistemas-catalunya.com\/wp-content\/uploads\/2020\/11\/proc5300s.jpg","type":"image\/jpeg"}],"twitter_card":"summary_large_image","twitter_misc":{"Temps estimat de lectura":"1 minut"},"schema":{"@context":"https:\/\/schema.org","@graph":[{"@type":"WebPage","@id":"https:\/\/www.sistemas-catalunya.com\/ca\/producte\/pro-c5300s\/","url":"https:\/\/www.sistemas-catalunya.com\/ca\/producte\/pro-c5300s\/","name":"Impressora de Producci\u00f3 PRO C5300S - Sistemas Digitales","isPartOf":{"@id":"https:\/\/www.sistemas-catalunya.com\/ca\/#website"},"primaryImageOfPage":{"@id":"https:\/\/www.sistemas-catalunya.com\/ca\/producte\/pro-c5300s\/#primaryimage"},"image":{"@id":"https:\/\/www.sistemas-catalunya.com\/ca\/producte\/pro-c5300s\/#primaryimage"},"thumbnailUrl":"https:\/\/www.sistemas-catalunya.com\/wp-content\/uploads\/2020\/11\/proc5300s.jpg","datePublished":"2020-11-26T10:17:55+00:00","dateModified":"2025-07-21T22:42:34+00:00","breadcrumb":{"@id":"https:\/\/www.sistemas-catalunya.com\/ca\/producte\/pro-c5300s\/#breadcrumb"},"inLanguage":"ca","potentialAction":[{"@type":"ReadAction","target":["https:\/\/www.sistemas-catalunya.com\/ca\/producte\/pro-c5300s\/"]}]},{"@type":"ImageObject","inLanguage":"ca","@id":"https:\/\/www.sistemas-catalunya.com\/ca\/producte\/pro-c5300s\/#primaryimage","url":"https:\/\/www.sistemas-catalunya.com\/wp-content\/uploads\/2020\/11\/proc5300s.jpg","contentUrl":"https:\/\/www.sistemas-catalunya.com\/wp-content\/uploads\/2020\/11\/proc5300s.jpg","width":1559,"height":846,"caption":"proc5300s"},{"@type":"BreadcrumbList","@id":"https:\/\/www.sistemas-catalunya.com\/ca\/producte\/pro-c5300s\/#breadcrumb","itemListElement":[{"@type":"ListItem","position":1,"name":"Sistemas Catalunya","item":"https:\/\/www.sistemas-catalunya.com\/ca\/"},{"@type":"ListItem","position":2,"name":"Productes","item":"https:\/\/www.sistemas-catalunya.com\/ca\/productes\/"},{"@type":"ListItem","position":3,"name":"Impressores de producci\u00f3","item":"https:\/\/www.sistemas-catalunya.com\/ca\/cat-producto\/impressores-de-produccio\/"},{"@type":"ListItem","position":4,"name":"Impressora de Producci\u00f3 PRO C5300S"}]},{"@type":"WebSite","@id":"https:\/\/www.sistemas-catalunya.com\/ca\/#website","url":"https:\/\/www.sistemas-catalunya.com\/ca\/","name":"Sistemas Digitales","description":"Renting de Impresoras y Fotocopiadoras ...","potentialAction":[{"@type":"SearchAction","target":{"@type":"EntryPoint","urlTemplate":"https:\/\/www.sistemas-catalunya.com\/ca\/?s={search_term_string}"},"query-input":{"@type":"PropertyValueSpecification","valueRequired":true,"valueName":"search_term_string"}}],"inLanguage":"ca"}]}},"_links":{"self":[{"href":"https:\/\/www.sistemas-catalunya.com\/ca\/wp-json\/wp\/v2\/product\/241926","targetHints":{"allow":["GET"]}}],"collection":[{"href":"https:\/\/www.sistemas-catalunya.com\/ca\/wp-json\/wp\/v2\/product"}],"about":[{"href":"https:\/\/www.sistemas-catalunya.com\/ca\/wp-json\/wp\/v2\/types\/product"}],"replies":[{"embeddable":true,"href":"https:\/\/www.sistemas-catalunya.com\/ca\/wp-json\/wp\/v2\/comments?post=241926"}],"wp:featuredmedia":[{"embeddable":true,"href":"https:\/\/www.sistemas-catalunya.com\/ca\/wp-json\/wp\/v2\/media\/240080"}],"wp:attachment":[{"href":"https:\/\/www.sistemas-catalunya.com\/ca\/wp-json\/wp\/v2\/media?parent=241926"}],"wp:term":[{"taxonomy":"product_brand","embeddable":true,"href":"https:\/\/www.sistemas-catalunya.com\/ca\/wp-json\/wp\/v2\/product_brand?post=241926"},{"taxonomy":"product_cat","embeddable":true,"href":"https:\/\/www.sistemas-catalunya.com\/ca\/wp-json\/wp\/v2\/product_cat?post=241926"},{"taxonomy":"product_tag","embeddable":true,"href":"https:\/\/www.sistemas-catalunya.com\/ca\/wp-json\/wp\/v2\/product_tag?post=241926"}],"curies":[{"name":"wp","href":"https:\/\/api.w.org\/{rel}","templated":true}]}}