{"id":241931,"date":"2020-11-26T11:17:53","date_gmt":"2020-11-26T10:17:53","guid":{"rendered":"https:\/\/www.sistemas-catalunya.com\/producto\/pro8320\/"},"modified":"2025-07-21T23:42:27","modified_gmt":"2025-07-21T22:42:27","slug":"pro8320","status":"publish","type":"product","link":"https:\/\/www.sistemas-catalunya.com\/ca\/producte\/pro8320\/","title":{"rendered":"Impressora de Producci\u00f3 PRO8320"},"content":{"rendered":"<h2>Impressora de producci\u00f3 PRO8320<\/h2>\n<p>En un entorn tan competitiu com el que vivim, la s\u00e8rie PRO 8320 us proporcionar\u00e0 la qualitat professional que el vostre negoci necessita. S\u00f3n impressores de producci\u00f3 en blanc i negre i fulla tallada d&#8217;alta gamma que ofereixen una s\u00e8rie de capacitats vers\u00e0tils i eficients. Entre les quals destaquen, per exemple, la de produir documents en blanc i negre fins a 136 PPM, i amb una \u00e0mplia compatibilitat de suports, que admet gramatges des de 40-350 g\/m2 fins a 700 mm de longitud. Tamb\u00e9 compta amb un finisher capa\u00e7 de produir fullets de 30 fulls a 80 g\/m2 i dues safates amb una capacitat d&#8217;apilat de 4400 fulls per maximitzar la productivitat, entre moltes altres qualitats que la fan destacar per la seva professionalitat.   <\/p>\n<h4>Especificacions impressora de producci\u00f3 PRO8320<\/h4>\n<ul>\n<li><em>Categoria:<\/em> Impressores de producci\u00f3<\/li>\n<li><em>Mida paper:<\/em> A3<\/li>\n<li><em>Color\/BN:<\/em> Blanc i Negre<\/li>\n<li><em>Velocitat:<\/em> 136 PPM<\/li>\n<\/ul>\n","protected":false},"excerpt":{"rendered":"<p>Impressora de producci\u00f3<\/p>\n<p> A3 \/ Blanc i Negre<\/p>\n<p> Velocitat d&#8217;impressi\u00f3: 136 PPM<\/p>\n","protected":false},"featured_media":240090,"comment_status":"open","ping_status":"closed","template":"","meta":{"_acf_changed":false},"product_brand":[],"product_cat":[189],"product_tag":[],"class_list":{"0":"post-241931","1":"product","2":"type-product","3":"status-publish","4":"has-post-thumbnail","6":"product_cat-impressores-de-produccio","7":"pa_color-a3-ca","9":"first","10":"instock","11":"taxable","12":"shipping-taxable","13":"product-type-simple"},"acf":[],"yoast_head":"<!-- This site is optimized with the Yoast SEO plugin v27.4 - https:\/\/yoast.com\/product\/yoast-seo-wordpress\/ -->\n<title>Impressora de Producci\u00f3 PRO8320 - Sistemas Digitales<\/title>\n<meta name=\"robots\" content=\"index, follow, max-snippet:-1, max-image-preview:large, max-video-preview:-1\" \/>\n<link rel=\"canonical\" href=\"https:\/\/www.sistemas-catalunya.com\/ca\/producte\/pro8320\/\" \/>\n<meta property=\"og:locale\" content=\"ca_ES\" \/>\n<meta property=\"og:type\" content=\"article\" \/>\n<meta property=\"og:title\" content=\"Impressora de Producci\u00f3 PRO8320 - Sistemas Digitales\" \/>\n<meta property=\"og:description\" content=\"Impressora de producci\u00f3  A3 \/ Blanc i Negre  Velocitat d&#039;impressi\u00f3: 136 PPM\" \/>\n<meta property=\"og:url\" content=\"https:\/\/www.sistemas-catalunya.com\/ca\/producte\/pro8320\/\" \/>\n<meta property=\"og:site_name\" content=\"Sistemas Digitales\" \/>\n<meta property=\"article:modified_time\" content=\"2025-07-21T22:42:27+00:00\" \/>\n<meta property=\"og:image\" content=\"https:\/\/www.sistemas-catalunya.com\/wp-content\/uploads\/2020\/11\/pro8320.png\" \/>\n\t<meta property=\"og:image:width\" content=\"504\" \/>\n\t<meta property=\"og:image:height\" content=\"528\" \/>\n\t<meta property=\"og:image:type\" content=\"image\/png\" \/>\n<meta name=\"twitter:card\" content=\"summary_large_image\" \/>\n<meta name=\"twitter:label1\" content=\"Temps estimat de lectura\" \/>\n\t<meta name=\"twitter:data1\" content=\"1 minut\" \/>\n<script type=\"application\/ld+json\" class=\"yoast-schema-graph\">{\"@context\":\"https:\\\/\\\/schema.org\",\"@graph\":[{\"@type\":\"WebPage\",\"@id\":\"https:\\\/\\\/www.sistemas-catalunya.com\\\/ca\\\/producte\\\/pro8320\\\/\",\"url\":\"https:\\\/\\\/www.sistemas-catalunya.com\\\/ca\\\/producte\\\/pro8320\\\/\",\"name\":\"Impressora de Producci\u00f3 PRO8320 - Sistemas Digitales\",\"isPartOf\":{\"@id\":\"https:\\\/\\\/www.sistemas-catalunya.com\\\/ca\\\/#website\"},\"primaryImageOfPage\":{\"@id\":\"https:\\\/\\\/www.sistemas-catalunya.com\\\/ca\\\/producte\\\/pro8320\\\/#primaryimage\"},\"image\":{\"@id\":\"https:\\\/\\\/www.sistemas-catalunya.com\\\/ca\\\/producte\\\/pro8320\\\/#primaryimage\"},\"thumbnailUrl\":\"https:\\\/\\\/www.sistemas-catalunya.com\\\/wp-content\\\/uploads\\\/2020\\\/11\\\/pro8320.png\",\"datePublished\":\"2020-11-26T10:17:53+00:00\",\"dateModified\":\"2025-07-21T22:42:27+00:00\",\"breadcrumb\":{\"@id\":\"https:\\\/\\\/www.sistemas-catalunya.com\\\/ca\\\/producte\\\/pro8320\\\/#breadcrumb\"},\"inLanguage\":\"ca\",\"potentialAction\":[{\"@type\":\"ReadAction\",\"target\":[\"https:\\\/\\\/www.sistemas-catalunya.com\\\/ca\\\/producte\\\/pro8320\\\/\"]}]},{\"@type\":\"ImageObject\",\"inLanguage\":\"ca\",\"@id\":\"https:\\\/\\\/www.sistemas-catalunya.com\\\/ca\\\/producte\\\/pro8320\\\/#primaryimage\",\"url\":\"https:\\\/\\\/www.sistemas-catalunya.com\\\/wp-content\\\/uploads\\\/2020\\\/11\\\/pro8320.png\",\"contentUrl\":\"https:\\\/\\\/www.sistemas-catalunya.com\\\/wp-content\\\/uploads\\\/2020\\\/11\\\/pro8320.png\",\"width\":504,\"height\":528,\"caption\":\"pro8320\"},{\"@type\":\"BreadcrumbList\",\"@id\":\"https:\\\/\\\/www.sistemas-catalunya.com\\\/ca\\\/producte\\\/pro8320\\\/#breadcrumb\",\"itemListElement\":[{\"@type\":\"ListItem\",\"position\":1,\"name\":\"Sistemas Catalunya\",\"item\":\"https:\\\/\\\/www.sistemas-catalunya.com\\\/ca\\\/\"},{\"@type\":\"ListItem\",\"position\":2,\"name\":\"Productes\",\"item\":\"https:\\\/\\\/www.sistemas-catalunya.com\\\/ca\\\/productes\\\/\"},{\"@type\":\"ListItem\",\"position\":3,\"name\":\"Impressores de producci\u00f3\",\"item\":\"https:\\\/\\\/www.sistemas-catalunya.com\\\/ca\\\/cat-producto\\\/impressores-de-produccio\\\/\"},{\"@type\":\"ListItem\",\"position\":4,\"name\":\"Impressora de Producci\u00f3 PRO8320\"}]},{\"@type\":\"WebSite\",\"@id\":\"https:\\\/\\\/www.sistemas-catalunya.com\\\/ca\\\/#website\",\"url\":\"https:\\\/\\\/www.sistemas-catalunya.com\\\/ca\\\/\",\"name\":\"Sistemas Digitales\",\"description\":\"Renting de Impresoras y Fotocopiadoras ...\",\"potentialAction\":[{\"@type\":\"SearchAction\",\"target\":{\"@type\":\"EntryPoint\",\"urlTemplate\":\"https:\\\/\\\/www.sistemas-catalunya.com\\\/ca\\\/?s={search_term_string}\"},\"query-input\":{\"@type\":\"PropertyValueSpecification\",\"valueRequired\":true,\"valueName\":\"search_term_string\"}}],\"inLanguage\":\"ca\"}]}<\/script>\n<!-- \/ Yoast SEO plugin. -->","yoast_head_json":{"title":"Impressora de Producci\u00f3 PRO8320 - Sistemas Digitales","robots":{"index":"index","follow":"follow","max-snippet":"max-snippet:-1","max-image-preview":"max-image-preview:large","max-video-preview":"max-video-preview:-1"},"canonical":"https:\/\/www.sistemas-catalunya.com\/ca\/producte\/pro8320\/","og_locale":"ca_ES","og_type":"article","og_title":"Impressora de Producci\u00f3 PRO8320 - Sistemas Digitales","og_description":"Impressora de producci\u00f3  A3 \/ Blanc i Negre  Velocitat d'impressi\u00f3: 136 PPM","og_url":"https:\/\/www.sistemas-catalunya.com\/ca\/producte\/pro8320\/","og_site_name":"Sistemas Digitales","article_modified_time":"2025-07-21T22:42:27+00:00","og_image":[{"width":504,"height":528,"url":"https:\/\/www.sistemas-catalunya.com\/wp-content\/uploads\/2020\/11\/pro8320.png","type":"image\/png"}],"twitter_card":"summary_large_image","twitter_misc":{"Temps estimat de lectura":"1 minut"},"schema":{"@context":"https:\/\/schema.org","@graph":[{"@type":"WebPage","@id":"https:\/\/www.sistemas-catalunya.com\/ca\/producte\/pro8320\/","url":"https:\/\/www.sistemas-catalunya.com\/ca\/producte\/pro8320\/","name":"Impressora de Producci\u00f3 PRO8320 - Sistemas Digitales","isPartOf":{"@id":"https:\/\/www.sistemas-catalunya.com\/ca\/#website"},"primaryImageOfPage":{"@id":"https:\/\/www.sistemas-catalunya.com\/ca\/producte\/pro8320\/#primaryimage"},"image":{"@id":"https:\/\/www.sistemas-catalunya.com\/ca\/producte\/pro8320\/#primaryimage"},"thumbnailUrl":"https:\/\/www.sistemas-catalunya.com\/wp-content\/uploads\/2020\/11\/pro8320.png","datePublished":"2020-11-26T10:17:53+00:00","dateModified":"2025-07-21T22:42:27+00:00","breadcrumb":{"@id":"https:\/\/www.sistemas-catalunya.com\/ca\/producte\/pro8320\/#breadcrumb"},"inLanguage":"ca","potentialAction":[{"@type":"ReadAction","target":["https:\/\/www.sistemas-catalunya.com\/ca\/producte\/pro8320\/"]}]},{"@type":"ImageObject","inLanguage":"ca","@id":"https:\/\/www.sistemas-catalunya.com\/ca\/producte\/pro8320\/#primaryimage","url":"https:\/\/www.sistemas-catalunya.com\/wp-content\/uploads\/2020\/11\/pro8320.png","contentUrl":"https:\/\/www.sistemas-catalunya.com\/wp-content\/uploads\/2020\/11\/pro8320.png","width":504,"height":528,"caption":"pro8320"},{"@type":"BreadcrumbList","@id":"https:\/\/www.sistemas-catalunya.com\/ca\/producte\/pro8320\/#breadcrumb","itemListElement":[{"@type":"ListItem","position":1,"name":"Sistemas Catalunya","item":"https:\/\/www.sistemas-catalunya.com\/ca\/"},{"@type":"ListItem","position":2,"name":"Productes","item":"https:\/\/www.sistemas-catalunya.com\/ca\/productes\/"},{"@type":"ListItem","position":3,"name":"Impressores de producci\u00f3","item":"https:\/\/www.sistemas-catalunya.com\/ca\/cat-producto\/impressores-de-produccio\/"},{"@type":"ListItem","position":4,"name":"Impressora de Producci\u00f3 PRO8320"}]},{"@type":"WebSite","@id":"https:\/\/www.sistemas-catalunya.com\/ca\/#website","url":"https:\/\/www.sistemas-catalunya.com\/ca\/","name":"Sistemas Digitales","description":"Renting de Impresoras y Fotocopiadoras ...","potentialAction":[{"@type":"SearchAction","target":{"@type":"EntryPoint","urlTemplate":"https:\/\/www.sistemas-catalunya.com\/ca\/?s={search_term_string}"},"query-input":{"@type":"PropertyValueSpecification","valueRequired":true,"valueName":"search_term_string"}}],"inLanguage":"ca"}]}},"_links":{"self":[{"href":"https:\/\/www.sistemas-catalunya.com\/ca\/wp-json\/wp\/v2\/product\/241931","targetHints":{"allow":["GET"]}}],"collection":[{"href":"https:\/\/www.sistemas-catalunya.com\/ca\/wp-json\/wp\/v2\/product"}],"about":[{"href":"https:\/\/www.sistemas-catalunya.com\/ca\/wp-json\/wp\/v2\/types\/product"}],"replies":[{"embeddable":true,"href":"https:\/\/www.sistemas-catalunya.com\/ca\/wp-json\/wp\/v2\/comments?post=241931"}],"wp:featuredmedia":[{"embeddable":true,"href":"https:\/\/www.sistemas-catalunya.com\/ca\/wp-json\/wp\/v2\/media\/240090"}],"wp:attachment":[{"href":"https:\/\/www.sistemas-catalunya.com\/ca\/wp-json\/wp\/v2\/media?parent=241931"}],"wp:term":[{"taxonomy":"product_brand","embeddable":true,"href":"https:\/\/www.sistemas-catalunya.com\/ca\/wp-json\/wp\/v2\/product_brand?post=241931"},{"taxonomy":"product_cat","embeddable":true,"href":"https:\/\/www.sistemas-catalunya.com\/ca\/wp-json\/wp\/v2\/product_cat?post=241931"},{"taxonomy":"product_tag","embeddable":true,"href":"https:\/\/www.sistemas-catalunya.com\/ca\/wp-json\/wp\/v2\/product_tag?post=241931"}],"curies":[{"name":"wp","href":"https:\/\/api.w.org\/{rel}","templated":true}]}}