{"id":241933,"date":"2020-11-26T11:17:53","date_gmt":"2020-11-26T10:17:53","guid":{"rendered":"https:\/\/www.sistemas-catalunya.com\/producto\/pro-c7200sx-mpf-5-col\/"},"modified":"2025-07-21T23:42:19","modified_gmt":"2025-07-21T22:42:19","slug":"pro-c7200sx-mpf-5-col","status":"publish","type":"product","link":"https:\/\/www.sistemas-catalunya.com\/ca\/producte\/pro-c7200sx-mpf-5-col\/","title":{"rendered":"Impressora de Producci\u00f3 PRO C7200SX MPF 5 COL."},"content":{"rendered":"<h2>Impressora de producci\u00f3 PRO C7200SX MPF 5 COL.<\/h2>\n<p>Amplia el teu negoci amb aquestes impressores digitals innovadores. Aconsegueix un creixement dels beneficis amb aquesta econ\u00f2mica impressora digital que afegeix impacte a les teves ofertes gr\u00e0cies a l&#8217;extensa gamma de colors que ofereix. La s\u00e8rie Pro C7200SX proporciona una qualitat d&#8217;imatge excel\u00b7lent, amb opcions d&#8217;impressi\u00f3 de grans mides i una \u00e0mplia disponibilitat de suports. La cinquena estaci\u00f3 de color permet anar m\u00e9s enll\u00e0 del CMYK per produir materials \u00fanics que puguin atreure comandes m\u00e9s exclusives amb preus d&#8217;acord amb el treball realitzat.   <\/p>\n<h3>Especificacions impressora de producci\u00f3 PRO C7200SX MPF 5 COL.<\/h3>\n<ul>\n<li><em>Categoria:<\/em> Impressora de producci\u00f3<\/li>\n<li><em>Mida paper:<\/em> A3<\/li>\n<li><em>Color\/BN:<\/em> Color<\/li>\n<li><em>Velocitat:<\/em> 85 PPM<\/li>\n<\/ul>\n","protected":false},"excerpt":{"rendered":"<p>Impressora de producci\u00f3<\/p>\n<p> A3 \/ Color<\/p>\n<p> Velocitat d&#8217;impressi\u00f3: 85 PPM<\/p>\n","protected":false},"featured_media":240094,"comment_status":"open","ping_status":"closed","template":"","meta":{"_acf_changed":false},"product_brand":[],"product_cat":[189],"product_tag":[],"class_list":{"0":"post-241933","1":"product","2":"type-product","3":"status-publish","4":"has-post-thumbnail","6":"product_cat-impressores-de-produccio","7":"pa_color-a3-ca","9":"first","10":"instock","11":"taxable","12":"shipping-taxable","13":"product-type-simple"},"acf":[],"yoast_head":"<!-- This site is optimized with the Yoast SEO plugin v27.3 - https:\/\/yoast.com\/product\/yoast-seo-wordpress\/ -->\n<title>Impressora de Producci\u00f3 PRO C7200SX MPF 5 COL. - Sistemas Digitales<\/title>\n<meta name=\"robots\" content=\"index, follow, max-snippet:-1, max-image-preview:large, max-video-preview:-1\" \/>\n<link rel=\"canonical\" href=\"https:\/\/www.sistemas-catalunya.com\/ca\/producte\/pro-c7200sx-mpf-5-col\/\" \/>\n<meta property=\"og:locale\" content=\"ca_ES\" \/>\n<meta property=\"og:type\" content=\"article\" \/>\n<meta property=\"og:title\" content=\"Impressora de Producci\u00f3 PRO C7200SX MPF 5 COL. - Sistemas Digitales\" \/>\n<meta property=\"og:description\" content=\"Impressora de producci\u00f3  A3 \/ Color  Velocitat d&#039;impressi\u00f3: 85 PPM\" \/>\n<meta property=\"og:url\" content=\"https:\/\/www.sistemas-catalunya.com\/ca\/producte\/pro-c7200sx-mpf-5-col\/\" \/>\n<meta property=\"og:site_name\" content=\"Sistemas Digitales\" \/>\n<meta property=\"article:modified_time\" content=\"2025-07-21T22:42:19+00:00\" \/>\n<meta property=\"og:image\" content=\"https:\/\/www.sistemas-catalunya.com\/wp-content\/uploads\/2020\/11\/proc7200sx-mpf-5-col..png\" \/>\n\t<meta property=\"og:image:width\" content=\"504\" \/>\n\t<meta property=\"og:image:height\" content=\"528\" \/>\n\t<meta property=\"og:image:type\" content=\"image\/png\" \/>\n<meta name=\"twitter:card\" content=\"summary_large_image\" \/>\n<meta name=\"twitter:label1\" content=\"Temps estimat de lectura\" \/>\n\t<meta name=\"twitter:data1\" content=\"1 minut\" \/>\n<script type=\"application\/ld+json\" class=\"yoast-schema-graph\">{\"@context\":\"https:\\\/\\\/schema.org\",\"@graph\":[{\"@type\":\"WebPage\",\"@id\":\"https:\\\/\\\/www.sistemas-catalunya.com\\\/ca\\\/producte\\\/pro-c7200sx-mpf-5-col\\\/\",\"url\":\"https:\\\/\\\/www.sistemas-catalunya.com\\\/ca\\\/producte\\\/pro-c7200sx-mpf-5-col\\\/\",\"name\":\"Impressora de Producci\u00f3 PRO C7200SX MPF 5 COL. - Sistemas Digitales\",\"isPartOf\":{\"@id\":\"https:\\\/\\\/www.sistemas-catalunya.com\\\/ca\\\/#website\"},\"primaryImageOfPage\":{\"@id\":\"https:\\\/\\\/www.sistemas-catalunya.com\\\/ca\\\/producte\\\/pro-c7200sx-mpf-5-col\\\/#primaryimage\"},\"image\":{\"@id\":\"https:\\\/\\\/www.sistemas-catalunya.com\\\/ca\\\/producte\\\/pro-c7200sx-mpf-5-col\\\/#primaryimage\"},\"thumbnailUrl\":\"https:\\\/\\\/www.sistemas-catalunya.com\\\/wp-content\\\/uploads\\\/2020\\\/11\\\/proc7200sx-mpf-5-col..png\",\"datePublished\":\"2020-11-26T10:17:53+00:00\",\"dateModified\":\"2025-07-21T22:42:19+00:00\",\"breadcrumb\":{\"@id\":\"https:\\\/\\\/www.sistemas-catalunya.com\\\/ca\\\/producte\\\/pro-c7200sx-mpf-5-col\\\/#breadcrumb\"},\"inLanguage\":\"ca\",\"potentialAction\":[{\"@type\":\"ReadAction\",\"target\":[\"https:\\\/\\\/www.sistemas-catalunya.com\\\/ca\\\/producte\\\/pro-c7200sx-mpf-5-col\\\/\"]}]},{\"@type\":\"ImageObject\",\"inLanguage\":\"ca\",\"@id\":\"https:\\\/\\\/www.sistemas-catalunya.com\\\/ca\\\/producte\\\/pro-c7200sx-mpf-5-col\\\/#primaryimage\",\"url\":\"https:\\\/\\\/www.sistemas-catalunya.com\\\/wp-content\\\/uploads\\\/2020\\\/11\\\/proc7200sx-mpf-5-col..png\",\"contentUrl\":\"https:\\\/\\\/www.sistemas-catalunya.com\\\/wp-content\\\/uploads\\\/2020\\\/11\\\/proc7200sx-mpf-5-col..png\",\"width\":504,\"height\":528,\"caption\":\"proc7200sx mpf 5 col.\"},{\"@type\":\"BreadcrumbList\",\"@id\":\"https:\\\/\\\/www.sistemas-catalunya.com\\\/ca\\\/producte\\\/pro-c7200sx-mpf-5-col\\\/#breadcrumb\",\"itemListElement\":[{\"@type\":\"ListItem\",\"position\":1,\"name\":\"Sistemas Catalunya\",\"item\":\"https:\\\/\\\/www.sistemas-catalunya.com\\\/ca\\\/\"},{\"@type\":\"ListItem\",\"position\":2,\"name\":\"Productes\",\"item\":\"https:\\\/\\\/www.sistemas-catalunya.com\\\/ca\\\/productes\\\/\"},{\"@type\":\"ListItem\",\"position\":3,\"name\":\"Impressores de producci\u00f3\",\"item\":\"https:\\\/\\\/www.sistemas-catalunya.com\\\/ca\\\/cat-producto\\\/impressores-de-produccio\\\/\"},{\"@type\":\"ListItem\",\"position\":4,\"name\":\"Impressora de Producci\u00f3 PRO C7200SX MPF 5 COL.\"}]},{\"@type\":\"WebSite\",\"@id\":\"https:\\\/\\\/www.sistemas-catalunya.com\\\/ca\\\/#website\",\"url\":\"https:\\\/\\\/www.sistemas-catalunya.com\\\/ca\\\/\",\"name\":\"Sistemas Digitales\",\"description\":\"Renting de Impresoras y Fotocopiadoras ...\",\"potentialAction\":[{\"@type\":\"SearchAction\",\"target\":{\"@type\":\"EntryPoint\",\"urlTemplate\":\"https:\\\/\\\/www.sistemas-catalunya.com\\\/ca\\\/?s={search_term_string}\"},\"query-input\":{\"@type\":\"PropertyValueSpecification\",\"valueRequired\":true,\"valueName\":\"search_term_string\"}}],\"inLanguage\":\"ca\"}]}<\/script>\n<!-- \/ Yoast SEO plugin. -->","yoast_head_json":{"title":"Impressora de Producci\u00f3 PRO C7200SX MPF 5 COL. - Sistemas Digitales","robots":{"index":"index","follow":"follow","max-snippet":"max-snippet:-1","max-image-preview":"max-image-preview:large","max-video-preview":"max-video-preview:-1"},"canonical":"https:\/\/www.sistemas-catalunya.com\/ca\/producte\/pro-c7200sx-mpf-5-col\/","og_locale":"ca_ES","og_type":"article","og_title":"Impressora de Producci\u00f3 PRO C7200SX MPF 5 COL. - Sistemas Digitales","og_description":"Impressora de producci\u00f3  A3 \/ Color  Velocitat d'impressi\u00f3: 85 PPM","og_url":"https:\/\/www.sistemas-catalunya.com\/ca\/producte\/pro-c7200sx-mpf-5-col\/","og_site_name":"Sistemas Digitales","article_modified_time":"2025-07-21T22:42:19+00:00","og_image":[{"width":504,"height":528,"url":"https:\/\/www.sistemas-catalunya.com\/wp-content\/uploads\/2020\/11\/proc7200sx-mpf-5-col..png","type":"image\/png"}],"twitter_card":"summary_large_image","twitter_misc":{"Temps estimat de lectura":"1 minut"},"schema":{"@context":"https:\/\/schema.org","@graph":[{"@type":"WebPage","@id":"https:\/\/www.sistemas-catalunya.com\/ca\/producte\/pro-c7200sx-mpf-5-col\/","url":"https:\/\/www.sistemas-catalunya.com\/ca\/producte\/pro-c7200sx-mpf-5-col\/","name":"Impressora de Producci\u00f3 PRO C7200SX MPF 5 COL. - Sistemas Digitales","isPartOf":{"@id":"https:\/\/www.sistemas-catalunya.com\/ca\/#website"},"primaryImageOfPage":{"@id":"https:\/\/www.sistemas-catalunya.com\/ca\/producte\/pro-c7200sx-mpf-5-col\/#primaryimage"},"image":{"@id":"https:\/\/www.sistemas-catalunya.com\/ca\/producte\/pro-c7200sx-mpf-5-col\/#primaryimage"},"thumbnailUrl":"https:\/\/www.sistemas-catalunya.com\/wp-content\/uploads\/2020\/11\/proc7200sx-mpf-5-col..png","datePublished":"2020-11-26T10:17:53+00:00","dateModified":"2025-07-21T22:42:19+00:00","breadcrumb":{"@id":"https:\/\/www.sistemas-catalunya.com\/ca\/producte\/pro-c7200sx-mpf-5-col\/#breadcrumb"},"inLanguage":"ca","potentialAction":[{"@type":"ReadAction","target":["https:\/\/www.sistemas-catalunya.com\/ca\/producte\/pro-c7200sx-mpf-5-col\/"]}]},{"@type":"ImageObject","inLanguage":"ca","@id":"https:\/\/www.sistemas-catalunya.com\/ca\/producte\/pro-c7200sx-mpf-5-col\/#primaryimage","url":"https:\/\/www.sistemas-catalunya.com\/wp-content\/uploads\/2020\/11\/proc7200sx-mpf-5-col..png","contentUrl":"https:\/\/www.sistemas-catalunya.com\/wp-content\/uploads\/2020\/11\/proc7200sx-mpf-5-col..png","width":504,"height":528,"caption":"proc7200sx mpf 5 col."},{"@type":"BreadcrumbList","@id":"https:\/\/www.sistemas-catalunya.com\/ca\/producte\/pro-c7200sx-mpf-5-col\/#breadcrumb","itemListElement":[{"@type":"ListItem","position":1,"name":"Sistemas Catalunya","item":"https:\/\/www.sistemas-catalunya.com\/ca\/"},{"@type":"ListItem","position":2,"name":"Productes","item":"https:\/\/www.sistemas-catalunya.com\/ca\/productes\/"},{"@type":"ListItem","position":3,"name":"Impressores de producci\u00f3","item":"https:\/\/www.sistemas-catalunya.com\/ca\/cat-producto\/impressores-de-produccio\/"},{"@type":"ListItem","position":4,"name":"Impressora de Producci\u00f3 PRO C7200SX MPF 5 COL."}]},{"@type":"WebSite","@id":"https:\/\/www.sistemas-catalunya.com\/ca\/#website","url":"https:\/\/www.sistemas-catalunya.com\/ca\/","name":"Sistemas Digitales","description":"Renting de Impresoras y Fotocopiadoras ...","potentialAction":[{"@type":"SearchAction","target":{"@type":"EntryPoint","urlTemplate":"https:\/\/www.sistemas-catalunya.com\/ca\/?s={search_term_string}"},"query-input":{"@type":"PropertyValueSpecification","valueRequired":true,"valueName":"search_term_string"}}],"inLanguage":"ca"}]}},"_links":{"self":[{"href":"https:\/\/www.sistemas-catalunya.com\/ca\/wp-json\/wp\/v2\/product\/241933","targetHints":{"allow":["GET"]}}],"collection":[{"href":"https:\/\/www.sistemas-catalunya.com\/ca\/wp-json\/wp\/v2\/product"}],"about":[{"href":"https:\/\/www.sistemas-catalunya.com\/ca\/wp-json\/wp\/v2\/types\/product"}],"replies":[{"embeddable":true,"href":"https:\/\/www.sistemas-catalunya.com\/ca\/wp-json\/wp\/v2\/comments?post=241933"}],"wp:featuredmedia":[{"embeddable":true,"href":"https:\/\/www.sistemas-catalunya.com\/ca\/wp-json\/wp\/v2\/media\/240094"}],"wp:attachment":[{"href":"https:\/\/www.sistemas-catalunya.com\/ca\/wp-json\/wp\/v2\/media?parent=241933"}],"wp:term":[{"taxonomy":"product_brand","embeddable":true,"href":"https:\/\/www.sistemas-catalunya.com\/ca\/wp-json\/wp\/v2\/product_brand?post=241933"},{"taxonomy":"product_cat","embeddable":true,"href":"https:\/\/www.sistemas-catalunya.com\/ca\/wp-json\/wp\/v2\/product_cat?post=241933"},{"taxonomy":"product_tag","embeddable":true,"href":"https:\/\/www.sistemas-catalunya.com\/ca\/wp-json\/wp\/v2\/product_tag?post=241933"}],"curies":[{"name":"wp","href":"https:\/\/api.w.org\/{rel}","templated":true}]}}