{"id":241950,"date":"2020-11-26T11:17:46","date_gmt":"2020-11-26T10:17:46","guid":{"rendered":"https:\/\/www.sistemas-catalunya.com\/producto\/p801\/"},"modified":"2025-07-21T23:42:39","modified_gmt":"2025-07-21T22:42:39","slug":"p801","status":"publish","type":"product","link":"https:\/\/www.sistemas-catalunya.com\/ca\/producte\/p801\/","title":{"rendered":"Impressora P801"},"content":{"rendered":"<h2>Impressora P801<\/h2>\n<p>La impressora l\u00e0ser Ricoh P801 ha estat dissenyada tenint en compte la maximitzaci\u00f3 de lespai, per\u00f2 amb el valor afegit duna velocitat elevada de 60 PPM. Per reduir les rec\u00e0rregues, podeu afegir fins a quatre safates de paper i ampliar la capacitat a 2.600 fulls. Aprofita el disseny d&#8217;acc\u00e9s frontal complet per corregir embussos de paper i fer altres tasques de manteniment. Aquesta impressora petita i r\u00e0pida potencia un lloc de treball din\u00e0mic.   <\/p>\n<p>Incessantment productiva, aquesta resistent impressora monocolor A4 millorar\u00e0 la productivitat de l&#8217;oficina i contribuir\u00e0 que el teu negoci compleixi els terminis m\u00e9s exigents. Amb una velocitat d&#8217;impressi\u00f3 de 60 ppm molt productiva i piles de paper en l\u00ednia, la impressora Ricoh P 801 complir\u00e0 f\u00e0cilment els requisits d&#8217;impressi\u00f3 m\u00e9s exigents de grups de treball pel que fa a velocitats elevades i grans volums. A m\u00e9s, amb unes peces de llarga durada i un cartutx de t\u00f2ner de rendiment ultra alt de 40 000 p\u00e0gines que redueix els requisits de manteniment, continuar\u00e0 imprimint durant molt de temps.  <\/p>\n<h3>Especificacions impressora P801<\/h3>\n<ul>\n<li><em>Categoria:<\/em> Impressora monofuncional<\/li>\n<li><em>Mida paper:<\/em> A4<\/li>\n<li><em>Color\/BN:<\/em> Blanc i Negre<\/li>\n<li><em>Velocitat:<\/em> 60 PPM<\/li>\n<li><em>Temps d&#8217;escalfament:<\/em> 21 segons<\/li>\n<li><em>Velocitat de 1a p\u00e0gina:<\/em> B\/N 2,4 segons<\/li>\n<li><em>Mem\u00f2ria:<\/em> est\u00e0ndard 2 GB<\/li>\n<li><em>Mem\u00f2ria:<\/em> m\u00e0xim 2 GB<\/li>\n<li><em>HDD:<\/em> opcional 320 GB<\/li>\n<li><em>Pes:<\/em> 18 kg<\/li>\n<li><em>Dimensions:<\/em> (An x La x Al) 443 x 410 x 365 mm<\/li>\n<li><em>Font d&#8217;alimentaci\u00f3:<\/em> 220-240 V, 50\/60 Hz<\/li>\n<\/ul>\n","protected":false},"excerpt":{"rendered":"<p>Impressora monofuncional<\/p>\n<p> A4 \/ Blanc i Negre<\/p>\n<p> Velocitat d&#8217;impressi\u00f3: 60 PPM<\/p>\n","protected":false},"featured_media":239959,"comment_status":"open","ping_status":"closed","template":"","meta":{"_acf_changed":false},"product_brand":[],"product_cat":[187],"product_tag":[],"class_list":{"0":"post-241950","1":"product","2":"type-product","3":"status-publish","4":"has-post-thumbnail","6":"product_cat-impressores","7":"pa_color-a4-ca","9":"first","10":"instock","11":"taxable","12":"shipping-taxable","13":"product-type-simple"},"acf":[],"yoast_head":"<!-- This site is optimized with the Yoast SEO plugin v27.3 - https:\/\/yoast.com\/product\/yoast-seo-wordpress\/ -->\n<title>Impressora P801 - Sistemas Digitales<\/title>\n<meta name=\"robots\" content=\"index, follow, max-snippet:-1, max-image-preview:large, max-video-preview:-1\" \/>\n<link rel=\"canonical\" href=\"https:\/\/www.sistemas-catalunya.com\/ca\/producte\/p801\/\" \/>\n<meta property=\"og:locale\" content=\"ca_ES\" \/>\n<meta property=\"og:type\" content=\"article\" \/>\n<meta property=\"og:title\" content=\"Impressora P801 - Sistemas Digitales\" \/>\n<meta property=\"og:description\" content=\"Impressora monofuncional  A4 \/ Blanc i Negre  Velocitat d&#039;impressi\u00f3: 60 PPM\" \/>\n<meta property=\"og:url\" content=\"https:\/\/www.sistemas-catalunya.com\/ca\/producte\/p801\/\" \/>\n<meta property=\"og:site_name\" content=\"Sistemas Digitales\" \/>\n<meta property=\"article:modified_time\" content=\"2025-07-21T22:42:39+00:00\" \/>\n<meta property=\"og:image\" content=\"https:\/\/www.sistemas-catalunya.com\/wp-content\/uploads\/2020\/11\/p801.png\" \/>\n\t<meta property=\"og:image:width\" content=\"504\" \/>\n\t<meta property=\"og:image:height\" content=\"528\" \/>\n\t<meta property=\"og:image:type\" content=\"image\/png\" \/>\n<meta name=\"twitter:card\" content=\"summary_large_image\" \/>\n<meta name=\"twitter:label1\" content=\"Temps estimat de lectura\" \/>\n\t<meta name=\"twitter:data1\" content=\"1 minut\" \/>\n<script type=\"application\/ld+json\" class=\"yoast-schema-graph\">{\"@context\":\"https:\\\/\\\/schema.org\",\"@graph\":[{\"@type\":\"WebPage\",\"@id\":\"https:\\\/\\\/www.sistemas-catalunya.com\\\/ca\\\/producte\\\/p801\\\/\",\"url\":\"https:\\\/\\\/www.sistemas-catalunya.com\\\/ca\\\/producte\\\/p801\\\/\",\"name\":\"Impressora P801 - Sistemas Digitales\",\"isPartOf\":{\"@id\":\"https:\\\/\\\/www.sistemas-catalunya.com\\\/ca\\\/#website\"},\"primaryImageOfPage\":{\"@id\":\"https:\\\/\\\/www.sistemas-catalunya.com\\\/ca\\\/producte\\\/p801\\\/#primaryimage\"},\"image\":{\"@id\":\"https:\\\/\\\/www.sistemas-catalunya.com\\\/ca\\\/producte\\\/p801\\\/#primaryimage\"},\"thumbnailUrl\":\"https:\\\/\\\/www.sistemas-catalunya.com\\\/wp-content\\\/uploads\\\/2020\\\/11\\\/p801.png\",\"datePublished\":\"2020-11-26T10:17:46+00:00\",\"dateModified\":\"2025-07-21T22:42:39+00:00\",\"breadcrumb\":{\"@id\":\"https:\\\/\\\/www.sistemas-catalunya.com\\\/ca\\\/producte\\\/p801\\\/#breadcrumb\"},\"inLanguage\":\"ca\",\"potentialAction\":[{\"@type\":\"ReadAction\",\"target\":[\"https:\\\/\\\/www.sistemas-catalunya.com\\\/ca\\\/producte\\\/p801\\\/\"]}]},{\"@type\":\"ImageObject\",\"inLanguage\":\"ca\",\"@id\":\"https:\\\/\\\/www.sistemas-catalunya.com\\\/ca\\\/producte\\\/p801\\\/#primaryimage\",\"url\":\"https:\\\/\\\/www.sistemas-catalunya.com\\\/wp-content\\\/uploads\\\/2020\\\/11\\\/p801.png\",\"contentUrl\":\"https:\\\/\\\/www.sistemas-catalunya.com\\\/wp-content\\\/uploads\\\/2020\\\/11\\\/p801.png\",\"width\":504,\"height\":528,\"caption\":\"p801\"},{\"@type\":\"BreadcrumbList\",\"@id\":\"https:\\\/\\\/www.sistemas-catalunya.com\\\/ca\\\/producte\\\/p801\\\/#breadcrumb\",\"itemListElement\":[{\"@type\":\"ListItem\",\"position\":1,\"name\":\"Sistemas Catalunya\",\"item\":\"https:\\\/\\\/www.sistemas-catalunya.com\\\/ca\\\/\"},{\"@type\":\"ListItem\",\"position\":2,\"name\":\"Productes\",\"item\":\"https:\\\/\\\/www.sistemas-catalunya.com\\\/ca\\\/productes\\\/\"},{\"@type\":\"ListItem\",\"position\":3,\"name\":\"Impressores Ricoh\",\"item\":\"https:\\\/\\\/www.sistemas-catalunya.com\\\/ca\\\/cat-producto\\\/impressores\\\/\"},{\"@type\":\"ListItem\",\"position\":4,\"name\":\"Impressora P801\"}]},{\"@type\":\"WebSite\",\"@id\":\"https:\\\/\\\/www.sistemas-catalunya.com\\\/ca\\\/#website\",\"url\":\"https:\\\/\\\/www.sistemas-catalunya.com\\\/ca\\\/\",\"name\":\"Sistemas Digitales\",\"description\":\"Renting de Impresoras y Fotocopiadoras ...\",\"potentialAction\":[{\"@type\":\"SearchAction\",\"target\":{\"@type\":\"EntryPoint\",\"urlTemplate\":\"https:\\\/\\\/www.sistemas-catalunya.com\\\/ca\\\/?s={search_term_string}\"},\"query-input\":{\"@type\":\"PropertyValueSpecification\",\"valueRequired\":true,\"valueName\":\"search_term_string\"}}],\"inLanguage\":\"ca\"}]}<\/script>\n<!-- \/ Yoast SEO plugin. -->","yoast_head_json":{"title":"Impressora P801 - Sistemas Digitales","robots":{"index":"index","follow":"follow","max-snippet":"max-snippet:-1","max-image-preview":"max-image-preview:large","max-video-preview":"max-video-preview:-1"},"canonical":"https:\/\/www.sistemas-catalunya.com\/ca\/producte\/p801\/","og_locale":"ca_ES","og_type":"article","og_title":"Impressora P801 - Sistemas Digitales","og_description":"Impressora monofuncional  A4 \/ Blanc i Negre  Velocitat d'impressi\u00f3: 60 PPM","og_url":"https:\/\/www.sistemas-catalunya.com\/ca\/producte\/p801\/","og_site_name":"Sistemas Digitales","article_modified_time":"2025-07-21T22:42:39+00:00","og_image":[{"width":504,"height":528,"url":"https:\/\/www.sistemas-catalunya.com\/wp-content\/uploads\/2020\/11\/p801.png","type":"image\/png"}],"twitter_card":"summary_large_image","twitter_misc":{"Temps estimat de lectura":"1 minut"},"schema":{"@context":"https:\/\/schema.org","@graph":[{"@type":"WebPage","@id":"https:\/\/www.sistemas-catalunya.com\/ca\/producte\/p801\/","url":"https:\/\/www.sistemas-catalunya.com\/ca\/producte\/p801\/","name":"Impressora P801 - Sistemas Digitales","isPartOf":{"@id":"https:\/\/www.sistemas-catalunya.com\/ca\/#website"},"primaryImageOfPage":{"@id":"https:\/\/www.sistemas-catalunya.com\/ca\/producte\/p801\/#primaryimage"},"image":{"@id":"https:\/\/www.sistemas-catalunya.com\/ca\/producte\/p801\/#primaryimage"},"thumbnailUrl":"https:\/\/www.sistemas-catalunya.com\/wp-content\/uploads\/2020\/11\/p801.png","datePublished":"2020-11-26T10:17:46+00:00","dateModified":"2025-07-21T22:42:39+00:00","breadcrumb":{"@id":"https:\/\/www.sistemas-catalunya.com\/ca\/producte\/p801\/#breadcrumb"},"inLanguage":"ca","potentialAction":[{"@type":"ReadAction","target":["https:\/\/www.sistemas-catalunya.com\/ca\/producte\/p801\/"]}]},{"@type":"ImageObject","inLanguage":"ca","@id":"https:\/\/www.sistemas-catalunya.com\/ca\/producte\/p801\/#primaryimage","url":"https:\/\/www.sistemas-catalunya.com\/wp-content\/uploads\/2020\/11\/p801.png","contentUrl":"https:\/\/www.sistemas-catalunya.com\/wp-content\/uploads\/2020\/11\/p801.png","width":504,"height":528,"caption":"p801"},{"@type":"BreadcrumbList","@id":"https:\/\/www.sistemas-catalunya.com\/ca\/producte\/p801\/#breadcrumb","itemListElement":[{"@type":"ListItem","position":1,"name":"Sistemas Catalunya","item":"https:\/\/www.sistemas-catalunya.com\/ca\/"},{"@type":"ListItem","position":2,"name":"Productes","item":"https:\/\/www.sistemas-catalunya.com\/ca\/productes\/"},{"@type":"ListItem","position":3,"name":"Impressores Ricoh","item":"https:\/\/www.sistemas-catalunya.com\/ca\/cat-producto\/impressores\/"},{"@type":"ListItem","position":4,"name":"Impressora P801"}]},{"@type":"WebSite","@id":"https:\/\/www.sistemas-catalunya.com\/ca\/#website","url":"https:\/\/www.sistemas-catalunya.com\/ca\/","name":"Sistemas Digitales","description":"Renting de Impresoras y Fotocopiadoras ...","potentialAction":[{"@type":"SearchAction","target":{"@type":"EntryPoint","urlTemplate":"https:\/\/www.sistemas-catalunya.com\/ca\/?s={search_term_string}"},"query-input":{"@type":"PropertyValueSpecification","valueRequired":true,"valueName":"search_term_string"}}],"inLanguage":"ca"}]}},"_links":{"self":[{"href":"https:\/\/www.sistemas-catalunya.com\/ca\/wp-json\/wp\/v2\/product\/241950","targetHints":{"allow":["GET"]}}],"collection":[{"href":"https:\/\/www.sistemas-catalunya.com\/ca\/wp-json\/wp\/v2\/product"}],"about":[{"href":"https:\/\/www.sistemas-catalunya.com\/ca\/wp-json\/wp\/v2\/types\/product"}],"replies":[{"embeddable":true,"href":"https:\/\/www.sistemas-catalunya.com\/ca\/wp-json\/wp\/v2\/comments?post=241950"}],"wp:featuredmedia":[{"embeddable":true,"href":"https:\/\/www.sistemas-catalunya.com\/ca\/wp-json\/wp\/v2\/media\/239959"}],"wp:attachment":[{"href":"https:\/\/www.sistemas-catalunya.com\/ca\/wp-json\/wp\/v2\/media?parent=241950"}],"wp:term":[{"taxonomy":"product_brand","embeddable":true,"href":"https:\/\/www.sistemas-catalunya.com\/ca\/wp-json\/wp\/v2\/product_brand?post=241950"},{"taxonomy":"product_cat","embeddable":true,"href":"https:\/\/www.sistemas-catalunya.com\/ca\/wp-json\/wp\/v2\/product_cat?post=241950"},{"taxonomy":"product_tag","embeddable":true,"href":"https:\/\/www.sistemas-catalunya.com\/ca\/wp-json\/wp\/v2\/product_tag?post=241950"}],"curies":[{"name":"wp","href":"https:\/\/api.w.org\/{rel}","templated":true}]}}