{"id":241983,"date":"2020-11-26T11:17:34","date_gmt":"2020-11-26T10:17:34","guid":{"rendered":"https:\/\/www.sistemas-catalunya.com\/producto\/im430f\/"},"modified":"2025-07-21T23:43:02","modified_gmt":"2025-07-21T22:43:02","slug":"im430f","status":"publish","type":"product","link":"https:\/\/www.sistemas-catalunya.com\/ca\/producte\/im430f\/","title":{"rendered":"Impressora Multifuncional IM430F"},"content":{"rendered":"<p>La IM430F \u00e9s una impressora multifunci\u00f3 petita tot en un, que estalvia espai gr\u00e0cies al disseny compacte i resulta senzilla, f\u00e0cil d&#8217;usar i molt silenciosa, per la qual cosa \u00e9s perfecta per a tot tipus d&#8217;oficines. Aquesta impressora intel\u00b7ligent aprofita la pot\u00e8ncia del n\u00favol per automatitzar els processos documentals quotidians, perqu\u00e8 tu et puguis centrar en altres activitats. Per protegir la informaci\u00f3, admeten l&#8217;autenticaci\u00f3 via targetes intel\u00b7ligents, i aix\u00ed els documents confidencials queden protegits degudament. Les funcions d&#8217;estalvi energ\u00e8tic intel\u00b7ligents redueixen el consum el\u00e8ctric i contribueixen a un cost total de propietat baix.   <\/p>\n<ul>\n<li><em>Categoria:<\/em> Impressora multifuncional<\/li>\n<li><em>Mida paper:<\/em> A4<\/li>\n<li><em>Color\/BN:<\/em> Blanc i Negre<\/li>\n<li><em>Velocitat:<\/em> 43 PPM<\/li>\n<\/ul>\n","protected":false},"excerpt":{"rendered":"<p>Impressora multifuncional<\/p>\n<p> A4 \/ Blanc i Negre<\/p>\n<p> Velocitat d&#8217;impressi\u00f3: 43 PPM<\/p>\n","protected":false},"featured_media":240029,"comment_status":"open","ping_status":"closed","template":"","meta":{"_acf_changed":false},"product_brand":[],"product_cat":[23],"product_tag":[],"class_list":{"0":"post-241983","1":"product","2":"type-product","3":"status-publish","4":"has-post-thumbnail","6":"product_cat-impressores-multifuncionals","7":"pa_color-blanc-negre","9":"first","10":"instock","11":"taxable","12":"shipping-taxable","13":"product-type-simple"},"acf":[],"yoast_head":"<!-- This site is optimized with the Yoast SEO plugin v27.3 - https:\/\/yoast.com\/product\/yoast-seo-wordpress\/ -->\n<title>Impressora Impressora Multifuncional IM430F - Sistemas Digitales<\/title>\n<meta name=\"description\" content=\"La IM430F \u00e9s una impressora multifuncional petita, tot en un, amb un disseny compacte. Resulta senzilla, f\u00e0cil d&#039;utilitzar i molt silenciosa.\" \/>\n<meta name=\"robots\" content=\"index, follow, max-snippet:-1, max-image-preview:large, max-video-preview:-1\" \/>\n<link rel=\"canonical\" href=\"https:\/\/www.sistemas-catalunya.com\/ca\/producte\/im430f\/\" \/>\n<meta property=\"og:locale\" content=\"ca_ES\" \/>\n<meta property=\"og:type\" content=\"article\" \/>\n<meta property=\"og:title\" content=\"Impressora Impressora Multifuncional IM430F - Sistemas Digitales\" \/>\n<meta property=\"og:description\" content=\"La IM430F \u00e9s una impressora multifuncional petita, tot en un, amb un disseny compacte. Resulta senzilla, f\u00e0cil d&#039;utilitzar i molt silenciosa.\" \/>\n<meta property=\"og:url\" content=\"https:\/\/www.sistemas-catalunya.com\/ca\/producte\/im430f\/\" \/>\n<meta property=\"og:site_name\" content=\"Sistemas Digitales\" \/>\n<meta property=\"article:modified_time\" content=\"2025-07-21T22:43:02+00:00\" \/>\n<meta property=\"og:image\" content=\"https:\/\/www.sistemas-catalunya.com\/wp-content\/uploads\/2020\/11\/im430f.jpg\" \/>\n\t<meta property=\"og:image:width\" content=\"504\" \/>\n\t<meta property=\"og:image:height\" content=\"504\" \/>\n\t<meta property=\"og:image:type\" content=\"image\/jpeg\" \/>\n<meta name=\"twitter:card\" content=\"summary_large_image\" \/>\n<meta name=\"twitter:label1\" content=\"Temps estimat de lectura\" \/>\n\t<meta name=\"twitter:data1\" content=\"1 minut\" \/>\n<script type=\"application\/ld+json\" class=\"yoast-schema-graph\">{\"@context\":\"https:\\\/\\\/schema.org\",\"@graph\":[{\"@type\":\"WebPage\",\"@id\":\"https:\\\/\\\/www.sistemas-catalunya.com\\\/ca\\\/producte\\\/im430f\\\/\",\"url\":\"https:\\\/\\\/www.sistemas-catalunya.com\\\/ca\\\/producte\\\/im430f\\\/\",\"name\":\"Impressora Impressora Multifuncional IM430F - Sistemas Digitales\",\"isPartOf\":{\"@id\":\"https:\\\/\\\/www.sistemas-catalunya.com\\\/ca\\\/#website\"},\"primaryImageOfPage\":{\"@id\":\"https:\\\/\\\/www.sistemas-catalunya.com\\\/ca\\\/producte\\\/im430f\\\/#primaryimage\"},\"image\":{\"@id\":\"https:\\\/\\\/www.sistemas-catalunya.com\\\/ca\\\/producte\\\/im430f\\\/#primaryimage\"},\"thumbnailUrl\":\"https:\\\/\\\/www.sistemas-catalunya.com\\\/wp-content\\\/uploads\\\/2020\\\/11\\\/im430f.jpg\",\"datePublished\":\"2020-11-26T10:17:34+00:00\",\"dateModified\":\"2025-07-21T22:43:02+00:00\",\"description\":\"La IM430F \u00e9s una impressora multifuncional petita, tot en un, amb un disseny compacte. Resulta senzilla, f\u00e0cil d'utilitzar i molt silenciosa.\",\"breadcrumb\":{\"@id\":\"https:\\\/\\\/www.sistemas-catalunya.com\\\/ca\\\/producte\\\/im430f\\\/#breadcrumb\"},\"inLanguage\":\"ca\",\"potentialAction\":[{\"@type\":\"ReadAction\",\"target\":[\"https:\\\/\\\/www.sistemas-catalunya.com\\\/ca\\\/producte\\\/im430f\\\/\"]}]},{\"@type\":\"ImageObject\",\"inLanguage\":\"ca\",\"@id\":\"https:\\\/\\\/www.sistemas-catalunya.com\\\/ca\\\/producte\\\/im430f\\\/#primaryimage\",\"url\":\"https:\\\/\\\/www.sistemas-catalunya.com\\\/wp-content\\\/uploads\\\/2020\\\/11\\\/im430f.jpg\",\"contentUrl\":\"https:\\\/\\\/www.sistemas-catalunya.com\\\/wp-content\\\/uploads\\\/2020\\\/11\\\/im430f.jpg\",\"width\":504,\"height\":504,\"caption\":\"im430f\"},{\"@type\":\"BreadcrumbList\",\"@id\":\"https:\\\/\\\/www.sistemas-catalunya.com\\\/ca\\\/producte\\\/im430f\\\/#breadcrumb\",\"itemListElement\":[{\"@type\":\"ListItem\",\"position\":1,\"name\":\"Sistemas Catalunya\",\"item\":\"https:\\\/\\\/www.sistemas-catalunya.com\\\/ca\\\/\"},{\"@type\":\"ListItem\",\"position\":2,\"name\":\"Productes\",\"item\":\"https:\\\/\\\/www.sistemas-catalunya.com\\\/ca\\\/productes\\\/\"},{\"@type\":\"ListItem\",\"position\":3,\"name\":\"Impressores Multifuncionals\",\"item\":\"https:\\\/\\\/www.sistemas-catalunya.com\\\/ca\\\/cat-producto\\\/impressores-multifuncionals\\\/\"},{\"@type\":\"ListItem\",\"position\":4,\"name\":\"Impressora Multifuncional IM430F\"}]},{\"@type\":\"WebSite\",\"@id\":\"https:\\\/\\\/www.sistemas-catalunya.com\\\/ca\\\/#website\",\"url\":\"https:\\\/\\\/www.sistemas-catalunya.com\\\/ca\\\/\",\"name\":\"Sistemas Digitales\",\"description\":\"Renting de Impresoras y Fotocopiadoras ...\",\"potentialAction\":[{\"@type\":\"SearchAction\",\"target\":{\"@type\":\"EntryPoint\",\"urlTemplate\":\"https:\\\/\\\/www.sistemas-catalunya.com\\\/ca\\\/?s={search_term_string}\"},\"query-input\":{\"@type\":\"PropertyValueSpecification\",\"valueRequired\":true,\"valueName\":\"search_term_string\"}}],\"inLanguage\":\"ca\"}]}<\/script>\n<!-- \/ Yoast SEO plugin. -->","yoast_head_json":{"title":"Impressora Impressora Multifuncional IM430F - Sistemas Digitales","description":"La IM430F \u00e9s una impressora multifuncional petita, tot en un, amb un disseny compacte. Resulta senzilla, f\u00e0cil d'utilitzar i molt silenciosa.","robots":{"index":"index","follow":"follow","max-snippet":"max-snippet:-1","max-image-preview":"max-image-preview:large","max-video-preview":"max-video-preview:-1"},"canonical":"https:\/\/www.sistemas-catalunya.com\/ca\/producte\/im430f\/","og_locale":"ca_ES","og_type":"article","og_title":"Impressora Impressora Multifuncional IM430F - Sistemas Digitales","og_description":"La IM430F \u00e9s una impressora multifuncional petita, tot en un, amb un disseny compacte. Resulta senzilla, f\u00e0cil d'utilitzar i molt silenciosa.","og_url":"https:\/\/www.sistemas-catalunya.com\/ca\/producte\/im430f\/","og_site_name":"Sistemas Digitales","article_modified_time":"2025-07-21T22:43:02+00:00","og_image":[{"width":504,"height":504,"url":"https:\/\/www.sistemas-catalunya.com\/wp-content\/uploads\/2020\/11\/im430f.jpg","type":"image\/jpeg"}],"twitter_card":"summary_large_image","twitter_misc":{"Temps estimat de lectura":"1 minut"},"schema":{"@context":"https:\/\/schema.org","@graph":[{"@type":"WebPage","@id":"https:\/\/www.sistemas-catalunya.com\/ca\/producte\/im430f\/","url":"https:\/\/www.sistemas-catalunya.com\/ca\/producte\/im430f\/","name":"Impressora Impressora Multifuncional IM430F - Sistemas Digitales","isPartOf":{"@id":"https:\/\/www.sistemas-catalunya.com\/ca\/#website"},"primaryImageOfPage":{"@id":"https:\/\/www.sistemas-catalunya.com\/ca\/producte\/im430f\/#primaryimage"},"image":{"@id":"https:\/\/www.sistemas-catalunya.com\/ca\/producte\/im430f\/#primaryimage"},"thumbnailUrl":"https:\/\/www.sistemas-catalunya.com\/wp-content\/uploads\/2020\/11\/im430f.jpg","datePublished":"2020-11-26T10:17:34+00:00","dateModified":"2025-07-21T22:43:02+00:00","description":"La IM430F \u00e9s una impressora multifuncional petita, tot en un, amb un disseny compacte. Resulta senzilla, f\u00e0cil d'utilitzar i molt silenciosa.","breadcrumb":{"@id":"https:\/\/www.sistemas-catalunya.com\/ca\/producte\/im430f\/#breadcrumb"},"inLanguage":"ca","potentialAction":[{"@type":"ReadAction","target":["https:\/\/www.sistemas-catalunya.com\/ca\/producte\/im430f\/"]}]},{"@type":"ImageObject","inLanguage":"ca","@id":"https:\/\/www.sistemas-catalunya.com\/ca\/producte\/im430f\/#primaryimage","url":"https:\/\/www.sistemas-catalunya.com\/wp-content\/uploads\/2020\/11\/im430f.jpg","contentUrl":"https:\/\/www.sistemas-catalunya.com\/wp-content\/uploads\/2020\/11\/im430f.jpg","width":504,"height":504,"caption":"im430f"},{"@type":"BreadcrumbList","@id":"https:\/\/www.sistemas-catalunya.com\/ca\/producte\/im430f\/#breadcrumb","itemListElement":[{"@type":"ListItem","position":1,"name":"Sistemas Catalunya","item":"https:\/\/www.sistemas-catalunya.com\/ca\/"},{"@type":"ListItem","position":2,"name":"Productes","item":"https:\/\/www.sistemas-catalunya.com\/ca\/productes\/"},{"@type":"ListItem","position":3,"name":"Impressores Multifuncionals","item":"https:\/\/www.sistemas-catalunya.com\/ca\/cat-producto\/impressores-multifuncionals\/"},{"@type":"ListItem","position":4,"name":"Impressora Multifuncional IM430F"}]},{"@type":"WebSite","@id":"https:\/\/www.sistemas-catalunya.com\/ca\/#website","url":"https:\/\/www.sistemas-catalunya.com\/ca\/","name":"Sistemas Digitales","description":"Renting de Impresoras y Fotocopiadoras ...","potentialAction":[{"@type":"SearchAction","target":{"@type":"EntryPoint","urlTemplate":"https:\/\/www.sistemas-catalunya.com\/ca\/?s={search_term_string}"},"query-input":{"@type":"PropertyValueSpecification","valueRequired":true,"valueName":"search_term_string"}}],"inLanguage":"ca"}]}},"_links":{"self":[{"href":"https:\/\/www.sistemas-catalunya.com\/ca\/wp-json\/wp\/v2\/product\/241983","targetHints":{"allow":["GET"]}}],"collection":[{"href":"https:\/\/www.sistemas-catalunya.com\/ca\/wp-json\/wp\/v2\/product"}],"about":[{"href":"https:\/\/www.sistemas-catalunya.com\/ca\/wp-json\/wp\/v2\/types\/product"}],"replies":[{"embeddable":true,"href":"https:\/\/www.sistemas-catalunya.com\/ca\/wp-json\/wp\/v2\/comments?post=241983"}],"wp:featuredmedia":[{"embeddable":true,"href":"https:\/\/www.sistemas-catalunya.com\/ca\/wp-json\/wp\/v2\/media\/240029"}],"wp:attachment":[{"href":"https:\/\/www.sistemas-catalunya.com\/ca\/wp-json\/wp\/v2\/media?parent=241983"}],"wp:term":[{"taxonomy":"product_brand","embeddable":true,"href":"https:\/\/www.sistemas-catalunya.com\/ca\/wp-json\/wp\/v2\/product_brand?post=241983"},{"taxonomy":"product_cat","embeddable":true,"href":"https:\/\/www.sistemas-catalunya.com\/ca\/wp-json\/wp\/v2\/product_cat?post=241983"},{"taxonomy":"product_tag","embeddable":true,"href":"https:\/\/www.sistemas-catalunya.com\/ca\/wp-json\/wp\/v2\/product_tag?post=241983"}],"curies":[{"name":"wp","href":"https:\/\/api.w.org\/{rel}","templated":true}]}}