{"id":241998,"date":"2020-11-26T11:17:27","date_gmt":"2020-11-26T10:17:27","guid":{"rendered":"https:\/\/www.sistemas-catalunya.com\/producto\/am-s5500p\/"},"modified":"2025-07-21T23:43:15","modified_gmt":"2025-07-21T22:43:15","slug":"am-s5500p","status":"publish","type":"product","link":"https:\/\/www.sistemas-catalunya.com\/ca\/producte\/am-s5500p\/","title":{"rendered":"Impressora 3D AM S5500P"},"content":{"rendered":"<h2>Impressora 3D AM S5500P<\/h2>\n<p>La Ricoh AM S5500P \u00e9s una impressora 3D de gamma alta, que ofereix una gran qualitat i velocitat. Pot suportar materials com ara PA1 i PP2, que s\u00f3n estrat\u00e8gicament importants per als fabricants, inclosos els del sector de l&#8217;automoci\u00f3. El model RICOH AM S5500P fabrica peces mitjan\u00e7ant la sinteritzaci\u00f3 selectiva de pl\u00e0stic per l\u00e0ser, tamb\u00e9 anomenada tecnologia SLS(R). Aquesta tecnologia empra calor i un corr\u00f3 intel\u00b7ligent, combinats amb un l\u00e0ser, per fabricar prototips de disseny i prototips funcionals que es poden fer servir en una \u00e0mplia varietat d&#8217;ind\u00fastries, com l&#8217;aeroespacial o l&#8217;automotriu, i el sector m\u00e8dic. El resultat s\u00f3n objectes duradors i en alta definici\u00f3.    <\/p>\n<ul>\n<li><em>Categoria:<\/em> Impressora 3D<\/li>\n<li><em>Velocitat escaneig:<\/em> 15 m\/s<\/li>\n<li><em>Emissi\u00f3 l\u00e0ser:<\/em> 100W<\/li>\n<li><em>Materials:<\/em> PA12, PA12GB, PA11, PA6GB, PP<\/li>\n<\/ul>\n","protected":false},"excerpt":{"rendered":"<p>Impressora 3D<\/p>\n<p> Velocitat d&#8217;escaneig: 15 m\/s<\/p>\n<p> Emissi\u00f3 L\u00e0ser: 100W<\/p>\n<p> Materials: PA12, PA12GB, PA11, PA6GB, PP<\/p>\n","protected":false},"featured_media":240786,"comment_status":"open","ping_status":"closed","template":"","meta":{"_acf_changed":false},"product_brand":[],"product_cat":[185],"product_tag":[],"class_list":{"0":"post-241998","1":"product","2":"type-product","3":"status-publish","4":"has-post-thumbnail","6":"product_cat-impressores-3d","8":"first","9":"instock","10":"taxable","11":"shipping-taxable","12":"product-type-simple"},"acf":[],"yoast_head":"<!-- This site is optimized with the Yoast SEO plugin v27.4 - https:\/\/yoast.com\/product\/yoast-seo-wordpress\/ -->\n<title>Impressora Impressora 3D AM S5500P - Sistemas Digitales<\/title>\n<meta name=\"description\" content=\"La impressora Ricoh AM S5500P \u00e9s una impressora 3D de gamma alta, que ofereix gran qualitat i velocitat. Aquesta tecnologia empra calor i un corr\u00f3 intel\u00b7ligent.\" \/>\n<meta name=\"robots\" content=\"index, follow, max-snippet:-1, max-image-preview:large, max-video-preview:-1\" \/>\n<link rel=\"canonical\" href=\"https:\/\/www.sistemas-catalunya.com\/ca\/producte\/am-s5500p\/\" \/>\n<meta property=\"og:locale\" content=\"ca_ES\" \/>\n<meta property=\"og:type\" content=\"article\" \/>\n<meta property=\"og:title\" content=\"Impressora Impressora 3D AM S5500P - Sistemas Digitales\" \/>\n<meta property=\"og:description\" content=\"La impressora Ricoh AM S5500P \u00e9s una impressora 3D de gamma alta, que ofereix gran qualitat i velocitat. Aquesta tecnologia empra calor i un corr\u00f3 intel\u00b7ligent.\" \/>\n<meta property=\"og:url\" content=\"https:\/\/www.sistemas-catalunya.com\/ca\/producte\/am-s5500p\/\" \/>\n<meta property=\"og:site_name\" content=\"Sistemas Digitales\" \/>\n<meta property=\"article:modified_time\" content=\"2025-07-21T22:43:15+00:00\" \/>\n<meta property=\"og:image\" content=\"https:\/\/www.sistemas-catalunya.com\/wp-content\/uploads\/2020\/11\/AM_S5500P.jpg\" \/>\n\t<meta property=\"og:image:width\" content=\"1008\" \/>\n\t<meta property=\"og:image:height\" content=\"750\" \/>\n\t<meta property=\"og:image:type\" content=\"image\/jpeg\" \/>\n<meta name=\"twitter:card\" content=\"summary_large_image\" \/>\n<meta name=\"twitter:label1\" content=\"Temps estimat de lectura\" \/>\n\t<meta name=\"twitter:data1\" content=\"1 minut\" \/>\n<script type=\"application\/ld+json\" class=\"yoast-schema-graph\">{\"@context\":\"https:\\\/\\\/schema.org\",\"@graph\":[{\"@type\":\"WebPage\",\"@id\":\"https:\\\/\\\/www.sistemas-catalunya.com\\\/ca\\\/producte\\\/am-s5500p\\\/\",\"url\":\"https:\\\/\\\/www.sistemas-catalunya.com\\\/ca\\\/producte\\\/am-s5500p\\\/\",\"name\":\"Impressora Impressora 3D AM S5500P - Sistemas Digitales\",\"isPartOf\":{\"@id\":\"https:\\\/\\\/www.sistemas-catalunya.com\\\/ca\\\/#website\"},\"primaryImageOfPage\":{\"@id\":\"https:\\\/\\\/www.sistemas-catalunya.com\\\/ca\\\/producte\\\/am-s5500p\\\/#primaryimage\"},\"image\":{\"@id\":\"https:\\\/\\\/www.sistemas-catalunya.com\\\/ca\\\/producte\\\/am-s5500p\\\/#primaryimage\"},\"thumbnailUrl\":\"https:\\\/\\\/www.sistemas-catalunya.com\\\/wp-content\\\/uploads\\\/2020\\\/11\\\/AM_S5500P.jpg\",\"datePublished\":\"2020-11-26T10:17:27+00:00\",\"dateModified\":\"2025-07-21T22:43:15+00:00\",\"description\":\"La impressora Ricoh AM S5500P \u00e9s una impressora 3D de gamma alta, que ofereix gran qualitat i velocitat. Aquesta tecnologia empra calor i un corr\u00f3 intel\u00b7ligent.\",\"breadcrumb\":{\"@id\":\"https:\\\/\\\/www.sistemas-catalunya.com\\\/ca\\\/producte\\\/am-s5500p\\\/#breadcrumb\"},\"inLanguage\":\"ca\",\"potentialAction\":[{\"@type\":\"ReadAction\",\"target\":[\"https:\\\/\\\/www.sistemas-catalunya.com\\\/ca\\\/producte\\\/am-s5500p\\\/\"]}]},{\"@type\":\"ImageObject\",\"inLanguage\":\"ca\",\"@id\":\"https:\\\/\\\/www.sistemas-catalunya.com\\\/ca\\\/producte\\\/am-s5500p\\\/#primaryimage\",\"url\":\"https:\\\/\\\/www.sistemas-catalunya.com\\\/wp-content\\\/uploads\\\/2020\\\/11\\\/AM_S5500P.jpg\",\"contentUrl\":\"https:\\\/\\\/www.sistemas-catalunya.com\\\/wp-content\\\/uploads\\\/2020\\\/11\\\/AM_S5500P.jpg\",\"width\":1008,\"height\":750,\"caption\":\"AM S5500P\"},{\"@type\":\"BreadcrumbList\",\"@id\":\"https:\\\/\\\/www.sistemas-catalunya.com\\\/ca\\\/producte\\\/am-s5500p\\\/#breadcrumb\",\"itemListElement\":[{\"@type\":\"ListItem\",\"position\":1,\"name\":\"Sistemas Catalunya\",\"item\":\"https:\\\/\\\/www.sistemas-catalunya.com\\\/ca\\\/\"},{\"@type\":\"ListItem\",\"position\":2,\"name\":\"Productes\",\"item\":\"https:\\\/\\\/www.sistemas-catalunya.com\\\/ca\\\/productes\\\/\"},{\"@type\":\"ListItem\",\"position\":3,\"name\":\"Impressores 3D\",\"item\":\"https:\\\/\\\/www.sistemas-catalunya.com\\\/ca\\\/cat-producto\\\/impressores-3d\\\/\"},{\"@type\":\"ListItem\",\"position\":4,\"name\":\"Impressora 3D AM S5500P\"}]},{\"@type\":\"WebSite\",\"@id\":\"https:\\\/\\\/www.sistemas-catalunya.com\\\/ca\\\/#website\",\"url\":\"https:\\\/\\\/www.sistemas-catalunya.com\\\/ca\\\/\",\"name\":\"Sistemas Digitales\",\"description\":\"Renting de Impresoras y Fotocopiadoras ...\",\"potentialAction\":[{\"@type\":\"SearchAction\",\"target\":{\"@type\":\"EntryPoint\",\"urlTemplate\":\"https:\\\/\\\/www.sistemas-catalunya.com\\\/ca\\\/?s={search_term_string}\"},\"query-input\":{\"@type\":\"PropertyValueSpecification\",\"valueRequired\":true,\"valueName\":\"search_term_string\"}}],\"inLanguage\":\"ca\"}]}<\/script>\n<!-- \/ Yoast SEO plugin. -->","yoast_head_json":{"title":"Impressora Impressora 3D AM S5500P - Sistemas Digitales","description":"La impressora Ricoh AM S5500P \u00e9s una impressora 3D de gamma alta, que ofereix gran qualitat i velocitat. Aquesta tecnologia empra calor i un corr\u00f3 intel\u00b7ligent.","robots":{"index":"index","follow":"follow","max-snippet":"max-snippet:-1","max-image-preview":"max-image-preview:large","max-video-preview":"max-video-preview:-1"},"canonical":"https:\/\/www.sistemas-catalunya.com\/ca\/producte\/am-s5500p\/","og_locale":"ca_ES","og_type":"article","og_title":"Impressora Impressora 3D AM S5500P - Sistemas Digitales","og_description":"La impressora Ricoh AM S5500P \u00e9s una impressora 3D de gamma alta, que ofereix gran qualitat i velocitat. Aquesta tecnologia empra calor i un corr\u00f3 intel\u00b7ligent.","og_url":"https:\/\/www.sistemas-catalunya.com\/ca\/producte\/am-s5500p\/","og_site_name":"Sistemas Digitales","article_modified_time":"2025-07-21T22:43:15+00:00","og_image":[{"width":1008,"height":750,"url":"https:\/\/www.sistemas-catalunya.com\/wp-content\/uploads\/2020\/11\/AM_S5500P.jpg","type":"image\/jpeg"}],"twitter_card":"summary_large_image","twitter_misc":{"Temps estimat de lectura":"1 minut"},"schema":{"@context":"https:\/\/schema.org","@graph":[{"@type":"WebPage","@id":"https:\/\/www.sistemas-catalunya.com\/ca\/producte\/am-s5500p\/","url":"https:\/\/www.sistemas-catalunya.com\/ca\/producte\/am-s5500p\/","name":"Impressora Impressora 3D AM S5500P - Sistemas Digitales","isPartOf":{"@id":"https:\/\/www.sistemas-catalunya.com\/ca\/#website"},"primaryImageOfPage":{"@id":"https:\/\/www.sistemas-catalunya.com\/ca\/producte\/am-s5500p\/#primaryimage"},"image":{"@id":"https:\/\/www.sistemas-catalunya.com\/ca\/producte\/am-s5500p\/#primaryimage"},"thumbnailUrl":"https:\/\/www.sistemas-catalunya.com\/wp-content\/uploads\/2020\/11\/AM_S5500P.jpg","datePublished":"2020-11-26T10:17:27+00:00","dateModified":"2025-07-21T22:43:15+00:00","description":"La impressora Ricoh AM S5500P \u00e9s una impressora 3D de gamma alta, que ofereix gran qualitat i velocitat. Aquesta tecnologia empra calor i un corr\u00f3 intel\u00b7ligent.","breadcrumb":{"@id":"https:\/\/www.sistemas-catalunya.com\/ca\/producte\/am-s5500p\/#breadcrumb"},"inLanguage":"ca","potentialAction":[{"@type":"ReadAction","target":["https:\/\/www.sistemas-catalunya.com\/ca\/producte\/am-s5500p\/"]}]},{"@type":"ImageObject","inLanguage":"ca","@id":"https:\/\/www.sistemas-catalunya.com\/ca\/producte\/am-s5500p\/#primaryimage","url":"https:\/\/www.sistemas-catalunya.com\/wp-content\/uploads\/2020\/11\/AM_S5500P.jpg","contentUrl":"https:\/\/www.sistemas-catalunya.com\/wp-content\/uploads\/2020\/11\/AM_S5500P.jpg","width":1008,"height":750,"caption":"AM S5500P"},{"@type":"BreadcrumbList","@id":"https:\/\/www.sistemas-catalunya.com\/ca\/producte\/am-s5500p\/#breadcrumb","itemListElement":[{"@type":"ListItem","position":1,"name":"Sistemas Catalunya","item":"https:\/\/www.sistemas-catalunya.com\/ca\/"},{"@type":"ListItem","position":2,"name":"Productes","item":"https:\/\/www.sistemas-catalunya.com\/ca\/productes\/"},{"@type":"ListItem","position":3,"name":"Impressores 3D","item":"https:\/\/www.sistemas-catalunya.com\/ca\/cat-producto\/impressores-3d\/"},{"@type":"ListItem","position":4,"name":"Impressora 3D AM S5500P"}]},{"@type":"WebSite","@id":"https:\/\/www.sistemas-catalunya.com\/ca\/#website","url":"https:\/\/www.sistemas-catalunya.com\/ca\/","name":"Sistemas Digitales","description":"Renting de Impresoras y Fotocopiadoras ...","potentialAction":[{"@type":"SearchAction","target":{"@type":"EntryPoint","urlTemplate":"https:\/\/www.sistemas-catalunya.com\/ca\/?s={search_term_string}"},"query-input":{"@type":"PropertyValueSpecification","valueRequired":true,"valueName":"search_term_string"}}],"inLanguage":"ca"}]}},"_links":{"self":[{"href":"https:\/\/www.sistemas-catalunya.com\/ca\/wp-json\/wp\/v2\/product\/241998","targetHints":{"allow":["GET"]}}],"collection":[{"href":"https:\/\/www.sistemas-catalunya.com\/ca\/wp-json\/wp\/v2\/product"}],"about":[{"href":"https:\/\/www.sistemas-catalunya.com\/ca\/wp-json\/wp\/v2\/types\/product"}],"replies":[{"embeddable":true,"href":"https:\/\/www.sistemas-catalunya.com\/ca\/wp-json\/wp\/v2\/comments?post=241998"}],"wp:featuredmedia":[{"embeddable":true,"href":"https:\/\/www.sistemas-catalunya.com\/ca\/wp-json\/wp\/v2\/media\/240786"}],"wp:attachment":[{"href":"https:\/\/www.sistemas-catalunya.com\/ca\/wp-json\/wp\/v2\/media?parent=241998"}],"wp:term":[{"taxonomy":"product_brand","embeddable":true,"href":"https:\/\/www.sistemas-catalunya.com\/ca\/wp-json\/wp\/v2\/product_brand?post=241998"},{"taxonomy":"product_cat","embeddable":true,"href":"https:\/\/www.sistemas-catalunya.com\/ca\/wp-json\/wp\/v2\/product_cat?post=241998"},{"taxonomy":"product_tag","embeddable":true,"href":"https:\/\/www.sistemas-catalunya.com\/ca\/wp-json\/wp\/v2\/product_tag?post=241998"}],"curies":[{"name":"wp","href":"https:\/\/api.w.org\/{rel}","templated":true}]}}