{"id":241999,"date":"2020-11-26T11:17:26","date_gmt":"2020-11-26T10:17:26","guid":{"rendered":"https:\/\/www.sistemas-catalunya.com\/producto\/ricoh-ucs-advanced\/"},"modified":"2025-07-21T23:43:15","modified_gmt":"2025-07-21T22:43:15","slug":"ricoh-ucs-advanced","status":"publish","type":"product","link":"https:\/\/www.sistemas-catalunya.com\/ca\/producte\/ricoh-ucs-advanced\/","title":{"rendered":"RICOH UCS ADVANCED"},"content":{"rendered":"<p>UCS Advanced \u00e9s un servei de videoconfer\u00e8ncies que assegura l&#8217;intercanvi d&#8217;informaci\u00f3 mitjan\u00e7ant l&#8217;\u00fas de sales de reunions virtuals per a tots els treballadors, amb v\u00eddeo, \u00e0udio i opci\u00f3 de col\u00b7laboraci\u00f3. A aquest espai s&#8217;hi pot accedir des de diferents dispositius i plataformes de comunicaci\u00f3. Est\u00e0 sempre disponible i admet fins a 50 participants. Aquest sistema global compta amb 16 centres de dades que permeten un tr\u00e0nsit de v\u00eddeo localitzat i eviten embussos. UCS Advanced ofereix diversos plans de llic\u00e8ncies, amb dissenys flexibles i diferents funcions o serveis, per adaptar-se a les necessitats de la vostra empresa.    <\/p>\n<ul>\n<li><em>Categoria:<\/em> Sistemes de Videoconf\u00e8rencia<\/li>\n<li>14 centres de dades<\/li>\n<li>Admet fins a 50 participants<\/li>\n<li>Opcions de participaci\u00f3 vers\u00e0tils: marcatge utilitzant n\u00fameros de tel\u00e8fon locals, \u00e0udio, v\u00eddeo i compartici\u00f3 de documents a trav\u00e9s del web, tauletes, pissarres interactives o terminals per a videoconfer\u00e8ncia<\/li>\n<li>Totalment compatible amb WebRTC i els terminals (end points) m\u00e9s comuns per a audiovideoconfer\u00e8ncia, inclosos Microsoft Lync i Skype for Business<\/li>\n<\/ul>\n","protected":false},"excerpt":{"rendered":"<p>Sistemes de Videoconfer\u00e8ncia<\/p>\n<p> 14 centres de dades<\/p>\n<p> Admet fins a 50 participants<\/p>\n","protected":false},"featured_media":240784,"comment_status":"open","ping_status":"closed","template":"","meta":{"_acf_changed":false},"product_brand":[],"product_cat":[184],"product_tag":[],"class_list":{"0":"post-241999","1":"product","2":"type-product","3":"status-publish","4":"has-post-thumbnail","6":"product_cat-sistemes-videoconferencia","8":"first","9":"instock","10":"taxable","11":"shipping-taxable","12":"product-type-simple"},"acf":[],"yoast_head":"<!-- This site is optimized with the Yoast SEO plugin v27.2 - https:\/\/yoast.com\/product\/yoast-seo-wordpress\/ -->\n<title>RICOH UCS ADVANCED - Sistemas Digitales<\/title>\n<meta name=\"robots\" content=\"index, follow, max-snippet:-1, max-image-preview:large, max-video-preview:-1\" \/>\n<link rel=\"canonical\" href=\"https:\/\/www.sistemas-catalunya.com\/ca\/producte\/ricoh-ucs-advanced\/\" \/>\n<meta property=\"og:locale\" content=\"ca_ES\" \/>\n<meta property=\"og:type\" content=\"article\" \/>\n<meta property=\"og:title\" content=\"RICOH UCS ADVANCED - Sistemas Digitales\" \/>\n<meta property=\"og:description\" content=\"Sistemes de Videoconfer\u00e8ncia  14 centres de dades  Admet fins a 50 participants\" \/>\n<meta property=\"og:url\" content=\"https:\/\/www.sistemas-catalunya.com\/ca\/producte\/ricoh-ucs-advanced\/\" \/>\n<meta property=\"og:site_name\" content=\"Sistemas Digitales\" \/>\n<meta property=\"article:modified_time\" content=\"2025-07-21T22:43:15+00:00\" \/>\n<meta property=\"og:image\" content=\"https:\/\/www.sistemas-catalunya.com\/wp-content\/uploads\/2020\/11\/Ricoh-UCS.jpg\" \/>\n\t<meta property=\"og:image:width\" content=\"504\" \/>\n\t<meta property=\"og:image:height\" content=\"504\" \/>\n\t<meta property=\"og:image:type\" content=\"image\/jpeg\" \/>\n<meta name=\"twitter:card\" content=\"summary_large_image\" \/>\n<meta name=\"twitter:label1\" content=\"Temps estimat de lectura\" \/>\n\t<meta name=\"twitter:data1\" content=\"1 minut\" \/>\n<script type=\"application\/ld+json\" class=\"yoast-schema-graph\">{\"@context\":\"https:\/\/schema.org\",\"@graph\":[{\"@type\":\"WebPage\",\"@id\":\"https:\/\/www.sistemas-catalunya.com\/ca\/producte\/ricoh-ucs-advanced\/\",\"url\":\"https:\/\/www.sistemas-catalunya.com\/ca\/producte\/ricoh-ucs-advanced\/\",\"name\":\"RICOH UCS ADVANCED - Sistemas Digitales\",\"isPartOf\":{\"@id\":\"https:\/\/www.sistemas-catalunya.com\/ca\/#website\"},\"primaryImageOfPage\":{\"@id\":\"https:\/\/www.sistemas-catalunya.com\/ca\/producte\/ricoh-ucs-advanced\/#primaryimage\"},\"image\":{\"@id\":\"https:\/\/www.sistemas-catalunya.com\/ca\/producte\/ricoh-ucs-advanced\/#primaryimage\"},\"thumbnailUrl\":\"https:\/\/www.sistemas-catalunya.com\/wp-content\/uploads\/2020\/11\/Ricoh-UCS.jpg\",\"datePublished\":\"2020-11-26T10:17:26+00:00\",\"dateModified\":\"2025-07-21T22:43:15+00:00\",\"breadcrumb\":{\"@id\":\"https:\/\/www.sistemas-catalunya.com\/ca\/producte\/ricoh-ucs-advanced\/#breadcrumb\"},\"inLanguage\":\"ca\",\"potentialAction\":[{\"@type\":\"ReadAction\",\"target\":[\"https:\/\/www.sistemas-catalunya.com\/ca\/producte\/ricoh-ucs-advanced\/\"]}]},{\"@type\":\"ImageObject\",\"inLanguage\":\"ca\",\"@id\":\"https:\/\/www.sistemas-catalunya.com\/ca\/producte\/ricoh-ucs-advanced\/#primaryimage\",\"url\":\"https:\/\/www.sistemas-catalunya.com\/wp-content\/uploads\/2020\/11\/Ricoh-UCS.jpg\",\"contentUrl\":\"https:\/\/www.sistemas-catalunya.com\/wp-content\/uploads\/2020\/11\/Ricoh-UCS.jpg\",\"width\":504,\"height\":504,\"caption\":\"Ricoh UCS\"},{\"@type\":\"BreadcrumbList\",\"@id\":\"https:\/\/www.sistemas-catalunya.com\/ca\/producte\/ricoh-ucs-advanced\/#breadcrumb\",\"itemListElement\":[{\"@type\":\"ListItem\",\"position\":1,\"name\":\"Sistemas Catalunya\",\"item\":\"https:\/\/www.sistemas-catalunya.com\/ca\/\"},{\"@type\":\"ListItem\",\"position\":2,\"name\":\"Productes\",\"item\":\"https:\/\/www.sistemas-catalunya.com\/ca\/productes\/\"},{\"@type\":\"ListItem\",\"position\":3,\"name\":\"Sistemes de Videoconfer\u00e8ncia\",\"item\":\"https:\/\/www.sistemas-catalunya.com\/ca\/cat-producto\/sistemes-videoconferencia\/\"},{\"@type\":\"ListItem\",\"position\":4,\"name\":\"RICOH UCS ADVANCED\"}]},{\"@type\":\"WebSite\",\"@id\":\"https:\/\/www.sistemas-catalunya.com\/ca\/#website\",\"url\":\"https:\/\/www.sistemas-catalunya.com\/ca\/\",\"name\":\"Sistemas Digitales\",\"description\":\"Renting de Impresoras y Fotocopiadoras ...\",\"potentialAction\":[{\"@type\":\"SearchAction\",\"target\":{\"@type\":\"EntryPoint\",\"urlTemplate\":\"https:\/\/www.sistemas-catalunya.com\/ca\/?s={search_term_string}\"},\"query-input\":{\"@type\":\"PropertyValueSpecification\",\"valueRequired\":true,\"valueName\":\"search_term_string\"}}],\"inLanguage\":\"ca\"}]}<\/script>\n<!-- \/ Yoast SEO plugin. -->","yoast_head_json":{"title":"RICOH UCS ADVANCED - Sistemas Digitales","robots":{"index":"index","follow":"follow","max-snippet":"max-snippet:-1","max-image-preview":"max-image-preview:large","max-video-preview":"max-video-preview:-1"},"canonical":"https:\/\/www.sistemas-catalunya.com\/ca\/producte\/ricoh-ucs-advanced\/","og_locale":"ca_ES","og_type":"article","og_title":"RICOH UCS ADVANCED - Sistemas Digitales","og_description":"Sistemes de Videoconfer\u00e8ncia  14 centres de dades  Admet fins a 50 participants","og_url":"https:\/\/www.sistemas-catalunya.com\/ca\/producte\/ricoh-ucs-advanced\/","og_site_name":"Sistemas Digitales","article_modified_time":"2025-07-21T22:43:15+00:00","og_image":[{"width":504,"height":504,"url":"https:\/\/www.sistemas-catalunya.com\/wp-content\/uploads\/2020\/11\/Ricoh-UCS.jpg","type":"image\/jpeg"}],"twitter_card":"summary_large_image","twitter_misc":{"Temps estimat de lectura":"1 minut"},"schema":{"@context":"https:\/\/schema.org","@graph":[{"@type":"WebPage","@id":"https:\/\/www.sistemas-catalunya.com\/ca\/producte\/ricoh-ucs-advanced\/","url":"https:\/\/www.sistemas-catalunya.com\/ca\/producte\/ricoh-ucs-advanced\/","name":"RICOH UCS ADVANCED - Sistemas Digitales","isPartOf":{"@id":"https:\/\/www.sistemas-catalunya.com\/ca\/#website"},"primaryImageOfPage":{"@id":"https:\/\/www.sistemas-catalunya.com\/ca\/producte\/ricoh-ucs-advanced\/#primaryimage"},"image":{"@id":"https:\/\/www.sistemas-catalunya.com\/ca\/producte\/ricoh-ucs-advanced\/#primaryimage"},"thumbnailUrl":"https:\/\/www.sistemas-catalunya.com\/wp-content\/uploads\/2020\/11\/Ricoh-UCS.jpg","datePublished":"2020-11-26T10:17:26+00:00","dateModified":"2025-07-21T22:43:15+00:00","breadcrumb":{"@id":"https:\/\/www.sistemas-catalunya.com\/ca\/producte\/ricoh-ucs-advanced\/#breadcrumb"},"inLanguage":"ca","potentialAction":[{"@type":"ReadAction","target":["https:\/\/www.sistemas-catalunya.com\/ca\/producte\/ricoh-ucs-advanced\/"]}]},{"@type":"ImageObject","inLanguage":"ca","@id":"https:\/\/www.sistemas-catalunya.com\/ca\/producte\/ricoh-ucs-advanced\/#primaryimage","url":"https:\/\/www.sistemas-catalunya.com\/wp-content\/uploads\/2020\/11\/Ricoh-UCS.jpg","contentUrl":"https:\/\/www.sistemas-catalunya.com\/wp-content\/uploads\/2020\/11\/Ricoh-UCS.jpg","width":504,"height":504,"caption":"Ricoh UCS"},{"@type":"BreadcrumbList","@id":"https:\/\/www.sistemas-catalunya.com\/ca\/producte\/ricoh-ucs-advanced\/#breadcrumb","itemListElement":[{"@type":"ListItem","position":1,"name":"Sistemas Catalunya","item":"https:\/\/www.sistemas-catalunya.com\/ca\/"},{"@type":"ListItem","position":2,"name":"Productes","item":"https:\/\/www.sistemas-catalunya.com\/ca\/productes\/"},{"@type":"ListItem","position":3,"name":"Sistemes de Videoconfer\u00e8ncia","item":"https:\/\/www.sistemas-catalunya.com\/ca\/cat-producto\/sistemes-videoconferencia\/"},{"@type":"ListItem","position":4,"name":"RICOH UCS ADVANCED"}]},{"@type":"WebSite","@id":"https:\/\/www.sistemas-catalunya.com\/ca\/#website","url":"https:\/\/www.sistemas-catalunya.com\/ca\/","name":"Sistemas Digitales","description":"Renting de Impresoras y Fotocopiadoras ...","potentialAction":[{"@type":"SearchAction","target":{"@type":"EntryPoint","urlTemplate":"https:\/\/www.sistemas-catalunya.com\/ca\/?s={search_term_string}"},"query-input":{"@type":"PropertyValueSpecification","valueRequired":true,"valueName":"search_term_string"}}],"inLanguage":"ca"}]}},"_links":{"self":[{"href":"https:\/\/www.sistemas-catalunya.com\/ca\/wp-json\/wp\/v2\/product\/241999","targetHints":{"allow":["GET"]}}],"collection":[{"href":"https:\/\/www.sistemas-catalunya.com\/ca\/wp-json\/wp\/v2\/product"}],"about":[{"href":"https:\/\/www.sistemas-catalunya.com\/ca\/wp-json\/wp\/v2\/types\/product"}],"replies":[{"embeddable":true,"href":"https:\/\/www.sistemas-catalunya.com\/ca\/wp-json\/wp\/v2\/comments?post=241999"}],"wp:featuredmedia":[{"embeddable":true,"href":"https:\/\/www.sistemas-catalunya.com\/ca\/wp-json\/wp\/v2\/media\/240784"}],"wp:attachment":[{"href":"https:\/\/www.sistemas-catalunya.com\/ca\/wp-json\/wp\/v2\/media?parent=241999"}],"wp:term":[{"taxonomy":"product_brand","embeddable":true,"href":"https:\/\/www.sistemas-catalunya.com\/ca\/wp-json\/wp\/v2\/product_brand?post=241999"},{"taxonomy":"product_cat","embeddable":true,"href":"https:\/\/www.sistemas-catalunya.com\/ca\/wp-json\/wp\/v2\/product_cat?post=241999"},{"taxonomy":"product_tag","embeddable":true,"href":"https:\/\/www.sistemas-catalunya.com\/ca\/wp-json\/wp\/v2\/product_tag?post=241999"}],"curies":[{"name":"wp","href":"https:\/\/api.w.org\/{rel}","templated":true}]}}