{"id":242004,"date":"2020-11-26T11:17:24","date_gmt":"2020-11-26T10:17:24","guid":{"rendered":"https:\/\/www.sistemas-catalunya.com\/producto\/d5520\/"},"modified":"2025-07-21T23:43:13","modified_gmt":"2025-07-21T22:43:13","slug":"d5520","status":"publish","type":"product","link":"https:\/\/www.sistemas-catalunya.com\/ca\/producte\/d5520\/","title":{"rendered":"Pantalla D5520"},"content":{"rendered":"<p>Amb la pantalla LED HD de 55\u201d i la resoluci\u00f3 HD de 1.920 x 1.080 causar\u00e0s una bona impressi\u00f3 en totes les teves presentacions.Empleats i clients podran col\u00b7laborar en temps real, compartint arxius i anotant documents. i comen\u00e7a a comunicar.   <\/p>\n<ul>\n<li><em>Categoria:<\/em> Pantalles interactives<\/li>\n<li><em>Polzades:<\/em> 55<\/li>\n<li><em>Resoluci\u00f3: 1920 x 1080 DPI<\/em><\/li>\n<\/ul>\n","protected":false},"excerpt":{"rendered":"<p>Pantalles interactives<\/p>\n<p> Polzades: 55<\/p>\n<p> Resoluci\u00f3: 1920 x 1080 DPI<\/p>\n","protected":false},"featured_media":240054,"comment_status":"open","ping_status":"closed","template":"","meta":{"_acf_changed":false},"product_brand":[],"product_cat":[334,335,307,183],"product_tag":[],"class_list":{"0":"post-242004","1":"product","2":"type-product","3":"status-publish","4":"has-post-thumbnail","6":"product_cat-monitor-ordinador-pared","7":"product_cat-monitor-pantalla-tactil-ca","8":"product_cat-ordinadors-sobretaula-i-monitors","9":"product_cat-pantalles","11":"first","12":"instock","13":"taxable","14":"shipping-taxable","15":"product-type-simple"},"acf":[],"yoast_head":"<!-- This site is optimized with the Yoast SEO plugin v27.4 - https:\/\/yoast.com\/product\/yoast-seo-wordpress\/ -->\n<title>Pantalla interactiva Pantalla D5520 - Sistemas Digitales<\/title>\n<meta name=\"description\" content=\"La pantalla interactiva D5520 est\u00e0 preparada per a videoconfer\u00e8ncies, porta integrats altaveus i micr\u00f2fon, i ofereix la possibilitat d&#039;afegir-hi una c\u00e0mera Ricoh.\" \/>\n<meta name=\"robots\" content=\"index, follow, max-snippet:-1, max-image-preview:large, max-video-preview:-1\" \/>\n<link rel=\"canonical\" href=\"https:\/\/www.sistemas-catalunya.com\/ca\/producte\/d5520\/\" \/>\n<meta property=\"og:locale\" content=\"ca_ES\" \/>\n<meta property=\"og:type\" content=\"article\" \/>\n<meta property=\"og:title\" content=\"Pantalla interactiva Pantalla D5520 - Sistemas Digitales\" \/>\n<meta property=\"og:description\" content=\"La pantalla interactiva D5520 est\u00e0 preparada per a videoconfer\u00e8ncies, porta integrats altaveus i micr\u00f2fon, i ofereix la possibilitat d&#039;afegir-hi una c\u00e0mera Ricoh.\" \/>\n<meta property=\"og:url\" content=\"https:\/\/www.sistemas-catalunya.com\/ca\/producte\/d5520\/\" \/>\n<meta property=\"og:site_name\" content=\"Sistemas Digitales\" \/>\n<meta property=\"article:modified_time\" content=\"2025-07-21T22:43:13+00:00\" \/>\n<meta property=\"og:image\" content=\"https:\/\/www.sistemas-catalunya.com\/wp-content\/uploads\/2020\/11\/D5520.jpg\" \/>\n\t<meta property=\"og:image:width\" content=\"504\" \/>\n\t<meta property=\"og:image:height\" content=\"504\" \/>\n\t<meta property=\"og:image:type\" content=\"image\/jpeg\" \/>\n<meta name=\"twitter:card\" content=\"summary_large_image\" \/>\n<script type=\"application\/ld+json\" class=\"yoast-schema-graph\">{\"@context\":\"https:\\\/\\\/schema.org\",\"@graph\":[{\"@type\":\"WebPage\",\"@id\":\"https:\\\/\\\/www.sistemas-catalunya.com\\\/ca\\\/producte\\\/d5520\\\/\",\"url\":\"https:\\\/\\\/www.sistemas-catalunya.com\\\/ca\\\/producte\\\/d5520\\\/\",\"name\":\"Pantalla interactiva Pantalla D5520 - Sistemas Digitales\",\"isPartOf\":{\"@id\":\"https:\\\/\\\/www.sistemas-catalunya.com\\\/ca\\\/#website\"},\"primaryImageOfPage\":{\"@id\":\"https:\\\/\\\/www.sistemas-catalunya.com\\\/ca\\\/producte\\\/d5520\\\/#primaryimage\"},\"image\":{\"@id\":\"https:\\\/\\\/www.sistemas-catalunya.com\\\/ca\\\/producte\\\/d5520\\\/#primaryimage\"},\"thumbnailUrl\":\"https:\\\/\\\/www.sistemas-catalunya.com\\\/wp-content\\\/uploads\\\/2020\\\/11\\\/D5520.jpg\",\"datePublished\":\"2020-11-26T10:17:24+00:00\",\"dateModified\":\"2025-07-21T22:43:13+00:00\",\"description\":\"La pantalla interactiva D5520 est\u00e0 preparada per a videoconfer\u00e8ncies, porta integrats altaveus i micr\u00f2fon, i ofereix la possibilitat d'afegir-hi una c\u00e0mera Ricoh.\",\"breadcrumb\":{\"@id\":\"https:\\\/\\\/www.sistemas-catalunya.com\\\/ca\\\/producte\\\/d5520\\\/#breadcrumb\"},\"inLanguage\":\"ca\",\"potentialAction\":[{\"@type\":\"ReadAction\",\"target\":[\"https:\\\/\\\/www.sistemas-catalunya.com\\\/ca\\\/producte\\\/d5520\\\/\"]}]},{\"@type\":\"ImageObject\",\"inLanguage\":\"ca\",\"@id\":\"https:\\\/\\\/www.sistemas-catalunya.com\\\/ca\\\/producte\\\/d5520\\\/#primaryimage\",\"url\":\"https:\\\/\\\/www.sistemas-catalunya.com\\\/wp-content\\\/uploads\\\/2020\\\/11\\\/D5520.jpg\",\"contentUrl\":\"https:\\\/\\\/www.sistemas-catalunya.com\\\/wp-content\\\/uploads\\\/2020\\\/11\\\/D5520.jpg\",\"width\":504,\"height\":504,\"caption\":\"D5520\"},{\"@type\":\"BreadcrumbList\",\"@id\":\"https:\\\/\\\/www.sistemas-catalunya.com\\\/ca\\\/producte\\\/d5520\\\/#breadcrumb\",\"itemListElement\":[{\"@type\":\"ListItem\",\"position\":1,\"name\":\"Sistemas Catalunya\",\"item\":\"https:\\\/\\\/www.sistemas-catalunya.com\\\/ca\\\/\"},{\"@type\":\"ListItem\",\"position\":2,\"name\":\"Productes\",\"item\":\"https:\\\/\\\/www.sistemas-catalunya.com\\\/ca\\\/productes\\\/\"},{\"@type\":\"ListItem\",\"position\":3,\"name\":\"Pantalles Interactives Ricoh\",\"item\":\"https:\\\/\\\/www.sistemas-catalunya.com\\\/ca\\\/cat-producto\\\/pantalles\\\/\"},{\"@type\":\"ListItem\",\"position\":4,\"name\":\"Pantalla D5520\"}]},{\"@type\":\"WebSite\",\"@id\":\"https:\\\/\\\/www.sistemas-catalunya.com\\\/ca\\\/#website\",\"url\":\"https:\\\/\\\/www.sistemas-catalunya.com\\\/ca\\\/\",\"name\":\"Sistemas Digitales\",\"description\":\"Renting de Impresoras y Fotocopiadoras ...\",\"potentialAction\":[{\"@type\":\"SearchAction\",\"target\":{\"@type\":\"EntryPoint\",\"urlTemplate\":\"https:\\\/\\\/www.sistemas-catalunya.com\\\/ca\\\/?s={search_term_string}\"},\"query-input\":{\"@type\":\"PropertyValueSpecification\",\"valueRequired\":true,\"valueName\":\"search_term_string\"}}],\"inLanguage\":\"ca\"}]}<\/script>\n<!-- \/ Yoast SEO plugin. -->","yoast_head_json":{"title":"Pantalla interactiva Pantalla D5520 - Sistemas Digitales","description":"La pantalla interactiva D5520 est\u00e0 preparada per a videoconfer\u00e8ncies, porta integrats altaveus i micr\u00f2fon, i ofereix la possibilitat d'afegir-hi una c\u00e0mera Ricoh.","robots":{"index":"index","follow":"follow","max-snippet":"max-snippet:-1","max-image-preview":"max-image-preview:large","max-video-preview":"max-video-preview:-1"},"canonical":"https:\/\/www.sistemas-catalunya.com\/ca\/producte\/d5520\/","og_locale":"ca_ES","og_type":"article","og_title":"Pantalla interactiva Pantalla D5520 - Sistemas Digitales","og_description":"La pantalla interactiva D5520 est\u00e0 preparada per a videoconfer\u00e8ncies, porta integrats altaveus i micr\u00f2fon, i ofereix la possibilitat d'afegir-hi una c\u00e0mera Ricoh.","og_url":"https:\/\/www.sistemas-catalunya.com\/ca\/producte\/d5520\/","og_site_name":"Sistemas Digitales","article_modified_time":"2025-07-21T22:43:13+00:00","og_image":[{"width":504,"height":504,"url":"https:\/\/www.sistemas-catalunya.com\/wp-content\/uploads\/2020\/11\/D5520.jpg","type":"image\/jpeg"}],"twitter_card":"summary_large_image","schema":{"@context":"https:\/\/schema.org","@graph":[{"@type":"WebPage","@id":"https:\/\/www.sistemas-catalunya.com\/ca\/producte\/d5520\/","url":"https:\/\/www.sistemas-catalunya.com\/ca\/producte\/d5520\/","name":"Pantalla interactiva Pantalla D5520 - Sistemas Digitales","isPartOf":{"@id":"https:\/\/www.sistemas-catalunya.com\/ca\/#website"},"primaryImageOfPage":{"@id":"https:\/\/www.sistemas-catalunya.com\/ca\/producte\/d5520\/#primaryimage"},"image":{"@id":"https:\/\/www.sistemas-catalunya.com\/ca\/producte\/d5520\/#primaryimage"},"thumbnailUrl":"https:\/\/www.sistemas-catalunya.com\/wp-content\/uploads\/2020\/11\/D5520.jpg","datePublished":"2020-11-26T10:17:24+00:00","dateModified":"2025-07-21T22:43:13+00:00","description":"La pantalla interactiva D5520 est\u00e0 preparada per a videoconfer\u00e8ncies, porta integrats altaveus i micr\u00f2fon, i ofereix la possibilitat d'afegir-hi una c\u00e0mera Ricoh.","breadcrumb":{"@id":"https:\/\/www.sistemas-catalunya.com\/ca\/producte\/d5520\/#breadcrumb"},"inLanguage":"ca","potentialAction":[{"@type":"ReadAction","target":["https:\/\/www.sistemas-catalunya.com\/ca\/producte\/d5520\/"]}]},{"@type":"ImageObject","inLanguage":"ca","@id":"https:\/\/www.sistemas-catalunya.com\/ca\/producte\/d5520\/#primaryimage","url":"https:\/\/www.sistemas-catalunya.com\/wp-content\/uploads\/2020\/11\/D5520.jpg","contentUrl":"https:\/\/www.sistemas-catalunya.com\/wp-content\/uploads\/2020\/11\/D5520.jpg","width":504,"height":504,"caption":"D5520"},{"@type":"BreadcrumbList","@id":"https:\/\/www.sistemas-catalunya.com\/ca\/producte\/d5520\/#breadcrumb","itemListElement":[{"@type":"ListItem","position":1,"name":"Sistemas Catalunya","item":"https:\/\/www.sistemas-catalunya.com\/ca\/"},{"@type":"ListItem","position":2,"name":"Productes","item":"https:\/\/www.sistemas-catalunya.com\/ca\/productes\/"},{"@type":"ListItem","position":3,"name":"Pantalles Interactives Ricoh","item":"https:\/\/www.sistemas-catalunya.com\/ca\/cat-producto\/pantalles\/"},{"@type":"ListItem","position":4,"name":"Pantalla D5520"}]},{"@type":"WebSite","@id":"https:\/\/www.sistemas-catalunya.com\/ca\/#website","url":"https:\/\/www.sistemas-catalunya.com\/ca\/","name":"Sistemas Digitales","description":"Renting de Impresoras y Fotocopiadoras ...","potentialAction":[{"@type":"SearchAction","target":{"@type":"EntryPoint","urlTemplate":"https:\/\/www.sistemas-catalunya.com\/ca\/?s={search_term_string}"},"query-input":{"@type":"PropertyValueSpecification","valueRequired":true,"valueName":"search_term_string"}}],"inLanguage":"ca"}]}},"_links":{"self":[{"href":"https:\/\/www.sistemas-catalunya.com\/ca\/wp-json\/wp\/v2\/product\/242004","targetHints":{"allow":["GET"]}}],"collection":[{"href":"https:\/\/www.sistemas-catalunya.com\/ca\/wp-json\/wp\/v2\/product"}],"about":[{"href":"https:\/\/www.sistemas-catalunya.com\/ca\/wp-json\/wp\/v2\/types\/product"}],"replies":[{"embeddable":true,"href":"https:\/\/www.sistemas-catalunya.com\/ca\/wp-json\/wp\/v2\/comments?post=242004"}],"wp:featuredmedia":[{"embeddable":true,"href":"https:\/\/www.sistemas-catalunya.com\/ca\/wp-json\/wp\/v2\/media\/240054"}],"wp:attachment":[{"href":"https:\/\/www.sistemas-catalunya.com\/ca\/wp-json\/wp\/v2\/media?parent=242004"}],"wp:term":[{"taxonomy":"product_brand","embeddable":true,"href":"https:\/\/www.sistemas-catalunya.com\/ca\/wp-json\/wp\/v2\/product_brand?post=242004"},{"taxonomy":"product_cat","embeddable":true,"href":"https:\/\/www.sistemas-catalunya.com\/ca\/wp-json\/wp\/v2\/product_cat?post=242004"},{"taxonomy":"product_tag","embeddable":true,"href":"https:\/\/www.sistemas-catalunya.com\/ca\/wp-json\/wp\/v2\/product_tag?post=242004"}],"curies":[{"name":"wp","href":"https:\/\/api.w.org\/{rel}","templated":true}]}}