{"id":242008,"date":"2020-11-26T11:17:23","date_gmt":"2020-11-26T10:17:23","guid":{"rendered":"https:\/\/www.sistemas-catalunya.com\/producto\/dd3344\/"},"modified":"2025-07-21T23:43:14","modified_gmt":"2025-07-21T22:43:14","slug":"dd3344","status":"publish","type":"product","link":"https:\/\/www.sistemas-catalunya.com\/ca\/producte\/dd3344\/","title":{"rendered":"Duplicadora Ricoh DD3344"},"content":{"rendered":"<h2>Duplicadora digital DD3344<\/h2>\n<p>La duplicadora digital DD 3344 ofereix una velocitat de sortida excepcional de 130 p\u00e0gines per minut, cosa que ajuda els impressors amb gran volum a maximitzar la seva productivitat. A m\u00e9s, es pot fer servir tant per a formats d&#8217;entrada A4 com A3. Gr\u00e0cies a l&#8217;augment de la resoluci\u00f3 que ofereix Ricoh de 600 x 660 dpi, els resultats s\u00f3n excepcionals.  <\/p>\n<ul>\n<li><em>Categoria:<\/em> Duplicadora<\/li>\n<li><em>Velocitat d&#8217;impressi\u00f3:<\/em> 130 PPM<\/li>\n<li><em>Resoluci\u00f3:<\/em> 600 x 600 dpi<\/li>\n<\/ul>\n","protected":false},"excerpt":{"rendered":"<p>Duplicadora<\/p>\n<p> Velocitat d&#8217;impressi\u00f3: 130 PPM<\/p>\n<p> Resoluci\u00f3: 600 x 600 dpi<\/p>\n","protected":false},"featured_media":240108,"comment_status":"open","ping_status":"closed","template":"","meta":{"_acf_changed":false},"product_brand":[],"product_cat":[181],"product_tag":[],"class_list":{"0":"post-242008","1":"product","2":"type-product","3":"status-publish","4":"has-post-thumbnail","6":"product_cat-duplicadores","8":"first","9":"instock","10":"taxable","11":"shipping-taxable","12":"product-type-simple"},"acf":[],"yoast_head":"<!-- This site is optimized with the Yoast SEO plugin v27.5 - https:\/\/yoast.com\/product\/yoast-seo-wordpress\/ -->\n<title>Impressora Duplicadora Ricoh DD3344 - Sistemas Digitales<\/title>\n<meta name=\"description\" content=\"La duplicadora digital DD 3344 ofereix una velocitat de sortida excepcional de 130 p\u00e0gines per minut, cosa que ajuda a maximitzar la seva productivitat.\" \/>\n<meta name=\"robots\" content=\"index, follow, max-snippet:-1, max-image-preview:large, max-video-preview:-1\" \/>\n<link rel=\"canonical\" href=\"https:\/\/www.sistemas-catalunya.com\/ca\/producte\/dd3344\/\" \/>\n<meta property=\"og:locale\" content=\"ca_ES\" \/>\n<meta property=\"og:type\" content=\"article\" \/>\n<meta property=\"og:title\" content=\"Impressora Duplicadora Ricoh DD3344 - Sistemas Digitales\" \/>\n<meta property=\"og:description\" content=\"La duplicadora digital DD 3344 ofereix una velocitat de sortida excepcional de 130 p\u00e0gines per minut, cosa que ajuda a maximitzar la seva productivitat.\" \/>\n<meta property=\"og:url\" content=\"https:\/\/www.sistemas-catalunya.com\/ca\/producte\/dd3344\/\" \/>\n<meta property=\"og:site_name\" content=\"Sistemas Digitales\" \/>\n<meta property=\"article:modified_time\" content=\"2025-07-21T22:43:14+00:00\" \/>\n<meta property=\"og:image\" content=\"https:\/\/www.sistemas-catalunya.com\/wp-content\/uploads\/2020\/11\/dd3344.jpg\" \/>\n\t<meta property=\"og:image:width\" content=\"797\" \/>\n\t<meta property=\"og:image:height\" content=\"668\" \/>\n\t<meta property=\"og:image:type\" content=\"image\/jpeg\" \/>\n<meta name=\"twitter:card\" content=\"summary_large_image\" \/>\n<script type=\"application\/ld+json\" class=\"yoast-schema-graph\">{\"@context\":\"https:\\\/\\\/schema.org\",\"@graph\":[{\"@type\":\"WebPage\",\"@id\":\"https:\\\/\\\/www.sistemas-catalunya.com\\\/ca\\\/producte\\\/dd3344\\\/\",\"url\":\"https:\\\/\\\/www.sistemas-catalunya.com\\\/ca\\\/producte\\\/dd3344\\\/\",\"name\":\"Impressora Duplicadora Ricoh DD3344 - Sistemas Digitales\",\"isPartOf\":{\"@id\":\"https:\\\/\\\/www.sistemas-catalunya.com\\\/ca\\\/#website\"},\"primaryImageOfPage\":{\"@id\":\"https:\\\/\\\/www.sistemas-catalunya.com\\\/ca\\\/producte\\\/dd3344\\\/#primaryimage\"},\"image\":{\"@id\":\"https:\\\/\\\/www.sistemas-catalunya.com\\\/ca\\\/producte\\\/dd3344\\\/#primaryimage\"},\"thumbnailUrl\":\"https:\\\/\\\/www.sistemas-catalunya.com\\\/wp-content\\\/uploads\\\/2020\\\/11\\\/dd3344.jpg\",\"datePublished\":\"2020-11-26T10:17:23+00:00\",\"dateModified\":\"2025-07-21T22:43:14+00:00\",\"description\":\"La duplicadora digital DD 3344 ofereix una velocitat de sortida excepcional de 130 p\u00e0gines per minut, cosa que ajuda a maximitzar la seva productivitat.\",\"breadcrumb\":{\"@id\":\"https:\\\/\\\/www.sistemas-catalunya.com\\\/ca\\\/producte\\\/dd3344\\\/#breadcrumb\"},\"inLanguage\":\"ca\",\"potentialAction\":[{\"@type\":\"ReadAction\",\"target\":[\"https:\\\/\\\/www.sistemas-catalunya.com\\\/ca\\\/producte\\\/dd3344\\\/\"]}]},{\"@type\":\"ImageObject\",\"inLanguage\":\"ca\",\"@id\":\"https:\\\/\\\/www.sistemas-catalunya.com\\\/ca\\\/producte\\\/dd3344\\\/#primaryimage\",\"url\":\"https:\\\/\\\/www.sistemas-catalunya.com\\\/wp-content\\\/uploads\\\/2020\\\/11\\\/dd3344.jpg\",\"contentUrl\":\"https:\\\/\\\/www.sistemas-catalunya.com\\\/wp-content\\\/uploads\\\/2020\\\/11\\\/dd3344.jpg\",\"width\":797,\"height\":668,\"caption\":\"dd3344\"},{\"@type\":\"BreadcrumbList\",\"@id\":\"https:\\\/\\\/www.sistemas-catalunya.com\\\/ca\\\/producte\\\/dd3344\\\/#breadcrumb\",\"itemListElement\":[{\"@type\":\"ListItem\",\"position\":1,\"name\":\"Sistemas Catalunya\",\"item\":\"https:\\\/\\\/www.sistemas-catalunya.com\\\/ca\\\/\"},{\"@type\":\"ListItem\",\"position\":2,\"name\":\"Productes\",\"item\":\"https:\\\/\\\/www.sistemas-catalunya.com\\\/ca\\\/productes\\\/\"},{\"@type\":\"ListItem\",\"position\":3,\"name\":\"Duplicadores Ricoh\",\"item\":\"https:\\\/\\\/www.sistemas-catalunya.com\\\/ca\\\/cat-producto\\\/duplicadores\\\/\"},{\"@type\":\"ListItem\",\"position\":4,\"name\":\"Duplicadora Ricoh DD3344\"}]},{\"@type\":\"WebSite\",\"@id\":\"https:\\\/\\\/www.sistemas-catalunya.com\\\/ca\\\/#website\",\"url\":\"https:\\\/\\\/www.sistemas-catalunya.com\\\/ca\\\/\",\"name\":\"Sistemas Digitales\",\"description\":\"Renting de Impresoras y Fotocopiadoras ...\",\"potentialAction\":[{\"@type\":\"SearchAction\",\"target\":{\"@type\":\"EntryPoint\",\"urlTemplate\":\"https:\\\/\\\/www.sistemas-catalunya.com\\\/ca\\\/?s={search_term_string}\"},\"query-input\":{\"@type\":\"PropertyValueSpecification\",\"valueRequired\":true,\"valueName\":\"search_term_string\"}}],\"inLanguage\":\"ca\"}]}<\/script>\n<!-- \/ Yoast SEO plugin. -->","yoast_head_json":{"title":"Impressora Duplicadora Ricoh DD3344 - Sistemas Digitales","description":"La duplicadora digital DD 3344 ofereix una velocitat de sortida excepcional de 130 p\u00e0gines per minut, cosa que ajuda a maximitzar la seva productivitat.","robots":{"index":"index","follow":"follow","max-snippet":"max-snippet:-1","max-image-preview":"max-image-preview:large","max-video-preview":"max-video-preview:-1"},"canonical":"https:\/\/www.sistemas-catalunya.com\/ca\/producte\/dd3344\/","og_locale":"ca_ES","og_type":"article","og_title":"Impressora Duplicadora Ricoh DD3344 - Sistemas Digitales","og_description":"La duplicadora digital DD 3344 ofereix una velocitat de sortida excepcional de 130 p\u00e0gines per minut, cosa que ajuda a maximitzar la seva productivitat.","og_url":"https:\/\/www.sistemas-catalunya.com\/ca\/producte\/dd3344\/","og_site_name":"Sistemas Digitales","article_modified_time":"2025-07-21T22:43:14+00:00","og_image":[{"width":797,"height":668,"url":"https:\/\/www.sistemas-catalunya.com\/wp-content\/uploads\/2020\/11\/dd3344.jpg","type":"image\/jpeg"}],"twitter_card":"summary_large_image","schema":{"@context":"https:\/\/schema.org","@graph":[{"@type":"WebPage","@id":"https:\/\/www.sistemas-catalunya.com\/ca\/producte\/dd3344\/","url":"https:\/\/www.sistemas-catalunya.com\/ca\/producte\/dd3344\/","name":"Impressora Duplicadora Ricoh DD3344 - Sistemas Digitales","isPartOf":{"@id":"https:\/\/www.sistemas-catalunya.com\/ca\/#website"},"primaryImageOfPage":{"@id":"https:\/\/www.sistemas-catalunya.com\/ca\/producte\/dd3344\/#primaryimage"},"image":{"@id":"https:\/\/www.sistemas-catalunya.com\/ca\/producte\/dd3344\/#primaryimage"},"thumbnailUrl":"https:\/\/www.sistemas-catalunya.com\/wp-content\/uploads\/2020\/11\/dd3344.jpg","datePublished":"2020-11-26T10:17:23+00:00","dateModified":"2025-07-21T22:43:14+00:00","description":"La duplicadora digital DD 3344 ofereix una velocitat de sortida excepcional de 130 p\u00e0gines per minut, cosa que ajuda a maximitzar la seva productivitat.","breadcrumb":{"@id":"https:\/\/www.sistemas-catalunya.com\/ca\/producte\/dd3344\/#breadcrumb"},"inLanguage":"ca","potentialAction":[{"@type":"ReadAction","target":["https:\/\/www.sistemas-catalunya.com\/ca\/producte\/dd3344\/"]}]},{"@type":"ImageObject","inLanguage":"ca","@id":"https:\/\/www.sistemas-catalunya.com\/ca\/producte\/dd3344\/#primaryimage","url":"https:\/\/www.sistemas-catalunya.com\/wp-content\/uploads\/2020\/11\/dd3344.jpg","contentUrl":"https:\/\/www.sistemas-catalunya.com\/wp-content\/uploads\/2020\/11\/dd3344.jpg","width":797,"height":668,"caption":"dd3344"},{"@type":"BreadcrumbList","@id":"https:\/\/www.sistemas-catalunya.com\/ca\/producte\/dd3344\/#breadcrumb","itemListElement":[{"@type":"ListItem","position":1,"name":"Sistemas Catalunya","item":"https:\/\/www.sistemas-catalunya.com\/ca\/"},{"@type":"ListItem","position":2,"name":"Productes","item":"https:\/\/www.sistemas-catalunya.com\/ca\/productes\/"},{"@type":"ListItem","position":3,"name":"Duplicadores Ricoh","item":"https:\/\/www.sistemas-catalunya.com\/ca\/cat-producto\/duplicadores\/"},{"@type":"ListItem","position":4,"name":"Duplicadora Ricoh DD3344"}]},{"@type":"WebSite","@id":"https:\/\/www.sistemas-catalunya.com\/ca\/#website","url":"https:\/\/www.sistemas-catalunya.com\/ca\/","name":"Sistemas Digitales","description":"Renting de Impresoras y Fotocopiadoras ...","potentialAction":[{"@type":"SearchAction","target":{"@type":"EntryPoint","urlTemplate":"https:\/\/www.sistemas-catalunya.com\/ca\/?s={search_term_string}"},"query-input":{"@type":"PropertyValueSpecification","valueRequired":true,"valueName":"search_term_string"}}],"inLanguage":"ca"}]}},"_links":{"self":[{"href":"https:\/\/www.sistemas-catalunya.com\/ca\/wp-json\/wp\/v2\/product\/242008","targetHints":{"allow":["GET"]}}],"collection":[{"href":"https:\/\/www.sistemas-catalunya.com\/ca\/wp-json\/wp\/v2\/product"}],"about":[{"href":"https:\/\/www.sistemas-catalunya.com\/ca\/wp-json\/wp\/v2\/types\/product"}],"replies":[{"embeddable":true,"href":"https:\/\/www.sistemas-catalunya.com\/ca\/wp-json\/wp\/v2\/comments?post=242008"}],"wp:featuredmedia":[{"embeddable":true,"href":"https:\/\/www.sistemas-catalunya.com\/ca\/wp-json\/wp\/v2\/media\/240108"}],"wp:attachment":[{"href":"https:\/\/www.sistemas-catalunya.com\/ca\/wp-json\/wp\/v2\/media?parent=242008"}],"wp:term":[{"taxonomy":"product_brand","embeddable":true,"href":"https:\/\/www.sistemas-catalunya.com\/ca\/wp-json\/wp\/v2\/product_brand?post=242008"},{"taxonomy":"product_cat","embeddable":true,"href":"https:\/\/www.sistemas-catalunya.com\/ca\/wp-json\/wp\/v2\/product_cat?post=242008"},{"taxonomy":"product_tag","embeddable":true,"href":"https:\/\/www.sistemas-catalunya.com\/ca\/wp-json\/wp\/v2\/product_tag?post=242008"}],"curies":[{"name":"wp","href":"https:\/\/api.w.org\/{rel}","templated":true}]}}