{"id":242010,"date":"2020-11-26T11:17:21","date_gmt":"2020-11-26T10:17:21","guid":{"rendered":"https:\/\/www.sistemas-catalunya.com\/producto\/mp-cw2201sp\/"},"modified":"2025-07-21T23:43:13","modified_gmt":"2025-07-21T22:43:13","slug":"mp-cw2201sp","status":"publish","type":"product","link":"https:\/\/www.sistemas-catalunya.com\/ca\/producte\/mp-cw2201sp\/","title":{"rendered":"Impressora Gran Format MP-CW2201SP"},"content":{"rendered":"<h2>Impressora Gran format MP-CW2201SP<\/h2>\n<p>La impressora gran format Ricoh MP CW2201SP, dissenyada per a aplicacions CAD, GIS i Gr\u00e0fiques, ha millorat la velocitat i qualitat d&#8217;imatge per ajudar-te a cobrir el volum m\u00e9s gran d&#8217;equips t\u00f2ner sense perdre la productivitat. A m\u00e9s, compta amb les caracter\u00edstiques de l&#8217;avan\u00e7ada tecnologia de tinta GEL-Jet impermeable i innovadora com \u00e9s el Smart Operation Panel i la detecci\u00f3 autom\u00e0tica d&#8217;injectors obstru\u00efts, enfortint la teva efici\u00e8ncia per garantir un nivell competitiu alt. <\/p>\n<p>Creada per aplicacions gr\u00e0fiques, CAD i GIS, amb una velocitat i una qualitat d&#8217;imatge millorades per ajudar a captar m\u00e9s volum d&#8217;impressi\u00f3 electrofotogr\u00e0fica en blanc i negre<\/p>\n<h3>Especificacions impressora Gran format MP-CW2201SP<\/h3>\n<ul>\n<li><em>Categoria:<\/em> Gran format<\/li>\n<li><em>Velocitat d&#8217;impressi\u00f3:<\/em> 2,8 PPM<\/li>\n<li><em>Resoluci\u00f3:<\/em> 1200 x 1200 dpi<\/li>\n<\/ul>\n<p>&nbsp;<\/p>\n","protected":false},"excerpt":{"rendered":"<p>Gran format<\/p>\n<p> Velocitat d&#8217;impressi\u00f3: 2,8 PPM<\/p>\n<p> Resoluci\u00f3: 1200 x 1200 dpi<\/p>\n","protected":false},"featured_media":240102,"comment_status":"open","ping_status":"closed","template":"","meta":{"_acf_changed":false},"product_brand":[],"product_cat":[182],"product_tag":[],"class_list":{"0":"post-242010","1":"product","2":"type-product","3":"status-publish","4":"has-post-thumbnail","6":"product_cat-impressores-gran-format","8":"first","9":"instock","10":"taxable","11":"shipping-taxable","12":"product-type-simple"},"acf":[],"yoast_head":"<!-- This site is optimized with the Yoast SEO plugin v27.3 - https:\/\/yoast.com\/product\/yoast-seo-wordpress\/ -->\n<title>Impressora Gran Format MP-CW2201SP - Sistemas Digitales<\/title>\n<meta name=\"robots\" content=\"index, follow, max-snippet:-1, max-image-preview:large, max-video-preview:-1\" \/>\n<link rel=\"canonical\" href=\"https:\/\/www.sistemas-catalunya.com\/ca\/producte\/mp-cw2201sp\/\" \/>\n<meta property=\"og:locale\" content=\"ca_ES\" \/>\n<meta property=\"og:type\" content=\"article\" \/>\n<meta property=\"og:title\" content=\"Impressora Gran Format MP-CW2201SP - Sistemas Digitales\" \/>\n<meta property=\"og:description\" content=\"Gran format  Velocitat d&#039;impressi\u00f3: 2,8 PPM  Resoluci\u00f3: 1200 x 1200 dpi\" \/>\n<meta property=\"og:url\" content=\"https:\/\/www.sistemas-catalunya.com\/ca\/producte\/mp-cw2201sp\/\" \/>\n<meta property=\"og:site_name\" content=\"Sistemas Digitales\" \/>\n<meta property=\"article:modified_time\" content=\"2025-07-21T22:43:13+00:00\" \/>\n<meta property=\"og:image\" content=\"https:\/\/www.sistemas-catalunya.com\/wp-content\/uploads\/2020\/11\/mp-cw2201sp.png\" \/>\n\t<meta property=\"og:image:width\" content=\"504\" \/>\n\t<meta property=\"og:image:height\" content=\"528\" \/>\n\t<meta property=\"og:image:type\" content=\"image\/png\" \/>\n<meta name=\"twitter:card\" content=\"summary_large_image\" \/>\n<meta name=\"twitter:label1\" content=\"Temps estimat de lectura\" \/>\n\t<meta name=\"twitter:data1\" content=\"1 minut\" \/>\n<script type=\"application\/ld+json\" class=\"yoast-schema-graph\">{\"@context\":\"https:\\\/\\\/schema.org\",\"@graph\":[{\"@type\":\"WebPage\",\"@id\":\"https:\\\/\\\/www.sistemas-catalunya.com\\\/ca\\\/producte\\\/mp-cw2201sp\\\/\",\"url\":\"https:\\\/\\\/www.sistemas-catalunya.com\\\/ca\\\/producte\\\/mp-cw2201sp\\\/\",\"name\":\"Impressora Gran Format MP-CW2201SP - Sistemas Digitales\",\"isPartOf\":{\"@id\":\"https:\\\/\\\/www.sistemas-catalunya.com\\\/ca\\\/#website\"},\"primaryImageOfPage\":{\"@id\":\"https:\\\/\\\/www.sistemas-catalunya.com\\\/ca\\\/producte\\\/mp-cw2201sp\\\/#primaryimage\"},\"image\":{\"@id\":\"https:\\\/\\\/www.sistemas-catalunya.com\\\/ca\\\/producte\\\/mp-cw2201sp\\\/#primaryimage\"},\"thumbnailUrl\":\"https:\\\/\\\/www.sistemas-catalunya.com\\\/wp-content\\\/uploads\\\/2020\\\/11\\\/mp-cw2201sp.png\",\"datePublished\":\"2020-11-26T10:17:21+00:00\",\"dateModified\":\"2025-07-21T22:43:13+00:00\",\"breadcrumb\":{\"@id\":\"https:\\\/\\\/www.sistemas-catalunya.com\\\/ca\\\/producte\\\/mp-cw2201sp\\\/#breadcrumb\"},\"inLanguage\":\"ca\",\"potentialAction\":[{\"@type\":\"ReadAction\",\"target\":[\"https:\\\/\\\/www.sistemas-catalunya.com\\\/ca\\\/producte\\\/mp-cw2201sp\\\/\"]}]},{\"@type\":\"ImageObject\",\"inLanguage\":\"ca\",\"@id\":\"https:\\\/\\\/www.sistemas-catalunya.com\\\/ca\\\/producte\\\/mp-cw2201sp\\\/#primaryimage\",\"url\":\"https:\\\/\\\/www.sistemas-catalunya.com\\\/wp-content\\\/uploads\\\/2020\\\/11\\\/mp-cw2201sp.png\",\"contentUrl\":\"https:\\\/\\\/www.sistemas-catalunya.com\\\/wp-content\\\/uploads\\\/2020\\\/11\\\/mp-cw2201sp.png\",\"width\":504,\"height\":528,\"caption\":\"mp cw2201sp\"},{\"@type\":\"BreadcrumbList\",\"@id\":\"https:\\\/\\\/www.sistemas-catalunya.com\\\/ca\\\/producte\\\/mp-cw2201sp\\\/#breadcrumb\",\"itemListElement\":[{\"@type\":\"ListItem\",\"position\":1,\"name\":\"Sistemas Catalunya\",\"item\":\"https:\\\/\\\/www.sistemas-catalunya.com\\\/ca\\\/\"},{\"@type\":\"ListItem\",\"position\":2,\"name\":\"Productes\",\"item\":\"https:\\\/\\\/www.sistemas-catalunya.com\\\/ca\\\/productes\\\/\"},{\"@type\":\"ListItem\",\"position\":3,\"name\":\"Gran Format\",\"item\":\"https:\\\/\\\/www.sistemas-catalunya.com\\\/ca\\\/cat-producto\\\/impressores-gran-format\\\/\"},{\"@type\":\"ListItem\",\"position\":4,\"name\":\"Impressora Gran Format MP-CW2201SP\"}]},{\"@type\":\"WebSite\",\"@id\":\"https:\\\/\\\/www.sistemas-catalunya.com\\\/ca\\\/#website\",\"url\":\"https:\\\/\\\/www.sistemas-catalunya.com\\\/ca\\\/\",\"name\":\"Sistemas Digitales\",\"description\":\"Renting de Impresoras y Fotocopiadoras ...\",\"potentialAction\":[{\"@type\":\"SearchAction\",\"target\":{\"@type\":\"EntryPoint\",\"urlTemplate\":\"https:\\\/\\\/www.sistemas-catalunya.com\\\/ca\\\/?s={search_term_string}\"},\"query-input\":{\"@type\":\"PropertyValueSpecification\",\"valueRequired\":true,\"valueName\":\"search_term_string\"}}],\"inLanguage\":\"ca\"}]}<\/script>\n<!-- \/ Yoast SEO plugin. -->","yoast_head_json":{"title":"Impressora Gran Format MP-CW2201SP - Sistemas Digitales","robots":{"index":"index","follow":"follow","max-snippet":"max-snippet:-1","max-image-preview":"max-image-preview:large","max-video-preview":"max-video-preview:-1"},"canonical":"https:\/\/www.sistemas-catalunya.com\/ca\/producte\/mp-cw2201sp\/","og_locale":"ca_ES","og_type":"article","og_title":"Impressora Gran Format MP-CW2201SP - Sistemas Digitales","og_description":"Gran format  Velocitat d'impressi\u00f3: 2,8 PPM  Resoluci\u00f3: 1200 x 1200 dpi","og_url":"https:\/\/www.sistemas-catalunya.com\/ca\/producte\/mp-cw2201sp\/","og_site_name":"Sistemas Digitales","article_modified_time":"2025-07-21T22:43:13+00:00","og_image":[{"width":504,"height":528,"url":"https:\/\/www.sistemas-catalunya.com\/wp-content\/uploads\/2020\/11\/mp-cw2201sp.png","type":"image\/png"}],"twitter_card":"summary_large_image","twitter_misc":{"Temps estimat de lectura":"1 minut"},"schema":{"@context":"https:\/\/schema.org","@graph":[{"@type":"WebPage","@id":"https:\/\/www.sistemas-catalunya.com\/ca\/producte\/mp-cw2201sp\/","url":"https:\/\/www.sistemas-catalunya.com\/ca\/producte\/mp-cw2201sp\/","name":"Impressora Gran Format MP-CW2201SP - Sistemas Digitales","isPartOf":{"@id":"https:\/\/www.sistemas-catalunya.com\/ca\/#website"},"primaryImageOfPage":{"@id":"https:\/\/www.sistemas-catalunya.com\/ca\/producte\/mp-cw2201sp\/#primaryimage"},"image":{"@id":"https:\/\/www.sistemas-catalunya.com\/ca\/producte\/mp-cw2201sp\/#primaryimage"},"thumbnailUrl":"https:\/\/www.sistemas-catalunya.com\/wp-content\/uploads\/2020\/11\/mp-cw2201sp.png","datePublished":"2020-11-26T10:17:21+00:00","dateModified":"2025-07-21T22:43:13+00:00","breadcrumb":{"@id":"https:\/\/www.sistemas-catalunya.com\/ca\/producte\/mp-cw2201sp\/#breadcrumb"},"inLanguage":"ca","potentialAction":[{"@type":"ReadAction","target":["https:\/\/www.sistemas-catalunya.com\/ca\/producte\/mp-cw2201sp\/"]}]},{"@type":"ImageObject","inLanguage":"ca","@id":"https:\/\/www.sistemas-catalunya.com\/ca\/producte\/mp-cw2201sp\/#primaryimage","url":"https:\/\/www.sistemas-catalunya.com\/wp-content\/uploads\/2020\/11\/mp-cw2201sp.png","contentUrl":"https:\/\/www.sistemas-catalunya.com\/wp-content\/uploads\/2020\/11\/mp-cw2201sp.png","width":504,"height":528,"caption":"mp cw2201sp"},{"@type":"BreadcrumbList","@id":"https:\/\/www.sistemas-catalunya.com\/ca\/producte\/mp-cw2201sp\/#breadcrumb","itemListElement":[{"@type":"ListItem","position":1,"name":"Sistemas Catalunya","item":"https:\/\/www.sistemas-catalunya.com\/ca\/"},{"@type":"ListItem","position":2,"name":"Productes","item":"https:\/\/www.sistemas-catalunya.com\/ca\/productes\/"},{"@type":"ListItem","position":3,"name":"Gran Format","item":"https:\/\/www.sistemas-catalunya.com\/ca\/cat-producto\/impressores-gran-format\/"},{"@type":"ListItem","position":4,"name":"Impressora Gran Format MP-CW2201SP"}]},{"@type":"WebSite","@id":"https:\/\/www.sistemas-catalunya.com\/ca\/#website","url":"https:\/\/www.sistemas-catalunya.com\/ca\/","name":"Sistemas Digitales","description":"Renting de Impresoras y Fotocopiadoras ...","potentialAction":[{"@type":"SearchAction","target":{"@type":"EntryPoint","urlTemplate":"https:\/\/www.sistemas-catalunya.com\/ca\/?s={search_term_string}"},"query-input":{"@type":"PropertyValueSpecification","valueRequired":true,"valueName":"search_term_string"}}],"inLanguage":"ca"}]}},"_links":{"self":[{"href":"https:\/\/www.sistemas-catalunya.com\/ca\/wp-json\/wp\/v2\/product\/242010","targetHints":{"allow":["GET"]}}],"collection":[{"href":"https:\/\/www.sistemas-catalunya.com\/ca\/wp-json\/wp\/v2\/product"}],"about":[{"href":"https:\/\/www.sistemas-catalunya.com\/ca\/wp-json\/wp\/v2\/types\/product"}],"replies":[{"embeddable":true,"href":"https:\/\/www.sistemas-catalunya.com\/ca\/wp-json\/wp\/v2\/comments?post=242010"}],"wp:featuredmedia":[{"embeddable":true,"href":"https:\/\/www.sistemas-catalunya.com\/ca\/wp-json\/wp\/v2\/media\/240102"}],"wp:attachment":[{"href":"https:\/\/www.sistemas-catalunya.com\/ca\/wp-json\/wp\/v2\/media?parent=242010"}],"wp:term":[{"taxonomy":"product_brand","embeddable":true,"href":"https:\/\/www.sistemas-catalunya.com\/ca\/wp-json\/wp\/v2\/product_brand?post=242010"},{"taxonomy":"product_cat","embeddable":true,"href":"https:\/\/www.sistemas-catalunya.com\/ca\/wp-json\/wp\/v2\/product_cat?post=242010"},{"taxonomy":"product_tag","embeddable":true,"href":"https:\/\/www.sistemas-catalunya.com\/ca\/wp-json\/wp\/v2\/product_tag?post=242010"}],"curies":[{"name":"wp","href":"https:\/\/api.w.org\/{rel}","templated":true}]}}