{"id":242012,"date":"2020-11-26T11:17:19","date_gmt":"2020-11-26T10:17:19","guid":{"rendered":"https:\/\/www.sistemas-catalunya.com\/producto\/pro-l5160\/"},"modified":"2025-07-21T23:42:49","modified_gmt":"2025-07-21T22:42:49","slug":"pro-l5160","status":"publish","type":"product","link":"https:\/\/www.sistemas-catalunya.com\/ca\/producte\/pro-l5160\/","title":{"rendered":"Impressora Gran Format PRO-L5160"},"content":{"rendered":"<h2>Impressora Gran format PRO-L5160<\/h2>\n<p>La nova generaci\u00f3 de Ricoh L5160 ofereix una combinaci\u00f3 \u00fanica de versatilitat d\u00b4aplicacions, facilitat d\u00b4\u00fas i una productivitat extraordin\u00e0riament alta per impulsar el teu negoci. Ofereixen velocitats de sortida m\u00e9s altes i una qualitat d&#8217;imatge encara millor que mai, gr\u00e0cies als tres nous cap\u00e7als d&#8217;impressi\u00f3 esglaonats d&#8217;alta velocitat i la nostra nova tinta L\u00e0tex d&#8217;assecatge gaireb\u00e9 instantani, a m\u00e9s de tecnologia superior. Tot aix\u00f2 millora la productivitat i ofereix la capacitat d&#8217;imprimir en una \u00e0mplia gamma de suports.  <\/p>\n<p>Prepara&#8217;t per gaudir de nous nivells de versatilitat i productivitat. Les impressores Pro L5130 i Pro L5160 de Ricoh ampliaran realment l&#8217;oferta per a \u00fas a interiors i exteriors. Proporcionen una velocitat d&#8217;impressi\u00f3 m\u00e9s elevada i una qualitat d&#8217;imatge encara m\u00e9s gran. Amb tres cap\u00e7als d&#8217;impressi\u00f3 d&#8217;alta velocitat escalonats, una tecnologia d&#8217;injecci\u00f3 millorada i tinta l\u00e0tex d&#8217;assecatge r\u00e0pid, les impressores Pro L5130\/L5160 de Ricoh milloraran la productivitat i us permetran imprimir en una \u00e0mplia gamma de suports que estan fora de l&#8217;abast de les impressores solvents.   <\/p>\n<h3>Especificacions impressora Gran format PRO-L5160<\/h3>\n<ul>\n<li><em>Categoria:<\/em> Gran format<\/li>\n<li><em>Velocitat d&#8217;impressi\u00f3:<\/em> Fins a 46,7 m2\/h<\/li>\n<li><em>Resoluci\u00f3:<\/em> 1200 x 1200 dpi<\/li>\n<li><em>Molt productives:<\/em> fins a 46,7 m2\/h en materials per a exteriors i 25 m2\/h en materials per a interiors<\/li>\n<li><em>\u00c0mplia versatilitat de suports:<\/em> imprimeix en suports permeables i impermeables<\/li>\n<li><em>Rendiment fiable:<\/em> cap\u00e7als d&#8217;impressi\u00f3 de llarga durada, sistema de neteja i sensor d&#8217;ajust autom\u00e0tic<\/li>\n<li><em>F\u00e0cils d&#8217;utilitzar:<\/em> panell t\u00e0ctil intu\u00eftiu de 4,3 polzades i funcionament a dist\u00e0ncia<\/li>\n<li><em>Incre\u00efblement vers\u00e0tils:<\/em> les aplicacions inclouen publicitat per a interiors i exteriors, lones publicit\u00e0ries per cobrir fa\u00e7anes, gr\u00e0fics per a exposicions i esdeveniments, gr\u00e0fics per a vehicles, fotos i impressions art\u00edstiques, articles de decoraci\u00f3, etiquetes i embalatges flexibles<\/li>\n<\/ul>\n","protected":false},"excerpt":{"rendered":"<p>Gran format<\/p>\n<p> Velocitat d&#8217;impressi\u00f3: Fins a 46,7 m2\/h<\/p>\n<p> Resoluci\u00f3: 1200 x 1200 dpi<\/p>\n","protected":false},"featured_media":240106,"comment_status":"open","ping_status":"closed","template":"","meta":{"_acf_changed":false},"product_brand":[],"product_cat":[182],"product_tag":[],"class_list":{"0":"post-242012","1":"product","2":"type-product","3":"status-publish","4":"has-post-thumbnail","6":"product_cat-impressores-gran-format","8":"first","9":"instock","10":"taxable","11":"shipping-taxable","12":"product-type-simple"},"acf":[],"yoast_head":"<!-- This site is optimized with the Yoast SEO plugin v27.4 - https:\/\/yoast.com\/product\/yoast-seo-wordpress\/ -->\n<title>Impressora Gran Format PRO-L5160 - Sistemas Digitales<\/title>\n<meta name=\"robots\" content=\"index, follow, max-snippet:-1, max-image-preview:large, max-video-preview:-1\" \/>\n<link rel=\"canonical\" href=\"https:\/\/www.sistemas-catalunya.com\/ca\/producte\/pro-l5160\/\" \/>\n<meta property=\"og:locale\" content=\"ca_ES\" \/>\n<meta property=\"og:type\" content=\"article\" \/>\n<meta property=\"og:title\" content=\"Impressora Gran Format PRO-L5160 - Sistemas Digitales\" \/>\n<meta property=\"og:description\" content=\"Gran format  Velocitat d&#039;impressi\u00f3: Fins a 46,7 m2\/h  Resoluci\u00f3: 1200 x 1200 dpi\" \/>\n<meta property=\"og:url\" content=\"https:\/\/www.sistemas-catalunya.com\/ca\/producte\/pro-l5160\/\" \/>\n<meta property=\"og:site_name\" content=\"Sistemas Digitales\" \/>\n<meta property=\"article:modified_time\" content=\"2025-07-21T22:42:49+00:00\" \/>\n<meta property=\"og:image\" content=\"https:\/\/www.sistemas-catalunya.com\/wp-content\/uploads\/2020\/11\/pro-l5160.png\" \/>\n\t<meta property=\"og:image:width\" content=\"504\" \/>\n\t<meta property=\"og:image:height\" content=\"528\" \/>\n\t<meta property=\"og:image:type\" content=\"image\/png\" \/>\n<meta name=\"twitter:card\" content=\"summary_large_image\" \/>\n<meta name=\"twitter:label1\" content=\"Temps estimat de lectura\" \/>\n\t<meta name=\"twitter:data1\" content=\"2 minuts\" \/>\n<script type=\"application\/ld+json\" class=\"yoast-schema-graph\">{\"@context\":\"https:\\\/\\\/schema.org\",\"@graph\":[{\"@type\":\"WebPage\",\"@id\":\"https:\\\/\\\/www.sistemas-catalunya.com\\\/ca\\\/producte\\\/pro-l5160\\\/\",\"url\":\"https:\\\/\\\/www.sistemas-catalunya.com\\\/ca\\\/producte\\\/pro-l5160\\\/\",\"name\":\"Impressora Gran Format PRO-L5160 - Sistemas Digitales\",\"isPartOf\":{\"@id\":\"https:\\\/\\\/www.sistemas-catalunya.com\\\/ca\\\/#website\"},\"primaryImageOfPage\":{\"@id\":\"https:\\\/\\\/www.sistemas-catalunya.com\\\/ca\\\/producte\\\/pro-l5160\\\/#primaryimage\"},\"image\":{\"@id\":\"https:\\\/\\\/www.sistemas-catalunya.com\\\/ca\\\/producte\\\/pro-l5160\\\/#primaryimage\"},\"thumbnailUrl\":\"https:\\\/\\\/www.sistemas-catalunya.com\\\/wp-content\\\/uploads\\\/2020\\\/11\\\/pro-l5160.png\",\"datePublished\":\"2020-11-26T10:17:19+00:00\",\"dateModified\":\"2025-07-21T22:42:49+00:00\",\"breadcrumb\":{\"@id\":\"https:\\\/\\\/www.sistemas-catalunya.com\\\/ca\\\/producte\\\/pro-l5160\\\/#breadcrumb\"},\"inLanguage\":\"ca\",\"potentialAction\":[{\"@type\":\"ReadAction\",\"target\":[\"https:\\\/\\\/www.sistemas-catalunya.com\\\/ca\\\/producte\\\/pro-l5160\\\/\"]}]},{\"@type\":\"ImageObject\",\"inLanguage\":\"ca\",\"@id\":\"https:\\\/\\\/www.sistemas-catalunya.com\\\/ca\\\/producte\\\/pro-l5160\\\/#primaryimage\",\"url\":\"https:\\\/\\\/www.sistemas-catalunya.com\\\/wp-content\\\/uploads\\\/2020\\\/11\\\/pro-l5160.png\",\"contentUrl\":\"https:\\\/\\\/www.sistemas-catalunya.com\\\/wp-content\\\/uploads\\\/2020\\\/11\\\/pro-l5160.png\",\"width\":504,\"height\":528,\"caption\":\"pro l5160\"},{\"@type\":\"BreadcrumbList\",\"@id\":\"https:\\\/\\\/www.sistemas-catalunya.com\\\/ca\\\/producte\\\/pro-l5160\\\/#breadcrumb\",\"itemListElement\":[{\"@type\":\"ListItem\",\"position\":1,\"name\":\"Sistemas Catalunya\",\"item\":\"https:\\\/\\\/www.sistemas-catalunya.com\\\/ca\\\/\"},{\"@type\":\"ListItem\",\"position\":2,\"name\":\"Productes\",\"item\":\"https:\\\/\\\/www.sistemas-catalunya.com\\\/ca\\\/productes\\\/\"},{\"@type\":\"ListItem\",\"position\":3,\"name\":\"Gran Format\",\"item\":\"https:\\\/\\\/www.sistemas-catalunya.com\\\/ca\\\/cat-producto\\\/impressores-gran-format\\\/\"},{\"@type\":\"ListItem\",\"position\":4,\"name\":\"Impressora Gran Format PRO-L5160\"}]},{\"@type\":\"WebSite\",\"@id\":\"https:\\\/\\\/www.sistemas-catalunya.com\\\/ca\\\/#website\",\"url\":\"https:\\\/\\\/www.sistemas-catalunya.com\\\/ca\\\/\",\"name\":\"Sistemas Digitales\",\"description\":\"Renting de Impresoras y Fotocopiadoras ...\",\"potentialAction\":[{\"@type\":\"SearchAction\",\"target\":{\"@type\":\"EntryPoint\",\"urlTemplate\":\"https:\\\/\\\/www.sistemas-catalunya.com\\\/ca\\\/?s={search_term_string}\"},\"query-input\":{\"@type\":\"PropertyValueSpecification\",\"valueRequired\":true,\"valueName\":\"search_term_string\"}}],\"inLanguage\":\"ca\"}]}<\/script>\n<!-- \/ Yoast SEO plugin. -->","yoast_head_json":{"title":"Impressora Gran Format PRO-L5160 - Sistemas Digitales","robots":{"index":"index","follow":"follow","max-snippet":"max-snippet:-1","max-image-preview":"max-image-preview:large","max-video-preview":"max-video-preview:-1"},"canonical":"https:\/\/www.sistemas-catalunya.com\/ca\/producte\/pro-l5160\/","og_locale":"ca_ES","og_type":"article","og_title":"Impressora Gran Format PRO-L5160 - Sistemas Digitales","og_description":"Gran format  Velocitat d'impressi\u00f3: Fins a 46,7 m2\/h  Resoluci\u00f3: 1200 x 1200 dpi","og_url":"https:\/\/www.sistemas-catalunya.com\/ca\/producte\/pro-l5160\/","og_site_name":"Sistemas Digitales","article_modified_time":"2025-07-21T22:42:49+00:00","og_image":[{"width":504,"height":528,"url":"https:\/\/www.sistemas-catalunya.com\/wp-content\/uploads\/2020\/11\/pro-l5160.png","type":"image\/png"}],"twitter_card":"summary_large_image","twitter_misc":{"Temps estimat de lectura":"2 minuts"},"schema":{"@context":"https:\/\/schema.org","@graph":[{"@type":"WebPage","@id":"https:\/\/www.sistemas-catalunya.com\/ca\/producte\/pro-l5160\/","url":"https:\/\/www.sistemas-catalunya.com\/ca\/producte\/pro-l5160\/","name":"Impressora Gran Format PRO-L5160 - Sistemas Digitales","isPartOf":{"@id":"https:\/\/www.sistemas-catalunya.com\/ca\/#website"},"primaryImageOfPage":{"@id":"https:\/\/www.sistemas-catalunya.com\/ca\/producte\/pro-l5160\/#primaryimage"},"image":{"@id":"https:\/\/www.sistemas-catalunya.com\/ca\/producte\/pro-l5160\/#primaryimage"},"thumbnailUrl":"https:\/\/www.sistemas-catalunya.com\/wp-content\/uploads\/2020\/11\/pro-l5160.png","datePublished":"2020-11-26T10:17:19+00:00","dateModified":"2025-07-21T22:42:49+00:00","breadcrumb":{"@id":"https:\/\/www.sistemas-catalunya.com\/ca\/producte\/pro-l5160\/#breadcrumb"},"inLanguage":"ca","potentialAction":[{"@type":"ReadAction","target":["https:\/\/www.sistemas-catalunya.com\/ca\/producte\/pro-l5160\/"]}]},{"@type":"ImageObject","inLanguage":"ca","@id":"https:\/\/www.sistemas-catalunya.com\/ca\/producte\/pro-l5160\/#primaryimage","url":"https:\/\/www.sistemas-catalunya.com\/wp-content\/uploads\/2020\/11\/pro-l5160.png","contentUrl":"https:\/\/www.sistemas-catalunya.com\/wp-content\/uploads\/2020\/11\/pro-l5160.png","width":504,"height":528,"caption":"pro l5160"},{"@type":"BreadcrumbList","@id":"https:\/\/www.sistemas-catalunya.com\/ca\/producte\/pro-l5160\/#breadcrumb","itemListElement":[{"@type":"ListItem","position":1,"name":"Sistemas Catalunya","item":"https:\/\/www.sistemas-catalunya.com\/ca\/"},{"@type":"ListItem","position":2,"name":"Productes","item":"https:\/\/www.sistemas-catalunya.com\/ca\/productes\/"},{"@type":"ListItem","position":3,"name":"Gran Format","item":"https:\/\/www.sistemas-catalunya.com\/ca\/cat-producto\/impressores-gran-format\/"},{"@type":"ListItem","position":4,"name":"Impressora Gran Format PRO-L5160"}]},{"@type":"WebSite","@id":"https:\/\/www.sistemas-catalunya.com\/ca\/#website","url":"https:\/\/www.sistemas-catalunya.com\/ca\/","name":"Sistemas Digitales","description":"Renting de Impresoras y Fotocopiadoras ...","potentialAction":[{"@type":"SearchAction","target":{"@type":"EntryPoint","urlTemplate":"https:\/\/www.sistemas-catalunya.com\/ca\/?s={search_term_string}"},"query-input":{"@type":"PropertyValueSpecification","valueRequired":true,"valueName":"search_term_string"}}],"inLanguage":"ca"}]}},"_links":{"self":[{"href":"https:\/\/www.sistemas-catalunya.com\/ca\/wp-json\/wp\/v2\/product\/242012","targetHints":{"allow":["GET"]}}],"collection":[{"href":"https:\/\/www.sistemas-catalunya.com\/ca\/wp-json\/wp\/v2\/product"}],"about":[{"href":"https:\/\/www.sistemas-catalunya.com\/ca\/wp-json\/wp\/v2\/types\/product"}],"replies":[{"embeddable":true,"href":"https:\/\/www.sistemas-catalunya.com\/ca\/wp-json\/wp\/v2\/comments?post=242012"}],"wp:featuredmedia":[{"embeddable":true,"href":"https:\/\/www.sistemas-catalunya.com\/ca\/wp-json\/wp\/v2\/media\/240106"}],"wp:attachment":[{"href":"https:\/\/www.sistemas-catalunya.com\/ca\/wp-json\/wp\/v2\/media?parent=242012"}],"wp:term":[{"taxonomy":"product_brand","embeddable":true,"href":"https:\/\/www.sistemas-catalunya.com\/ca\/wp-json\/wp\/v2\/product_brand?post=242012"},{"taxonomy":"product_cat","embeddable":true,"href":"https:\/\/www.sistemas-catalunya.com\/ca\/wp-json\/wp\/v2\/product_cat?post=242012"},{"taxonomy":"product_tag","embeddable":true,"href":"https:\/\/www.sistemas-catalunya.com\/ca\/wp-json\/wp\/v2\/product_tag?post=242012"}],"curies":[{"name":"wp","href":"https:\/\/api.w.org\/{rel}","templated":true}]}}