{"id":263502,"date":"2023-09-22T22:53:12","date_gmt":"2023-09-22T21:53:12","guid":{"rendered":"https:\/\/www.sistemas-catalunya.com\/producto\/im-c2010a\/"},"modified":"2025-07-21T23:42:07","modified_gmt":"2025-07-21T22:42:07","slug":"im-c2010a","status":"publish","type":"product","link":"https:\/\/www.sistemas-catalunya.com\/ca\/producte\/im-c2010a\/","title":{"rendered":"Impressora Multifuncional IM C2010(A)"},"content":{"rendered":"<p>La impressora IM C2010(A) \u00e9s el soci perfecte per a una col\u00b7laboraci\u00f3 remota i una impressi\u00f3 segura i perfecta des de qualsevol dispositiu.<\/p>\n<p>Aquest dispositiu, din\u00e0mic i intel\u00b7ligent, ha estat dissenyat amb una tecnologia de processament d&#8217;imatges millorada i una resoluci\u00f3 m\u00e0xima equivalent de 4800 x 1200 dpi, que permet la reproducci\u00f3 de colors vibrants i uns resultats d&#8217;alta qualitat en una varietat de mides de paper de fins a SRA3. Amb una velocitat d&#8217;impressi\u00f3 a tot color fins a 20 ppm (p\u00e0gines per minut), la creativitat no t\u00e9 l\u00edmits. <\/p>\n<h2>Especificacions impressora multifuncional IM C2010(A)<\/h2>\n<p>Temps d&#8217;escalfament 24 segons<\/p>\n<p>Velocitat de primera c\u00f2pia: B\/N 5,1 segons<\/p>\n<p>Velocitat de primera c\u00f2pia: a tot color 7,4 segons<\/p>\n<p>Velocitat impressi\u00f3 continua 20 ppm<\/p>\n<p>Mem\u00f2ria: est\u00e0ndard 6 GB<\/p>\n<p>Mem\u00f2ria: m\u00e0xim 6 GB<\/p>\n<p>SSD: est\u00e0ndard 256 GB<\/p>\n<p>SSD: opcional (m\u00e0xim) 1 TB<\/p>\n<p>HDD: opcional 320 GB<\/p>\n<p>Capacitat ARDF 100 fulles<\/p>\n<p>Capacitat SPDF 220 fulles<\/p>\n<p>Pes model ARDF (kg) 89,7<\/p>\n<p>Pes model SPDF (kg) 96,1<\/p>\n<p>Dimensions model ARDF: al. x an. x pr. 587 x 701 x 913 mm  <\/p>\n<p>Dimensions model SPDF: al. x an. x pr. 587 x 701 x 963 mm  <\/p>\n<p>Font d&#8217;energia 220-240 V, 50-60 Hz<\/p>\n","protected":false},"excerpt":{"rendered":"<p>Impressora IM C2010(A) t\u00e9 una resoluci\u00f3 m\u00e0xima equivalent de 4800 x 1200 dpi.<\/p>\n","protected":false},"featured_media":260327,"comment_status":"closed","ping_status":"closed","template":"","meta":{"_acf_changed":false},"product_brand":[],"product_cat":[23],"product_tag":[],"class_list":{"0":"post-263502","1":"product","2":"type-product","3":"status-publish","4":"has-post-thumbnail","6":"product_cat-impressores-multifuncionals","8":"first","9":"instock","10":"taxable","11":"shipping-taxable","12":"product-type-simple"},"acf":[],"yoast_head":"<!-- This site is optimized with the Yoast SEO plugin v27.4 - https:\/\/yoast.com\/product\/yoast-seo-wordpress\/ -->\n<title>Impressora Impressora Multifuncional IM C2010(A) - Sistemas Digitales<\/title>\n<meta name=\"description\" content=\"La impressora IM C2010(A) \u00e9s el soci perfecte per a una col\u00b7laboraci\u00f3 remota i una impressi\u00f3 segura i perfecta des de qualsevol dispositiu.\" \/>\n<meta name=\"robots\" content=\"index, follow, max-snippet:-1, max-image-preview:large, max-video-preview:-1\" \/>\n<link rel=\"canonical\" href=\"https:\/\/www.sistemas-catalunya.com\/ca\/producte\/im-c2010a\/\" \/>\n<meta property=\"og:locale\" content=\"ca_ES\" \/>\n<meta property=\"og:type\" content=\"article\" \/>\n<meta property=\"og:title\" content=\"Impressora Impressora Multifuncional IM C2010(A) - Sistemas Digitales\" \/>\n<meta property=\"og:description\" content=\"La impressora IM C2010(A) \u00e9s el soci perfecte per a una col\u00b7laboraci\u00f3 remota i una impressi\u00f3 segura i perfecta des de qualsevol dispositiu.\" \/>\n<meta property=\"og:url\" content=\"https:\/\/www.sistemas-catalunya.com\/ca\/producte\/im-c2010a\/\" \/>\n<meta property=\"og:site_name\" content=\"Sistemas Digitales\" \/>\n<meta property=\"article:modified_time\" content=\"2025-07-21T22:42:07+00:00\" \/>\n<meta property=\"og:image\" content=\"https:\/\/www.sistemas-catalunya.com\/wp-content\/uploads\/Iimpresora-IM-C2010-.png\" \/>\n\t<meta property=\"og:image:width\" content=\"500\" \/>\n\t<meta property=\"og:image:height\" content=\"500\" \/>\n\t<meta property=\"og:image:type\" content=\"image\/png\" \/>\n<meta name=\"twitter:card\" content=\"summary_large_image\" \/>\n<meta name=\"twitter:label1\" content=\"Temps estimat de lectura\" \/>\n\t<meta name=\"twitter:data1\" content=\"1 minut\" \/>\n<script type=\"application\/ld+json\" class=\"yoast-schema-graph\">{\"@context\":\"https:\\\/\\\/schema.org\",\"@graph\":[{\"@type\":\"WebPage\",\"@id\":\"https:\\\/\\\/www.sistemas-catalunya.com\\\/ca\\\/producte\\\/im-c2010a\\\/\",\"url\":\"https:\\\/\\\/www.sistemas-catalunya.com\\\/ca\\\/producte\\\/im-c2010a\\\/\",\"name\":\"Impressora Impressora Multifuncional IM C2010(A) - Sistemas Digitales\",\"isPartOf\":{\"@id\":\"https:\\\/\\\/www.sistemas-catalunya.com\\\/ca\\\/#website\"},\"primaryImageOfPage\":{\"@id\":\"https:\\\/\\\/www.sistemas-catalunya.com\\\/ca\\\/producte\\\/im-c2010a\\\/#primaryimage\"},\"image\":{\"@id\":\"https:\\\/\\\/www.sistemas-catalunya.com\\\/ca\\\/producte\\\/im-c2010a\\\/#primaryimage\"},\"thumbnailUrl\":\"https:\\\/\\\/www.sistemas-catalunya.com\\\/wp-content\\\/uploads\\\/Iimpresora-IM-C2010-.png\",\"datePublished\":\"2023-09-22T21:53:12+00:00\",\"dateModified\":\"2025-07-21T22:42:07+00:00\",\"description\":\"La impressora IM C2010(A) \u00e9s el soci perfecte per a una col\u00b7laboraci\u00f3 remota i una impressi\u00f3 segura i perfecta des de qualsevol dispositiu.\",\"breadcrumb\":{\"@id\":\"https:\\\/\\\/www.sistemas-catalunya.com\\\/ca\\\/producte\\\/im-c2010a\\\/#breadcrumb\"},\"inLanguage\":\"ca\",\"potentialAction\":[{\"@type\":\"ReadAction\",\"target\":[\"https:\\\/\\\/www.sistemas-catalunya.com\\\/ca\\\/producte\\\/im-c2010a\\\/\"]}]},{\"@type\":\"ImageObject\",\"inLanguage\":\"ca\",\"@id\":\"https:\\\/\\\/www.sistemas-catalunya.com\\\/ca\\\/producte\\\/im-c2010a\\\/#primaryimage\",\"url\":\"https:\\\/\\\/www.sistemas-catalunya.com\\\/wp-content\\\/uploads\\\/Iimpresora-IM-C2010-.png\",\"contentUrl\":\"https:\\\/\\\/www.sistemas-catalunya.com\\\/wp-content\\\/uploads\\\/Iimpresora-IM-C2010-.png\",\"width\":500,\"height\":500},{\"@type\":\"BreadcrumbList\",\"@id\":\"https:\\\/\\\/www.sistemas-catalunya.com\\\/ca\\\/producte\\\/im-c2010a\\\/#breadcrumb\",\"itemListElement\":[{\"@type\":\"ListItem\",\"position\":1,\"name\":\"Sistemas Catalunya\",\"item\":\"https:\\\/\\\/www.sistemas-catalunya.com\\\/ca\\\/\"},{\"@type\":\"ListItem\",\"position\":2,\"name\":\"Productes\",\"item\":\"https:\\\/\\\/www.sistemas-catalunya.com\\\/ca\\\/productes\\\/\"},{\"@type\":\"ListItem\",\"position\":3,\"name\":\"Impressores Multifuncionals\",\"item\":\"https:\\\/\\\/www.sistemas-catalunya.com\\\/ca\\\/cat-producto\\\/impressores-multifuncionals\\\/\"},{\"@type\":\"ListItem\",\"position\":4,\"name\":\"Impressora Multifuncional IM C2010(A)\"}]},{\"@type\":\"WebSite\",\"@id\":\"https:\\\/\\\/www.sistemas-catalunya.com\\\/ca\\\/#website\",\"url\":\"https:\\\/\\\/www.sistemas-catalunya.com\\\/ca\\\/\",\"name\":\"Sistemas Digitales\",\"description\":\"Renting de Impresoras y Fotocopiadoras ...\",\"potentialAction\":[{\"@type\":\"SearchAction\",\"target\":{\"@type\":\"EntryPoint\",\"urlTemplate\":\"https:\\\/\\\/www.sistemas-catalunya.com\\\/ca\\\/?s={search_term_string}\"},\"query-input\":{\"@type\":\"PropertyValueSpecification\",\"valueRequired\":true,\"valueName\":\"search_term_string\"}}],\"inLanguage\":\"ca\"}]}<\/script>\n<!-- \/ Yoast SEO plugin. -->","yoast_head_json":{"title":"Impressora Impressora Multifuncional IM C2010(A) - Sistemas Digitales","description":"La impressora IM C2010(A) \u00e9s el soci perfecte per a una col\u00b7laboraci\u00f3 remota i una impressi\u00f3 segura i perfecta des de qualsevol dispositiu.","robots":{"index":"index","follow":"follow","max-snippet":"max-snippet:-1","max-image-preview":"max-image-preview:large","max-video-preview":"max-video-preview:-1"},"canonical":"https:\/\/www.sistemas-catalunya.com\/ca\/producte\/im-c2010a\/","og_locale":"ca_ES","og_type":"article","og_title":"Impressora Impressora Multifuncional IM C2010(A) - Sistemas Digitales","og_description":"La impressora IM C2010(A) \u00e9s el soci perfecte per a una col\u00b7laboraci\u00f3 remota i una impressi\u00f3 segura i perfecta des de qualsevol dispositiu.","og_url":"https:\/\/www.sistemas-catalunya.com\/ca\/producte\/im-c2010a\/","og_site_name":"Sistemas Digitales","article_modified_time":"2025-07-21T22:42:07+00:00","og_image":[{"width":500,"height":500,"url":"https:\/\/www.sistemas-catalunya.com\/wp-content\/uploads\/Iimpresora-IM-C2010-.png","type":"image\/png"}],"twitter_card":"summary_large_image","twitter_misc":{"Temps estimat de lectura":"1 minut"},"schema":{"@context":"https:\/\/schema.org","@graph":[{"@type":"WebPage","@id":"https:\/\/www.sistemas-catalunya.com\/ca\/producte\/im-c2010a\/","url":"https:\/\/www.sistemas-catalunya.com\/ca\/producte\/im-c2010a\/","name":"Impressora Impressora Multifuncional IM C2010(A) - Sistemas Digitales","isPartOf":{"@id":"https:\/\/www.sistemas-catalunya.com\/ca\/#website"},"primaryImageOfPage":{"@id":"https:\/\/www.sistemas-catalunya.com\/ca\/producte\/im-c2010a\/#primaryimage"},"image":{"@id":"https:\/\/www.sistemas-catalunya.com\/ca\/producte\/im-c2010a\/#primaryimage"},"thumbnailUrl":"https:\/\/www.sistemas-catalunya.com\/wp-content\/uploads\/Iimpresora-IM-C2010-.png","datePublished":"2023-09-22T21:53:12+00:00","dateModified":"2025-07-21T22:42:07+00:00","description":"La impressora IM C2010(A) \u00e9s el soci perfecte per a una col\u00b7laboraci\u00f3 remota i una impressi\u00f3 segura i perfecta des de qualsevol dispositiu.","breadcrumb":{"@id":"https:\/\/www.sistemas-catalunya.com\/ca\/producte\/im-c2010a\/#breadcrumb"},"inLanguage":"ca","potentialAction":[{"@type":"ReadAction","target":["https:\/\/www.sistemas-catalunya.com\/ca\/producte\/im-c2010a\/"]}]},{"@type":"ImageObject","inLanguage":"ca","@id":"https:\/\/www.sistemas-catalunya.com\/ca\/producte\/im-c2010a\/#primaryimage","url":"https:\/\/www.sistemas-catalunya.com\/wp-content\/uploads\/Iimpresora-IM-C2010-.png","contentUrl":"https:\/\/www.sistemas-catalunya.com\/wp-content\/uploads\/Iimpresora-IM-C2010-.png","width":500,"height":500},{"@type":"BreadcrumbList","@id":"https:\/\/www.sistemas-catalunya.com\/ca\/producte\/im-c2010a\/#breadcrumb","itemListElement":[{"@type":"ListItem","position":1,"name":"Sistemas Catalunya","item":"https:\/\/www.sistemas-catalunya.com\/ca\/"},{"@type":"ListItem","position":2,"name":"Productes","item":"https:\/\/www.sistemas-catalunya.com\/ca\/productes\/"},{"@type":"ListItem","position":3,"name":"Impressores Multifuncionals","item":"https:\/\/www.sistemas-catalunya.com\/ca\/cat-producto\/impressores-multifuncionals\/"},{"@type":"ListItem","position":4,"name":"Impressora Multifuncional IM C2010(A)"}]},{"@type":"WebSite","@id":"https:\/\/www.sistemas-catalunya.com\/ca\/#website","url":"https:\/\/www.sistemas-catalunya.com\/ca\/","name":"Sistemas Digitales","description":"Renting de Impresoras y Fotocopiadoras ...","potentialAction":[{"@type":"SearchAction","target":{"@type":"EntryPoint","urlTemplate":"https:\/\/www.sistemas-catalunya.com\/ca\/?s={search_term_string}"},"query-input":{"@type":"PropertyValueSpecification","valueRequired":true,"valueName":"search_term_string"}}],"inLanguage":"ca"}]}},"_links":{"self":[{"href":"https:\/\/www.sistemas-catalunya.com\/ca\/wp-json\/wp\/v2\/product\/263502","targetHints":{"allow":["GET"]}}],"collection":[{"href":"https:\/\/www.sistemas-catalunya.com\/ca\/wp-json\/wp\/v2\/product"}],"about":[{"href":"https:\/\/www.sistemas-catalunya.com\/ca\/wp-json\/wp\/v2\/types\/product"}],"replies":[{"embeddable":true,"href":"https:\/\/www.sistemas-catalunya.com\/ca\/wp-json\/wp\/v2\/comments?post=263502"}],"wp:featuredmedia":[{"embeddable":true,"href":"https:\/\/www.sistemas-catalunya.com\/ca\/wp-json\/wp\/v2\/media\/260327"}],"wp:attachment":[{"href":"https:\/\/www.sistemas-catalunya.com\/ca\/wp-json\/wp\/v2\/media?parent=263502"}],"wp:term":[{"taxonomy":"product_brand","embeddable":true,"href":"https:\/\/www.sistemas-catalunya.com\/ca\/wp-json\/wp\/v2\/product_brand?post=263502"},{"taxonomy":"product_cat","embeddable":true,"href":"https:\/\/www.sistemas-catalunya.com\/ca\/wp-json\/wp\/v2\/product_cat?post=263502"},{"taxonomy":"product_tag","embeddable":true,"href":"https:\/\/www.sistemas-catalunya.com\/ca\/wp-json\/wp\/v2\/product_tag?post=263502"}],"curies":[{"name":"wp","href":"https:\/\/api.w.org\/{rel}","templated":true}]}}