{"id":263503,"date":"2023-09-23T09:40:03","date_gmt":"2023-09-23T08:40:03","guid":{"rendered":"https:\/\/www.sistemas-catalunya.com\/producto\/im-c5510a\/"},"modified":"2025-07-21T23:43:31","modified_gmt":"2025-07-21T22:43:31","slug":"im-c5510a","status":"publish","type":"product","link":"https:\/\/www.sistemas-catalunya.com\/ca\/producte\/im-c5510a\/","title":{"rendered":"Impressora Multifuncional IM C5510A"},"content":{"rendered":"<p>La IM C5510A ofereix jocs de documents de qualitat professional a gran velocitat i recolza una infraestructura digital optimitzada amb tecnologies i funcions de seguretat avan\u00e7ades.<\/p>\n<p>En utilitzar Always Current Technology de RICOH, sempre disposar\u00e0s de les \u00faltimes actualitzacions i una \u00e0mplia gamma d&#8217;aplicacions i solucions de programari basades en el n\u00favol per millorar la productivitat i donar suport a noves formes digitals de treball. Per\u00f2 all\u00f2 que realment distingeix aquest dispositiu s\u00f3n els seus beneficis de sostenibilitat. Amb caracter\u00edstiques d&#8217;efici\u00e8ncia energ\u00e8tica i funcions d&#8217;escaneig que permeten estalviar paper, podeu reduir els costos d&#8217;energia i minimitzar l&#8217;\u00fas de paper, aconseguint que el vostre lloc de treball sigui m\u00e9s ecol\u00f2gic i sostenible per al futur.  <\/p>\n<h2>Especificacions impressora multifuncional IM C5510A<\/h2>\n<ul>\n<li><em>Temps d&#8217;escalfament<\/em> 23 segons<\/li>\n<li><em>Velocitat de primera c\u00f2pia:<\/em> B\/N 2,9 segons<\/li>\n<li><em>Velocitat de primera c\u00f2pia:<\/em> a tot color 4,2 segons<\/li>\n<li><em>Velocitat impressi\u00f3 continua<\/em> 55 ppm<\/li>\n<li><em>Mem\u00f2ria:<\/em> est\u00e0ndard 8 GB<\/li>\n<li><em>Mem\u00f2ria:<\/em> m\u00e0xim 8 GB<\/li>\n<li><em>SSD:<\/em> est\u00e0ndard 256 GB<\/li>\n<li><em>SSD:<\/em> opcional (m\u00e0xim) 1 TB<\/li>\n<li><em>HDD:<\/em> opcional 320 GB<\/li>\n<li><em>Capacitat ARDF<\/em> 100 fulles<\/li>\n<li><em>Capacitat SPDF<\/em> 220 fulles<\/li>\n<li><em>Pes model SPDF<\/em> (kg) 100,8<\/li>\n<li><em>Dimensions model ARDF:<\/em> al. x an. x pr.  587 x 701 x 913 mm<\/li>\n<li><em>Dimensions model SPDF:<\/em> al. x an. x pr. 587 x 701 x 963 mm  <\/li>\n<li><em>Font d&#8217;energia<\/em> 220-240 V, 50-60 Hz<\/li>\n<\/ul>\n","protected":false},"excerpt":{"rendered":"<p>Impressora multifuncional A3 \/ Color. Velocitat d&#8217;impressi\u00f3: 55 PPM. <\/p>\n","protected":false},"featured_media":260337,"comment_status":"closed","ping_status":"closed","template":"","meta":{"_acf_changed":false},"product_brand":[],"product_cat":[23],"product_tag":[],"class_list":{"0":"post-263503","1":"product","2":"type-product","3":"status-publish","4":"has-post-thumbnail","6":"product_cat-impressores-multifuncionals","8":"first","9":"instock","10":"featured","11":"taxable","12":"shipping-taxable","13":"product-type-simple"},"acf":[],"yoast_head":"<!-- This site is optimized with the Yoast SEO plugin v27.3 - https:\/\/yoast.com\/product\/yoast-seo-wordpress\/ -->\n<title>Impressora Impressora Multifuncional IM C5510A - Sistemas Digitales<\/title>\n<meta name=\"description\" content=\"La IM C5510A ofereix jocs de documents de qualitat professional a gran velocitat i d\u00f3na suport a una infraestructura digital optimitzada amb tecnologies avan\u00e7ades.\" \/>\n<meta name=\"robots\" content=\"index, follow, max-snippet:-1, max-image-preview:large, max-video-preview:-1\" \/>\n<link rel=\"canonical\" href=\"https:\/\/www.sistemas-catalunya.com\/ca\/producte\/im-c5510a\/\" \/>\n<meta property=\"og:locale\" content=\"ca_ES\" \/>\n<meta property=\"og:type\" content=\"article\" \/>\n<meta property=\"og:title\" content=\"Impressora Impressora Multifuncional IM C5510A - Sistemas Digitales\" \/>\n<meta property=\"og:description\" content=\"La IM C5510A ofereix jocs de documents de qualitat professional a gran velocitat i d\u00f3na suport a una infraestructura digital optimitzada amb tecnologies avan\u00e7ades.\" \/>\n<meta property=\"og:url\" content=\"https:\/\/www.sistemas-catalunya.com\/ca\/producte\/im-c5510a\/\" \/>\n<meta property=\"og:site_name\" content=\"Sistemas Digitales\" \/>\n<meta property=\"article:modified_time\" content=\"2025-07-21T22:43:31+00:00\" \/>\n<meta property=\"og:image\" content=\"https:\/\/www.sistemas-catalunya.com\/wp-content\/uploads\/impresora-IM-C5510A-.png\" \/>\n\t<meta property=\"og:image:width\" content=\"500\" \/>\n\t<meta property=\"og:image:height\" content=\"500\" \/>\n\t<meta property=\"og:image:type\" content=\"image\/png\" \/>\n<meta name=\"twitter:card\" content=\"summary_large_image\" \/>\n<meta name=\"twitter:label1\" content=\"Temps estimat de lectura\" \/>\n\t<meta name=\"twitter:data1\" content=\"1 minut\" \/>\n<script type=\"application\/ld+json\" class=\"yoast-schema-graph\">{\"@context\":\"https:\\\/\\\/schema.org\",\"@graph\":[{\"@type\":\"WebPage\",\"@id\":\"https:\\\/\\\/www.sistemas-catalunya.com\\\/ca\\\/producte\\\/im-c5510a\\\/\",\"url\":\"https:\\\/\\\/www.sistemas-catalunya.com\\\/ca\\\/producte\\\/im-c5510a\\\/\",\"name\":\"Impressora Impressora Multifuncional IM C5510A - Sistemas Digitales\",\"isPartOf\":{\"@id\":\"https:\\\/\\\/www.sistemas-catalunya.com\\\/ca\\\/#website\"},\"primaryImageOfPage\":{\"@id\":\"https:\\\/\\\/www.sistemas-catalunya.com\\\/ca\\\/producte\\\/im-c5510a\\\/#primaryimage\"},\"image\":{\"@id\":\"https:\\\/\\\/www.sistemas-catalunya.com\\\/ca\\\/producte\\\/im-c5510a\\\/#primaryimage\"},\"thumbnailUrl\":\"https:\\\/\\\/www.sistemas-catalunya.com\\\/wp-content\\\/uploads\\\/impresora-IM-C5510A-.png\",\"datePublished\":\"2023-09-23T08:40:03+00:00\",\"dateModified\":\"2025-07-21T22:43:31+00:00\",\"description\":\"La IM C5510A ofereix jocs de documents de qualitat professional a gran velocitat i d\u00f3na suport a una infraestructura digital optimitzada amb tecnologies avan\u00e7ades.\",\"breadcrumb\":{\"@id\":\"https:\\\/\\\/www.sistemas-catalunya.com\\\/ca\\\/producte\\\/im-c5510a\\\/#breadcrumb\"},\"inLanguage\":\"ca\",\"potentialAction\":[{\"@type\":\"ReadAction\",\"target\":[\"https:\\\/\\\/www.sistemas-catalunya.com\\\/ca\\\/producte\\\/im-c5510a\\\/\"]}]},{\"@type\":\"ImageObject\",\"inLanguage\":\"ca\",\"@id\":\"https:\\\/\\\/www.sistemas-catalunya.com\\\/ca\\\/producte\\\/im-c5510a\\\/#primaryimage\",\"url\":\"https:\\\/\\\/www.sistemas-catalunya.com\\\/wp-content\\\/uploads\\\/impresora-IM-C5510A-.png\",\"contentUrl\":\"https:\\\/\\\/www.sistemas-catalunya.com\\\/wp-content\\\/uploads\\\/impresora-IM-C5510A-.png\",\"width\":500,\"height\":500},{\"@type\":\"BreadcrumbList\",\"@id\":\"https:\\\/\\\/www.sistemas-catalunya.com\\\/ca\\\/producte\\\/im-c5510a\\\/#breadcrumb\",\"itemListElement\":[{\"@type\":\"ListItem\",\"position\":1,\"name\":\"Sistemas Catalunya\",\"item\":\"https:\\\/\\\/www.sistemas-catalunya.com\\\/ca\\\/\"},{\"@type\":\"ListItem\",\"position\":2,\"name\":\"Productes\",\"item\":\"https:\\\/\\\/www.sistemas-catalunya.com\\\/ca\\\/productes\\\/\"},{\"@type\":\"ListItem\",\"position\":3,\"name\":\"Impressores Multifuncionals\",\"item\":\"https:\\\/\\\/www.sistemas-catalunya.com\\\/ca\\\/cat-producto\\\/impressores-multifuncionals\\\/\"},{\"@type\":\"ListItem\",\"position\":4,\"name\":\"Impressora Multifuncional IM C5510A\"}]},{\"@type\":\"WebSite\",\"@id\":\"https:\\\/\\\/www.sistemas-catalunya.com\\\/ca\\\/#website\",\"url\":\"https:\\\/\\\/www.sistemas-catalunya.com\\\/ca\\\/\",\"name\":\"Sistemas Digitales\",\"description\":\"Renting de Impresoras y Fotocopiadoras ...\",\"potentialAction\":[{\"@type\":\"SearchAction\",\"target\":{\"@type\":\"EntryPoint\",\"urlTemplate\":\"https:\\\/\\\/www.sistemas-catalunya.com\\\/ca\\\/?s={search_term_string}\"},\"query-input\":{\"@type\":\"PropertyValueSpecification\",\"valueRequired\":true,\"valueName\":\"search_term_string\"}}],\"inLanguage\":\"ca\"}]}<\/script>\n<!-- \/ Yoast SEO plugin. -->","yoast_head_json":{"title":"Impressora Impressora Multifuncional IM C5510A - Sistemas Digitales","description":"La IM C5510A ofereix jocs de documents de qualitat professional a gran velocitat i d\u00f3na suport a una infraestructura digital optimitzada amb tecnologies avan\u00e7ades.","robots":{"index":"index","follow":"follow","max-snippet":"max-snippet:-1","max-image-preview":"max-image-preview:large","max-video-preview":"max-video-preview:-1"},"canonical":"https:\/\/www.sistemas-catalunya.com\/ca\/producte\/im-c5510a\/","og_locale":"ca_ES","og_type":"article","og_title":"Impressora Impressora Multifuncional IM C5510A - Sistemas Digitales","og_description":"La IM C5510A ofereix jocs de documents de qualitat professional a gran velocitat i d\u00f3na suport a una infraestructura digital optimitzada amb tecnologies avan\u00e7ades.","og_url":"https:\/\/www.sistemas-catalunya.com\/ca\/producte\/im-c5510a\/","og_site_name":"Sistemas Digitales","article_modified_time":"2025-07-21T22:43:31+00:00","og_image":[{"width":500,"height":500,"url":"https:\/\/www.sistemas-catalunya.com\/wp-content\/uploads\/impresora-IM-C5510A-.png","type":"image\/png"}],"twitter_card":"summary_large_image","twitter_misc":{"Temps estimat de lectura":"1 minut"},"schema":{"@context":"https:\/\/schema.org","@graph":[{"@type":"WebPage","@id":"https:\/\/www.sistemas-catalunya.com\/ca\/producte\/im-c5510a\/","url":"https:\/\/www.sistemas-catalunya.com\/ca\/producte\/im-c5510a\/","name":"Impressora Impressora Multifuncional IM C5510A - Sistemas Digitales","isPartOf":{"@id":"https:\/\/www.sistemas-catalunya.com\/ca\/#website"},"primaryImageOfPage":{"@id":"https:\/\/www.sistemas-catalunya.com\/ca\/producte\/im-c5510a\/#primaryimage"},"image":{"@id":"https:\/\/www.sistemas-catalunya.com\/ca\/producte\/im-c5510a\/#primaryimage"},"thumbnailUrl":"https:\/\/www.sistemas-catalunya.com\/wp-content\/uploads\/impresora-IM-C5510A-.png","datePublished":"2023-09-23T08:40:03+00:00","dateModified":"2025-07-21T22:43:31+00:00","description":"La IM C5510A ofereix jocs de documents de qualitat professional a gran velocitat i d\u00f3na suport a una infraestructura digital optimitzada amb tecnologies avan\u00e7ades.","breadcrumb":{"@id":"https:\/\/www.sistemas-catalunya.com\/ca\/producte\/im-c5510a\/#breadcrumb"},"inLanguage":"ca","potentialAction":[{"@type":"ReadAction","target":["https:\/\/www.sistemas-catalunya.com\/ca\/producte\/im-c5510a\/"]}]},{"@type":"ImageObject","inLanguage":"ca","@id":"https:\/\/www.sistemas-catalunya.com\/ca\/producte\/im-c5510a\/#primaryimage","url":"https:\/\/www.sistemas-catalunya.com\/wp-content\/uploads\/impresora-IM-C5510A-.png","contentUrl":"https:\/\/www.sistemas-catalunya.com\/wp-content\/uploads\/impresora-IM-C5510A-.png","width":500,"height":500},{"@type":"BreadcrumbList","@id":"https:\/\/www.sistemas-catalunya.com\/ca\/producte\/im-c5510a\/#breadcrumb","itemListElement":[{"@type":"ListItem","position":1,"name":"Sistemas Catalunya","item":"https:\/\/www.sistemas-catalunya.com\/ca\/"},{"@type":"ListItem","position":2,"name":"Productes","item":"https:\/\/www.sistemas-catalunya.com\/ca\/productes\/"},{"@type":"ListItem","position":3,"name":"Impressores Multifuncionals","item":"https:\/\/www.sistemas-catalunya.com\/ca\/cat-producto\/impressores-multifuncionals\/"},{"@type":"ListItem","position":4,"name":"Impressora Multifuncional IM C5510A"}]},{"@type":"WebSite","@id":"https:\/\/www.sistemas-catalunya.com\/ca\/#website","url":"https:\/\/www.sistemas-catalunya.com\/ca\/","name":"Sistemas Digitales","description":"Renting de Impresoras y Fotocopiadoras ...","potentialAction":[{"@type":"SearchAction","target":{"@type":"EntryPoint","urlTemplate":"https:\/\/www.sistemas-catalunya.com\/ca\/?s={search_term_string}"},"query-input":{"@type":"PropertyValueSpecification","valueRequired":true,"valueName":"search_term_string"}}],"inLanguage":"ca"}]}},"_links":{"self":[{"href":"https:\/\/www.sistemas-catalunya.com\/ca\/wp-json\/wp\/v2\/product\/263503","targetHints":{"allow":["GET"]}}],"collection":[{"href":"https:\/\/www.sistemas-catalunya.com\/ca\/wp-json\/wp\/v2\/product"}],"about":[{"href":"https:\/\/www.sistemas-catalunya.com\/ca\/wp-json\/wp\/v2\/types\/product"}],"replies":[{"embeddable":true,"href":"https:\/\/www.sistemas-catalunya.com\/ca\/wp-json\/wp\/v2\/comments?post=263503"}],"wp:featuredmedia":[{"embeddable":true,"href":"https:\/\/www.sistemas-catalunya.com\/ca\/wp-json\/wp\/v2\/media\/260337"}],"wp:attachment":[{"href":"https:\/\/www.sistemas-catalunya.com\/ca\/wp-json\/wp\/v2\/media?parent=263503"}],"wp:term":[{"taxonomy":"product_brand","embeddable":true,"href":"https:\/\/www.sistemas-catalunya.com\/ca\/wp-json\/wp\/v2\/product_brand?post=263503"},{"taxonomy":"product_cat","embeddable":true,"href":"https:\/\/www.sistemas-catalunya.com\/ca\/wp-json\/wp\/v2\/product_cat?post=263503"},{"taxonomy":"product_tag","embeddable":true,"href":"https:\/\/www.sistemas-catalunya.com\/ca\/wp-json\/wp\/v2\/product_tag?post=263503"}],"curies":[{"name":"wp","href":"https:\/\/api.w.org\/{rel}","templated":true}]}}