{"id":263508,"date":"2023-09-23T09:52:02","date_gmt":"2023-09-23T08:52:02","guid":{"rendered":"https:\/\/www.sistemas-catalunya.com\/producto\/im-c400f\/"},"modified":"2025-07-21T23:42:06","modified_gmt":"2025-07-21T22:42:06","slug":"im-c400f","status":"publish","type":"product","link":"https:\/\/www.sistemas-catalunya.com\/ca\/producte\/im-c400f\/","title":{"rendered":"Impressora Multifuncional IM C400F"},"content":{"rendered":"<p>Compta amb un panell t\u00e0ctil intel\u00b7ligent amb la darrera tecnologia. Aquesta impressora multifunci\u00f3 intel\u00b7ligent A4 escaneja, copia, imprimeix i gestiona l&#8217;enviament i la recepci\u00f3 per fax de documents A4. Aquesta impressora multifunci\u00f3 en color transformar\u00e0 el vostre flux de treball i aportar\u00e0 valor. Tamb\u00e9 podeu afegir funcionalitats addicionals que la vostra empresa pugui necessitar. Pots imprimir, copiar i escanejar m\u00e9s materials, m\u00e9s r\u00e0pid i de forma remota on sigui que et trobis.    <\/p>\n<h2>Especificacions impressora multifuncional IM C400F<\/h2>\n<ul>\n<li><em>Temps d&#8217;escalfament<\/em> 17 segons<\/li>\n<li><em>Velocitat de primera c\u00f2pia:<\/em> B\/N 6,2 segons<\/li>\n<li><em>Velocitat de primera c\u00f2pia:<\/em> a tot color 7,4 segons<\/li>\n<li><em>Velocitat impressi\u00f3 continua<\/em> 43 ppm<\/li>\n<li><em>Mem\u00f2ria:<\/em> m\u00e0xim 4 GB<\/li>\n<li><em>Capacitat del disc dur:<\/em> m\u00e0xim 320 GB<\/li>\n<li><em>Pes<\/em> 50 kg<\/li>\n<li><em>Dimensions (An x La x Al)<\/em> 498 x 561 x 590 mm<\/li>\n<li><em>Font d&#8217;energia<\/em> 220-240 V, 50-60 Hz<\/li>\n<\/ul>\n","protected":false},"excerpt":{"rendered":"<p>Impressora multifuncional A4 en color, 43 ppm. Amb panell t\u00e0ctil intel\u00b7ligent, escaneig, c\u00f2pia i enviament de fax. <\/p>\n","protected":false},"featured_media":260147,"comment_status":"closed","ping_status":"closed","template":"","meta":{"_acf_changed":false},"product_brand":[],"product_cat":[23],"product_tag":[],"class_list":{"0":"post-263508","1":"product","2":"type-product","3":"status-publish","4":"has-post-thumbnail","6":"product_cat-impressores-multifuncionals","8":"first","9":"instock","10":"featured","11":"taxable","12":"shipping-taxable","13":"product-type-simple"},"acf":[],"yoast_head":"<!-- This site is optimized with the Yoast SEO plugin v27.4 - https:\/\/yoast.com\/product\/yoast-seo-wordpress\/ -->\n<title>Impressora Impressora Multifuncional IM C400F - Sistemas Digitales<\/title>\n<meta name=\"description\" content=\"Impressora multifunci\u00f3 intel\u00b7ligent A4 escaneja, copia, imprimeix i gestiona l&#039;enviament i la recepci\u00f3 per fax de documents A4.\" \/>\n<meta name=\"robots\" content=\"index, follow, max-snippet:-1, max-image-preview:large, max-video-preview:-1\" \/>\n<link rel=\"canonical\" href=\"https:\/\/www.sistemas-catalunya.com\/ca\/producte\/im-c400f\/\" \/>\n<meta property=\"og:locale\" content=\"ca_ES\" \/>\n<meta property=\"og:type\" content=\"article\" \/>\n<meta property=\"og:title\" content=\"Impressora Impressora Multifuncional IM C400F - Sistemas Digitales\" \/>\n<meta property=\"og:description\" content=\"Impressora multifunci\u00f3 intel\u00b7ligent A4 escaneja, copia, imprimeix i gestiona l&#039;enviament i la recepci\u00f3 per fax de documents A4.\" \/>\n<meta property=\"og:url\" content=\"https:\/\/www.sistemas-catalunya.com\/ca\/producte\/im-c400f\/\" \/>\n<meta property=\"og:site_name\" content=\"Sistemas Digitales\" \/>\n<meta property=\"article:modified_time\" content=\"2025-07-21T22:42:06+00:00\" \/>\n<meta property=\"og:image\" content=\"https:\/\/www.sistemas-catalunya.com\/wp-content\/uploads\/impresora-IMC400F.png\" \/>\n\t<meta property=\"og:image:width\" content=\"504\" \/>\n\t<meta property=\"og:image:height\" content=\"504\" \/>\n\t<meta property=\"og:image:type\" content=\"image\/png\" \/>\n<meta name=\"twitter:card\" content=\"summary_large_image\" \/>\n<meta name=\"twitter:label1\" content=\"Temps estimat de lectura\" \/>\n\t<meta name=\"twitter:data1\" content=\"1 minut\" \/>\n<script type=\"application\/ld+json\" class=\"yoast-schema-graph\">{\"@context\":\"https:\\\/\\\/schema.org\",\"@graph\":[{\"@type\":\"WebPage\",\"@id\":\"https:\\\/\\\/www.sistemas-catalunya.com\\\/ca\\\/producte\\\/im-c400f\\\/\",\"url\":\"https:\\\/\\\/www.sistemas-catalunya.com\\\/ca\\\/producte\\\/im-c400f\\\/\",\"name\":\"Impressora Impressora Multifuncional IM C400F - Sistemas Digitales\",\"isPartOf\":{\"@id\":\"https:\\\/\\\/www.sistemas-catalunya.com\\\/ca\\\/#website\"},\"primaryImageOfPage\":{\"@id\":\"https:\\\/\\\/www.sistemas-catalunya.com\\\/ca\\\/producte\\\/im-c400f\\\/#primaryimage\"},\"image\":{\"@id\":\"https:\\\/\\\/www.sistemas-catalunya.com\\\/ca\\\/producte\\\/im-c400f\\\/#primaryimage\"},\"thumbnailUrl\":\"https:\\\/\\\/www.sistemas-catalunya.com\\\/wp-content\\\/uploads\\\/impresora-IMC400F.png\",\"datePublished\":\"2023-09-23T08:52:02+00:00\",\"dateModified\":\"2025-07-21T22:42:06+00:00\",\"description\":\"Impressora multifunci\u00f3 intel\u00b7ligent A4 escaneja, copia, imprimeix i gestiona l'enviament i la recepci\u00f3 per fax de documents A4.\",\"breadcrumb\":{\"@id\":\"https:\\\/\\\/www.sistemas-catalunya.com\\\/ca\\\/producte\\\/im-c400f\\\/#breadcrumb\"},\"inLanguage\":\"ca\",\"potentialAction\":[{\"@type\":\"ReadAction\",\"target\":[\"https:\\\/\\\/www.sistemas-catalunya.com\\\/ca\\\/producte\\\/im-c400f\\\/\"]}]},{\"@type\":\"ImageObject\",\"inLanguage\":\"ca\",\"@id\":\"https:\\\/\\\/www.sistemas-catalunya.com\\\/ca\\\/producte\\\/im-c400f\\\/#primaryimage\",\"url\":\"https:\\\/\\\/www.sistemas-catalunya.com\\\/wp-content\\\/uploads\\\/impresora-IMC400F.png\",\"contentUrl\":\"https:\\\/\\\/www.sistemas-catalunya.com\\\/wp-content\\\/uploads\\\/impresora-IMC400F.png\",\"width\":504,\"height\":504,\"caption\":\"impresora IMC400F\"},{\"@type\":\"BreadcrumbList\",\"@id\":\"https:\\\/\\\/www.sistemas-catalunya.com\\\/ca\\\/producte\\\/im-c400f\\\/#breadcrumb\",\"itemListElement\":[{\"@type\":\"ListItem\",\"position\":1,\"name\":\"Sistemas Catalunya\",\"item\":\"https:\\\/\\\/www.sistemas-catalunya.com\\\/ca\\\/\"},{\"@type\":\"ListItem\",\"position\":2,\"name\":\"Productes\",\"item\":\"https:\\\/\\\/www.sistemas-catalunya.com\\\/ca\\\/productes\\\/\"},{\"@type\":\"ListItem\",\"position\":3,\"name\":\"Impressores Multifuncionals\",\"item\":\"https:\\\/\\\/www.sistemas-catalunya.com\\\/ca\\\/cat-producto\\\/impressores-multifuncionals\\\/\"},{\"@type\":\"ListItem\",\"position\":4,\"name\":\"Impressora Multifuncional IM C400F\"}]},{\"@type\":\"WebSite\",\"@id\":\"https:\\\/\\\/www.sistemas-catalunya.com\\\/ca\\\/#website\",\"url\":\"https:\\\/\\\/www.sistemas-catalunya.com\\\/ca\\\/\",\"name\":\"Sistemas Digitales\",\"description\":\"Renting de Impresoras y Fotocopiadoras ...\",\"potentialAction\":[{\"@type\":\"SearchAction\",\"target\":{\"@type\":\"EntryPoint\",\"urlTemplate\":\"https:\\\/\\\/www.sistemas-catalunya.com\\\/ca\\\/?s={search_term_string}\"},\"query-input\":{\"@type\":\"PropertyValueSpecification\",\"valueRequired\":true,\"valueName\":\"search_term_string\"}}],\"inLanguage\":\"ca\"}]}<\/script>\n<!-- \/ Yoast SEO plugin. -->","yoast_head_json":{"title":"Impressora Impressora Multifuncional IM C400F - Sistemas Digitales","description":"Impressora multifunci\u00f3 intel\u00b7ligent A4 escaneja, copia, imprimeix i gestiona l'enviament i la recepci\u00f3 per fax de documents A4.","robots":{"index":"index","follow":"follow","max-snippet":"max-snippet:-1","max-image-preview":"max-image-preview:large","max-video-preview":"max-video-preview:-1"},"canonical":"https:\/\/www.sistemas-catalunya.com\/ca\/producte\/im-c400f\/","og_locale":"ca_ES","og_type":"article","og_title":"Impressora Impressora Multifuncional IM C400F - Sistemas Digitales","og_description":"Impressora multifunci\u00f3 intel\u00b7ligent A4 escaneja, copia, imprimeix i gestiona l'enviament i la recepci\u00f3 per fax de documents A4.","og_url":"https:\/\/www.sistemas-catalunya.com\/ca\/producte\/im-c400f\/","og_site_name":"Sistemas Digitales","article_modified_time":"2025-07-21T22:42:06+00:00","og_image":[{"width":504,"height":504,"url":"https:\/\/www.sistemas-catalunya.com\/wp-content\/uploads\/impresora-IMC400F.png","type":"image\/png"}],"twitter_card":"summary_large_image","twitter_misc":{"Temps estimat de lectura":"1 minut"},"schema":{"@context":"https:\/\/schema.org","@graph":[{"@type":"WebPage","@id":"https:\/\/www.sistemas-catalunya.com\/ca\/producte\/im-c400f\/","url":"https:\/\/www.sistemas-catalunya.com\/ca\/producte\/im-c400f\/","name":"Impressora Impressora Multifuncional IM C400F - Sistemas Digitales","isPartOf":{"@id":"https:\/\/www.sistemas-catalunya.com\/ca\/#website"},"primaryImageOfPage":{"@id":"https:\/\/www.sistemas-catalunya.com\/ca\/producte\/im-c400f\/#primaryimage"},"image":{"@id":"https:\/\/www.sistemas-catalunya.com\/ca\/producte\/im-c400f\/#primaryimage"},"thumbnailUrl":"https:\/\/www.sistemas-catalunya.com\/wp-content\/uploads\/impresora-IMC400F.png","datePublished":"2023-09-23T08:52:02+00:00","dateModified":"2025-07-21T22:42:06+00:00","description":"Impressora multifunci\u00f3 intel\u00b7ligent A4 escaneja, copia, imprimeix i gestiona l'enviament i la recepci\u00f3 per fax de documents A4.","breadcrumb":{"@id":"https:\/\/www.sistemas-catalunya.com\/ca\/producte\/im-c400f\/#breadcrumb"},"inLanguage":"ca","potentialAction":[{"@type":"ReadAction","target":["https:\/\/www.sistemas-catalunya.com\/ca\/producte\/im-c400f\/"]}]},{"@type":"ImageObject","inLanguage":"ca","@id":"https:\/\/www.sistemas-catalunya.com\/ca\/producte\/im-c400f\/#primaryimage","url":"https:\/\/www.sistemas-catalunya.com\/wp-content\/uploads\/impresora-IMC400F.png","contentUrl":"https:\/\/www.sistemas-catalunya.com\/wp-content\/uploads\/impresora-IMC400F.png","width":504,"height":504,"caption":"impresora IMC400F"},{"@type":"BreadcrumbList","@id":"https:\/\/www.sistemas-catalunya.com\/ca\/producte\/im-c400f\/#breadcrumb","itemListElement":[{"@type":"ListItem","position":1,"name":"Sistemas Catalunya","item":"https:\/\/www.sistemas-catalunya.com\/ca\/"},{"@type":"ListItem","position":2,"name":"Productes","item":"https:\/\/www.sistemas-catalunya.com\/ca\/productes\/"},{"@type":"ListItem","position":3,"name":"Impressores Multifuncionals","item":"https:\/\/www.sistemas-catalunya.com\/ca\/cat-producto\/impressores-multifuncionals\/"},{"@type":"ListItem","position":4,"name":"Impressora Multifuncional IM C400F"}]},{"@type":"WebSite","@id":"https:\/\/www.sistemas-catalunya.com\/ca\/#website","url":"https:\/\/www.sistemas-catalunya.com\/ca\/","name":"Sistemas Digitales","description":"Renting de Impresoras y Fotocopiadoras ...","potentialAction":[{"@type":"SearchAction","target":{"@type":"EntryPoint","urlTemplate":"https:\/\/www.sistemas-catalunya.com\/ca\/?s={search_term_string}"},"query-input":{"@type":"PropertyValueSpecification","valueRequired":true,"valueName":"search_term_string"}}],"inLanguage":"ca"}]}},"_links":{"self":[{"href":"https:\/\/www.sistemas-catalunya.com\/ca\/wp-json\/wp\/v2\/product\/263508","targetHints":{"allow":["GET"]}}],"collection":[{"href":"https:\/\/www.sistemas-catalunya.com\/ca\/wp-json\/wp\/v2\/product"}],"about":[{"href":"https:\/\/www.sistemas-catalunya.com\/ca\/wp-json\/wp\/v2\/types\/product"}],"replies":[{"embeddable":true,"href":"https:\/\/www.sistemas-catalunya.com\/ca\/wp-json\/wp\/v2\/comments?post=263508"}],"wp:featuredmedia":[{"embeddable":true,"href":"https:\/\/www.sistemas-catalunya.com\/ca\/wp-json\/wp\/v2\/media\/260147"}],"wp:attachment":[{"href":"https:\/\/www.sistemas-catalunya.com\/ca\/wp-json\/wp\/v2\/media?parent=263508"}],"wp:term":[{"taxonomy":"product_brand","embeddable":true,"href":"https:\/\/www.sistemas-catalunya.com\/ca\/wp-json\/wp\/v2\/product_brand?post=263508"},{"taxonomy":"product_cat","embeddable":true,"href":"https:\/\/www.sistemas-catalunya.com\/ca\/wp-json\/wp\/v2\/product_cat?post=263508"},{"taxonomy":"product_tag","embeddable":true,"href":"https:\/\/www.sistemas-catalunya.com\/ca\/wp-json\/wp\/v2\/product_tag?post=263508"}],"curies":[{"name":"wp","href":"https:\/\/api.w.org\/{rel}","templated":true}]}}