{"id":263509,"date":"2023-09-23T09:31:07","date_gmt":"2023-09-23T08:31:07","guid":{"rendered":"https:\/\/www.sistemas-catalunya.com\/producto\/im-c3510a\/"},"modified":"2025-07-21T23:42:09","modified_gmt":"2025-07-21T22:42:09","slug":"im-c3510a","status":"publish","type":"product","link":"https:\/\/www.sistemas-catalunya.com\/ca\/producte\/im-c3510a\/","title":{"rendered":"Impressora Multifuncional IM C3510(A)"},"content":{"rendered":"<p>Aprofita la realitat de la productivitat duradora, la seguretat, la sostenibilitat i la digitalitzaci\u00f3 que posem a la teva disposici\u00f3 amb la impressora multifuncional de color IM C3510(A). Aquesta impressora tot en un intel\u00b7ligent amb una velocitat de 35 ppm \u00e9s perfecta per a entorns de treball flexibles i s\u02bbadapta al treball m\u00f2bil. Els usuaris poden autenticar-se a trav\u00e9s del tel\u00e8fon intel\u00b7ligent o tauleta i imprimir documents de la cua del dispositiu.  <\/p>\n<p>Els par\u00e0metres d&#8217;acabat, com ara el plegat m\u00faltiple o la confecci\u00f3 de fullets, es poden aplicar directament a la impressora, cosa que estalvia temps i millora l&#8217;experi\u00e8ncia de l&#8217;usuari.<\/p>\n<p>Amb la IM C3510(A) pots estar segur que est\u00e0s prenent una decisi\u00f3 intel\u00b7ligent per al futur digital de la teva organitzaci\u00f3.<\/p>\n<h2>Especificacions impressora multifuncional IM C3510(A)<\/h2>\n<ul>\n<li><em>Temps d&#8217;escalfament<\/em> 24 segons<\/li>\n<li><em>Velocitat de primera c\u00f2pia:<\/em> B\/N 4,5 segons<\/li>\n<li><em>Velocitat de primera c\u00f2pia:<\/em> a tot color 6,9 segons<\/li>\n<li><em>Velocitat impressi\u00f3 continua<\/em> 35 ppm<\/li>\n<li><em>Mem\u00f2ria:<\/em> est\u00e0ndard 8 GB<\/li>\n<li><em>Mem\u00f2ria:<\/em> m\u00e0xim 8 GB<\/li>\n<li><em>SSD:<\/em> est\u00e0ndard 256 GB<\/li>\n<li><em>SSD:<\/em> opcional (m\u00e0xim) 1 TB<\/li>\n<li><em>HDD:<\/em> opcional 320 GB<\/li>\n<li><em>Capacitat ARDF<\/em> 100 fulles<\/li>\n<li><em>Capacitat SPDF<\/em> 220 fulles<\/li>\n<li><em>Pes model ARDF<\/em> (kg) 92,9<\/li>\n<li><em>Pes model SPDF<\/em> (kg) 99,3<\/li>\n<li><em>Dimensions model ARDF:<\/em> al. x an. x pr. 587 x 701 x 913 mm  <\/li>\n<li><em>Dimensions model SPDF:<\/em> al. x an. x pr. 587 x 701 x 963 mm  <\/li>\n<li><em>Font d&#8217;energia<\/em> 220-240 V, 50-60 Hz<\/li>\n<\/ul>\n","protected":false},"excerpt":{"rendered":"<p>Impressora multifuncional A3 en color, 35 ppm. Connectivitat avan\u00e7ada i funcions dacabat. <\/p>\n","protected":false},"featured_media":260333,"comment_status":"closed","ping_status":"closed","template":"","meta":{"_acf_changed":false},"product_brand":[],"product_cat":[23],"product_tag":[],"class_list":{"0":"post-263509","1":"product","2":"type-product","3":"status-publish","4":"has-post-thumbnail","6":"product_cat-impressores-multifuncionals","8":"first","9":"instock","10":"taxable","11":"shipping-taxable","12":"product-type-simple"},"acf":[],"yoast_head":"<!-- This site is optimized with the Yoast SEO plugin v27.4 - https:\/\/yoast.com\/product\/yoast-seo-wordpress\/ -->\n<title>Impressora Impressora Multifuncional IM C3510(A) - Sistemas Digitales<\/title>\n<meta name=\"description\" content=\"Impressora tot en un intel\u00b7ligent amb una velocitat de 35 ppm \u00e9s perfecta per a entorns de treball flexibles i s&#039;adapta a la feina m\u00f2bil.\" \/>\n<meta name=\"robots\" content=\"index, follow, max-snippet:-1, max-image-preview:large, max-video-preview:-1\" \/>\n<link rel=\"canonical\" href=\"https:\/\/www.sistemas-catalunya.com\/ca\/producte\/im-c3510a\/\" \/>\n<meta property=\"og:locale\" content=\"ca_ES\" \/>\n<meta property=\"og:type\" content=\"article\" \/>\n<meta property=\"og:title\" content=\"Impressora Impressora Multifuncional IM C3510(A) - Sistemas Digitales\" \/>\n<meta property=\"og:description\" content=\"Impressora tot en un intel\u00b7ligent amb una velocitat de 35 ppm \u00e9s perfecta per a entorns de treball flexibles i s&#039;adapta a la feina m\u00f2bil.\" \/>\n<meta property=\"og:url\" content=\"https:\/\/www.sistemas-catalunya.com\/ca\/producte\/im-c3510a\/\" \/>\n<meta property=\"og:site_name\" content=\"Sistemas Digitales\" \/>\n<meta property=\"article:modified_time\" content=\"2025-07-21T22:42:09+00:00\" \/>\n<meta property=\"og:image\" content=\"https:\/\/www.sistemas-catalunya.com\/wp-content\/uploads\/impresora-IM-C3510-.png\" \/>\n\t<meta property=\"og:image:width\" content=\"500\" \/>\n\t<meta property=\"og:image:height\" content=\"500\" \/>\n\t<meta property=\"og:image:type\" content=\"image\/png\" \/>\n<meta name=\"twitter:card\" content=\"summary_large_image\" \/>\n<meta name=\"twitter:label1\" content=\"Temps estimat de lectura\" \/>\n\t<meta name=\"twitter:data1\" content=\"1 minut\" \/>\n<script type=\"application\/ld+json\" class=\"yoast-schema-graph\">{\"@context\":\"https:\\\/\\\/schema.org\",\"@graph\":[{\"@type\":\"WebPage\",\"@id\":\"https:\\\/\\\/www.sistemas-catalunya.com\\\/ca\\\/producte\\\/im-c3510a\\\/\",\"url\":\"https:\\\/\\\/www.sistemas-catalunya.com\\\/ca\\\/producte\\\/im-c3510a\\\/\",\"name\":\"Impressora Impressora Multifuncional IM C3510(A) - Sistemas Digitales\",\"isPartOf\":{\"@id\":\"https:\\\/\\\/www.sistemas-catalunya.com\\\/ca\\\/#website\"},\"primaryImageOfPage\":{\"@id\":\"https:\\\/\\\/www.sistemas-catalunya.com\\\/ca\\\/producte\\\/im-c3510a\\\/#primaryimage\"},\"image\":{\"@id\":\"https:\\\/\\\/www.sistemas-catalunya.com\\\/ca\\\/producte\\\/im-c3510a\\\/#primaryimage\"},\"thumbnailUrl\":\"https:\\\/\\\/www.sistemas-catalunya.com\\\/wp-content\\\/uploads\\\/impresora-IM-C3510-.png\",\"datePublished\":\"2023-09-23T08:31:07+00:00\",\"dateModified\":\"2025-07-21T22:42:09+00:00\",\"description\":\"Impressora tot en un intel\u00b7ligent amb una velocitat de 35 ppm \u00e9s perfecta per a entorns de treball flexibles i s'adapta a la feina m\u00f2bil.\",\"breadcrumb\":{\"@id\":\"https:\\\/\\\/www.sistemas-catalunya.com\\\/ca\\\/producte\\\/im-c3510a\\\/#breadcrumb\"},\"inLanguage\":\"ca\",\"potentialAction\":[{\"@type\":\"ReadAction\",\"target\":[\"https:\\\/\\\/www.sistemas-catalunya.com\\\/ca\\\/producte\\\/im-c3510a\\\/\"]}]},{\"@type\":\"ImageObject\",\"inLanguage\":\"ca\",\"@id\":\"https:\\\/\\\/www.sistemas-catalunya.com\\\/ca\\\/producte\\\/im-c3510a\\\/#primaryimage\",\"url\":\"https:\\\/\\\/www.sistemas-catalunya.com\\\/wp-content\\\/uploads\\\/impresora-IM-C3510-.png\",\"contentUrl\":\"https:\\\/\\\/www.sistemas-catalunya.com\\\/wp-content\\\/uploads\\\/impresora-IM-C3510-.png\",\"width\":500,\"height\":500},{\"@type\":\"BreadcrumbList\",\"@id\":\"https:\\\/\\\/www.sistemas-catalunya.com\\\/ca\\\/producte\\\/im-c3510a\\\/#breadcrumb\",\"itemListElement\":[{\"@type\":\"ListItem\",\"position\":1,\"name\":\"Sistemas Catalunya\",\"item\":\"https:\\\/\\\/www.sistemas-catalunya.com\\\/ca\\\/\"},{\"@type\":\"ListItem\",\"position\":2,\"name\":\"Productes\",\"item\":\"https:\\\/\\\/www.sistemas-catalunya.com\\\/ca\\\/productes\\\/\"},{\"@type\":\"ListItem\",\"position\":3,\"name\":\"Impressores Multifuncionals\",\"item\":\"https:\\\/\\\/www.sistemas-catalunya.com\\\/ca\\\/cat-producto\\\/impressores-multifuncionals\\\/\"},{\"@type\":\"ListItem\",\"position\":4,\"name\":\"Impressora Multifuncional IM C3510(A)\"}]},{\"@type\":\"WebSite\",\"@id\":\"https:\\\/\\\/www.sistemas-catalunya.com\\\/ca\\\/#website\",\"url\":\"https:\\\/\\\/www.sistemas-catalunya.com\\\/ca\\\/\",\"name\":\"Sistemas Digitales\",\"description\":\"Renting de Impresoras y Fotocopiadoras ...\",\"potentialAction\":[{\"@type\":\"SearchAction\",\"target\":{\"@type\":\"EntryPoint\",\"urlTemplate\":\"https:\\\/\\\/www.sistemas-catalunya.com\\\/ca\\\/?s={search_term_string}\"},\"query-input\":{\"@type\":\"PropertyValueSpecification\",\"valueRequired\":true,\"valueName\":\"search_term_string\"}}],\"inLanguage\":\"ca\"}]}<\/script>\n<!-- \/ Yoast SEO plugin. -->","yoast_head_json":{"title":"Impressora Impressora Multifuncional IM C3510(A) - Sistemas Digitales","description":"Impressora tot en un intel\u00b7ligent amb una velocitat de 35 ppm \u00e9s perfecta per a entorns de treball flexibles i s'adapta a la feina m\u00f2bil.","robots":{"index":"index","follow":"follow","max-snippet":"max-snippet:-1","max-image-preview":"max-image-preview:large","max-video-preview":"max-video-preview:-1"},"canonical":"https:\/\/www.sistemas-catalunya.com\/ca\/producte\/im-c3510a\/","og_locale":"ca_ES","og_type":"article","og_title":"Impressora Impressora Multifuncional IM C3510(A) - Sistemas Digitales","og_description":"Impressora tot en un intel\u00b7ligent amb una velocitat de 35 ppm \u00e9s perfecta per a entorns de treball flexibles i s'adapta a la feina m\u00f2bil.","og_url":"https:\/\/www.sistemas-catalunya.com\/ca\/producte\/im-c3510a\/","og_site_name":"Sistemas Digitales","article_modified_time":"2025-07-21T22:42:09+00:00","og_image":[{"width":500,"height":500,"url":"https:\/\/www.sistemas-catalunya.com\/wp-content\/uploads\/impresora-IM-C3510-.png","type":"image\/png"}],"twitter_card":"summary_large_image","twitter_misc":{"Temps estimat de lectura":"1 minut"},"schema":{"@context":"https:\/\/schema.org","@graph":[{"@type":"WebPage","@id":"https:\/\/www.sistemas-catalunya.com\/ca\/producte\/im-c3510a\/","url":"https:\/\/www.sistemas-catalunya.com\/ca\/producte\/im-c3510a\/","name":"Impressora Impressora Multifuncional IM C3510(A) - Sistemas Digitales","isPartOf":{"@id":"https:\/\/www.sistemas-catalunya.com\/ca\/#website"},"primaryImageOfPage":{"@id":"https:\/\/www.sistemas-catalunya.com\/ca\/producte\/im-c3510a\/#primaryimage"},"image":{"@id":"https:\/\/www.sistemas-catalunya.com\/ca\/producte\/im-c3510a\/#primaryimage"},"thumbnailUrl":"https:\/\/www.sistemas-catalunya.com\/wp-content\/uploads\/impresora-IM-C3510-.png","datePublished":"2023-09-23T08:31:07+00:00","dateModified":"2025-07-21T22:42:09+00:00","description":"Impressora tot en un intel\u00b7ligent amb una velocitat de 35 ppm \u00e9s perfecta per a entorns de treball flexibles i s'adapta a la feina m\u00f2bil.","breadcrumb":{"@id":"https:\/\/www.sistemas-catalunya.com\/ca\/producte\/im-c3510a\/#breadcrumb"},"inLanguage":"ca","potentialAction":[{"@type":"ReadAction","target":["https:\/\/www.sistemas-catalunya.com\/ca\/producte\/im-c3510a\/"]}]},{"@type":"ImageObject","inLanguage":"ca","@id":"https:\/\/www.sistemas-catalunya.com\/ca\/producte\/im-c3510a\/#primaryimage","url":"https:\/\/www.sistemas-catalunya.com\/wp-content\/uploads\/impresora-IM-C3510-.png","contentUrl":"https:\/\/www.sistemas-catalunya.com\/wp-content\/uploads\/impresora-IM-C3510-.png","width":500,"height":500},{"@type":"BreadcrumbList","@id":"https:\/\/www.sistemas-catalunya.com\/ca\/producte\/im-c3510a\/#breadcrumb","itemListElement":[{"@type":"ListItem","position":1,"name":"Sistemas Catalunya","item":"https:\/\/www.sistemas-catalunya.com\/ca\/"},{"@type":"ListItem","position":2,"name":"Productes","item":"https:\/\/www.sistemas-catalunya.com\/ca\/productes\/"},{"@type":"ListItem","position":3,"name":"Impressores Multifuncionals","item":"https:\/\/www.sistemas-catalunya.com\/ca\/cat-producto\/impressores-multifuncionals\/"},{"@type":"ListItem","position":4,"name":"Impressora Multifuncional IM C3510(A)"}]},{"@type":"WebSite","@id":"https:\/\/www.sistemas-catalunya.com\/ca\/#website","url":"https:\/\/www.sistemas-catalunya.com\/ca\/","name":"Sistemas Digitales","description":"Renting de Impresoras y Fotocopiadoras ...","potentialAction":[{"@type":"SearchAction","target":{"@type":"EntryPoint","urlTemplate":"https:\/\/www.sistemas-catalunya.com\/ca\/?s={search_term_string}"},"query-input":{"@type":"PropertyValueSpecification","valueRequired":true,"valueName":"search_term_string"}}],"inLanguage":"ca"}]}},"_links":{"self":[{"href":"https:\/\/www.sistemas-catalunya.com\/ca\/wp-json\/wp\/v2\/product\/263509","targetHints":{"allow":["GET"]}}],"collection":[{"href":"https:\/\/www.sistemas-catalunya.com\/ca\/wp-json\/wp\/v2\/product"}],"about":[{"href":"https:\/\/www.sistemas-catalunya.com\/ca\/wp-json\/wp\/v2\/types\/product"}],"replies":[{"embeddable":true,"href":"https:\/\/www.sistemas-catalunya.com\/ca\/wp-json\/wp\/v2\/comments?post=263509"}],"wp:featuredmedia":[{"embeddable":true,"href":"https:\/\/www.sistemas-catalunya.com\/ca\/wp-json\/wp\/v2\/media\/260333"}],"wp:attachment":[{"href":"https:\/\/www.sistemas-catalunya.com\/ca\/wp-json\/wp\/v2\/media?parent=263509"}],"wp:term":[{"taxonomy":"product_brand","embeddable":true,"href":"https:\/\/www.sistemas-catalunya.com\/ca\/wp-json\/wp\/v2\/product_brand?post=263509"},{"taxonomy":"product_cat","embeddable":true,"href":"https:\/\/www.sistemas-catalunya.com\/ca\/wp-json\/wp\/v2\/product_cat?post=263509"},{"taxonomy":"product_tag","embeddable":true,"href":"https:\/\/www.sistemas-catalunya.com\/ca\/wp-json\/wp\/v2\/product_tag?post=263509"}],"curies":[{"name":"wp","href":"https:\/\/api.w.org\/{rel}","templated":true}]}}