{"id":263510,"date":"2023-09-23T09:55:01","date_gmt":"2023-09-23T08:55:01","guid":{"rendered":"https:\/\/www.sistemas-catalunya.com\/producto\/im-c400srf\/"},"modified":"2025-07-21T23:42:38","modified_gmt":"2025-07-21T22:42:38","slug":"im-c400srf","status":"publish","type":"product","link":"https:\/\/www.sistemas-catalunya.com\/ca\/producte\/im-c400srf\/","title":{"rendered":"Impressora Multifuncional IM C400SRF"},"content":{"rendered":"<p>La impressora multifunci\u00f3 A4 imprimeix 43 p\u00e0gines per minut i disposa de diverses safates de paper. A m\u00e9s, les safates contenen m\u00e9s paper que davant. Amb el finisher incorporat, disposar\u00e0s de totes les funcions que necessites, integrades en un dispositiu intel\u00b7ligent. Compta amb un panell de control de pantalla t\u00e0ctil intel\u00b7ligent de 10,1 polzades i sempre funciona amb l&#8217;\u00faltima tecnologia.<\/p>\n<h2>Especificacions impressora multifuncional IM C400SRF<\/h2>\n<ul>\n<li><em>Temps d&#8217;escalfament<\/em> 17 segons<\/li>\n<li><em>Velocitat de primera c\u00f2pia:<\/em> B\/N 6,7 segons<\/li>\n<li><em>Velocitat de primera c\u00f2pia:<\/em> a tot color 7,9 segons<\/li>\n<li><em>Velocitat impressi\u00f3 continua<\/em> 43 ppm<\/li>\n<li><em>Mem\u00f2ria:<\/em> m\u00e0xim 4 GB<\/li>\n<li><em>Capacitat del disc dur:<\/em> m\u00e0xim 320 GB<\/li>\n<li><em>Pes<\/em> 60 kg<\/li>\n<li><em>Dimensions (An x La x Al)<\/em> 615 x 561 x 706 mm<\/li>\n<li><em>Font d&#8217;energia<\/em> 220-240 V, 50-60 Hz<\/li>\n<\/ul>\n","protected":false},"excerpt":{"rendered":"<p>Impressora multifuncional A4 en color, 43 ppm. Amb finisher incorporat, safates d\u00b4alta capacitat i pantalla t\u00e0ctil. <\/p>\n","protected":false},"featured_media":260150,"comment_status":"closed","ping_status":"closed","template":"","meta":{"_acf_changed":false},"product_brand":[],"product_cat":[23],"product_tag":[],"class_list":{"0":"post-263510","1":"product","2":"type-product","3":"status-publish","4":"has-post-thumbnail","6":"product_cat-impressores-multifuncionals","8":"first","9":"instock","10":"featured","11":"taxable","12":"shipping-taxable","13":"product-type-simple"},"acf":[],"yoast_head":"<!-- This site is optimized with the Yoast SEO plugin v27.4 - https:\/\/yoast.com\/product\/yoast-seo-wordpress\/ -->\n<title>Impressora Impressora Multifuncional IM C400SRF - Sistemas Digitales<\/title>\n<meta name=\"description\" content=\"La impressora multifunci\u00f3 A4 imprimeix 43 p\u00e0gines per minut i disposa de diverses safates de paper, amb un tauler de control de pantalla t\u00e0ctil intel\u00b7ligent.\" \/>\n<meta name=\"robots\" content=\"index, follow, max-snippet:-1, max-image-preview:large, max-video-preview:-1\" \/>\n<link rel=\"canonical\" href=\"https:\/\/www.sistemas-catalunya.com\/ca\/producte\/im-c400srf\/\" \/>\n<meta property=\"og:locale\" content=\"ca_ES\" \/>\n<meta property=\"og:type\" content=\"article\" \/>\n<meta property=\"og:title\" content=\"Impressora Impressora Multifuncional IM C400SRF - Sistemas Digitales\" \/>\n<meta property=\"og:description\" content=\"La impressora multifunci\u00f3 A4 imprimeix 43 p\u00e0gines per minut i disposa de diverses safates de paper, amb un tauler de control de pantalla t\u00e0ctil intel\u00b7ligent.\" \/>\n<meta property=\"og:url\" content=\"https:\/\/www.sistemas-catalunya.com\/ca\/producte\/im-c400srf\/\" \/>\n<meta property=\"og:site_name\" content=\"Sistemas Digitales\" \/>\n<meta property=\"article:modified_time\" content=\"2025-07-21T22:42:38+00:00\" \/>\n<meta property=\"og:image\" content=\"https:\/\/www.sistemas-catalunya.com\/wp-content\/uploads\/impresora-IMC400SRF.png\" \/>\n\t<meta property=\"og:image:width\" content=\"504\" \/>\n\t<meta property=\"og:image:height\" content=\"504\" \/>\n\t<meta property=\"og:image:type\" content=\"image\/png\" \/>\n<meta name=\"twitter:card\" content=\"summary_large_image\" \/>\n<meta name=\"twitter:label1\" content=\"Temps estimat de lectura\" \/>\n\t<meta name=\"twitter:data1\" content=\"1 minut\" \/>\n<script type=\"application\/ld+json\" class=\"yoast-schema-graph\">{\"@context\":\"https:\\\/\\\/schema.org\",\"@graph\":[{\"@type\":\"WebPage\",\"@id\":\"https:\\\/\\\/www.sistemas-catalunya.com\\\/ca\\\/producte\\\/im-c400srf\\\/\",\"url\":\"https:\\\/\\\/www.sistemas-catalunya.com\\\/ca\\\/producte\\\/im-c400srf\\\/\",\"name\":\"Impressora Impressora Multifuncional IM C400SRF - Sistemas Digitales\",\"isPartOf\":{\"@id\":\"https:\\\/\\\/www.sistemas-catalunya.com\\\/ca\\\/#website\"},\"primaryImageOfPage\":{\"@id\":\"https:\\\/\\\/www.sistemas-catalunya.com\\\/ca\\\/producte\\\/im-c400srf\\\/#primaryimage\"},\"image\":{\"@id\":\"https:\\\/\\\/www.sistemas-catalunya.com\\\/ca\\\/producte\\\/im-c400srf\\\/#primaryimage\"},\"thumbnailUrl\":\"https:\\\/\\\/www.sistemas-catalunya.com\\\/wp-content\\\/uploads\\\/impresora-IMC400SRF.png\",\"datePublished\":\"2023-09-23T08:55:01+00:00\",\"dateModified\":\"2025-07-21T22:42:38+00:00\",\"description\":\"La impressora multifunci\u00f3 A4 imprimeix 43 p\u00e0gines per minut i disposa de diverses safates de paper, amb un tauler de control de pantalla t\u00e0ctil intel\u00b7ligent.\",\"breadcrumb\":{\"@id\":\"https:\\\/\\\/www.sistemas-catalunya.com\\\/ca\\\/producte\\\/im-c400srf\\\/#breadcrumb\"},\"inLanguage\":\"ca\",\"potentialAction\":[{\"@type\":\"ReadAction\",\"target\":[\"https:\\\/\\\/www.sistemas-catalunya.com\\\/ca\\\/producte\\\/im-c400srf\\\/\"]}]},{\"@type\":\"ImageObject\",\"inLanguage\":\"ca\",\"@id\":\"https:\\\/\\\/www.sistemas-catalunya.com\\\/ca\\\/producte\\\/im-c400srf\\\/#primaryimage\",\"url\":\"https:\\\/\\\/www.sistemas-catalunya.com\\\/wp-content\\\/uploads\\\/impresora-IMC400SRF.png\",\"contentUrl\":\"https:\\\/\\\/www.sistemas-catalunya.com\\\/wp-content\\\/uploads\\\/impresora-IMC400SRF.png\",\"width\":504,\"height\":504,\"caption\":\"impresora IMC400SRF\"},{\"@type\":\"BreadcrumbList\",\"@id\":\"https:\\\/\\\/www.sistemas-catalunya.com\\\/ca\\\/producte\\\/im-c400srf\\\/#breadcrumb\",\"itemListElement\":[{\"@type\":\"ListItem\",\"position\":1,\"name\":\"Sistemas Catalunya\",\"item\":\"https:\\\/\\\/www.sistemas-catalunya.com\\\/ca\\\/\"},{\"@type\":\"ListItem\",\"position\":2,\"name\":\"Productes\",\"item\":\"https:\\\/\\\/www.sistemas-catalunya.com\\\/ca\\\/productes\\\/\"},{\"@type\":\"ListItem\",\"position\":3,\"name\":\"Impressores Multifuncionals\",\"item\":\"https:\\\/\\\/www.sistemas-catalunya.com\\\/ca\\\/cat-producto\\\/impressores-multifuncionals\\\/\"},{\"@type\":\"ListItem\",\"position\":4,\"name\":\"Impressora Multifuncional IM C400SRF\"}]},{\"@type\":\"WebSite\",\"@id\":\"https:\\\/\\\/www.sistemas-catalunya.com\\\/ca\\\/#website\",\"url\":\"https:\\\/\\\/www.sistemas-catalunya.com\\\/ca\\\/\",\"name\":\"Sistemas Digitales\",\"description\":\"Renting de Impresoras y Fotocopiadoras ...\",\"potentialAction\":[{\"@type\":\"SearchAction\",\"target\":{\"@type\":\"EntryPoint\",\"urlTemplate\":\"https:\\\/\\\/www.sistemas-catalunya.com\\\/ca\\\/?s={search_term_string}\"},\"query-input\":{\"@type\":\"PropertyValueSpecification\",\"valueRequired\":true,\"valueName\":\"search_term_string\"}}],\"inLanguage\":\"ca\"}]}<\/script>\n<!-- \/ Yoast SEO plugin. -->","yoast_head_json":{"title":"Impressora Impressora Multifuncional IM C400SRF - Sistemas Digitales","description":"La impressora multifunci\u00f3 A4 imprimeix 43 p\u00e0gines per minut i disposa de diverses safates de paper, amb un tauler de control de pantalla t\u00e0ctil intel\u00b7ligent.","robots":{"index":"index","follow":"follow","max-snippet":"max-snippet:-1","max-image-preview":"max-image-preview:large","max-video-preview":"max-video-preview:-1"},"canonical":"https:\/\/www.sistemas-catalunya.com\/ca\/producte\/im-c400srf\/","og_locale":"ca_ES","og_type":"article","og_title":"Impressora Impressora Multifuncional IM C400SRF - Sistemas Digitales","og_description":"La impressora multifunci\u00f3 A4 imprimeix 43 p\u00e0gines per minut i disposa de diverses safates de paper, amb un tauler de control de pantalla t\u00e0ctil intel\u00b7ligent.","og_url":"https:\/\/www.sistemas-catalunya.com\/ca\/producte\/im-c400srf\/","og_site_name":"Sistemas Digitales","article_modified_time":"2025-07-21T22:42:38+00:00","og_image":[{"width":504,"height":504,"url":"https:\/\/www.sistemas-catalunya.com\/wp-content\/uploads\/impresora-IMC400SRF.png","type":"image\/png"}],"twitter_card":"summary_large_image","twitter_misc":{"Temps estimat de lectura":"1 minut"},"schema":{"@context":"https:\/\/schema.org","@graph":[{"@type":"WebPage","@id":"https:\/\/www.sistemas-catalunya.com\/ca\/producte\/im-c400srf\/","url":"https:\/\/www.sistemas-catalunya.com\/ca\/producte\/im-c400srf\/","name":"Impressora Impressora Multifuncional IM C400SRF - Sistemas Digitales","isPartOf":{"@id":"https:\/\/www.sistemas-catalunya.com\/ca\/#website"},"primaryImageOfPage":{"@id":"https:\/\/www.sistemas-catalunya.com\/ca\/producte\/im-c400srf\/#primaryimage"},"image":{"@id":"https:\/\/www.sistemas-catalunya.com\/ca\/producte\/im-c400srf\/#primaryimage"},"thumbnailUrl":"https:\/\/www.sistemas-catalunya.com\/wp-content\/uploads\/impresora-IMC400SRF.png","datePublished":"2023-09-23T08:55:01+00:00","dateModified":"2025-07-21T22:42:38+00:00","description":"La impressora multifunci\u00f3 A4 imprimeix 43 p\u00e0gines per minut i disposa de diverses safates de paper, amb un tauler de control de pantalla t\u00e0ctil intel\u00b7ligent.","breadcrumb":{"@id":"https:\/\/www.sistemas-catalunya.com\/ca\/producte\/im-c400srf\/#breadcrumb"},"inLanguage":"ca","potentialAction":[{"@type":"ReadAction","target":["https:\/\/www.sistemas-catalunya.com\/ca\/producte\/im-c400srf\/"]}]},{"@type":"ImageObject","inLanguage":"ca","@id":"https:\/\/www.sistemas-catalunya.com\/ca\/producte\/im-c400srf\/#primaryimage","url":"https:\/\/www.sistemas-catalunya.com\/wp-content\/uploads\/impresora-IMC400SRF.png","contentUrl":"https:\/\/www.sistemas-catalunya.com\/wp-content\/uploads\/impresora-IMC400SRF.png","width":504,"height":504,"caption":"impresora IMC400SRF"},{"@type":"BreadcrumbList","@id":"https:\/\/www.sistemas-catalunya.com\/ca\/producte\/im-c400srf\/#breadcrumb","itemListElement":[{"@type":"ListItem","position":1,"name":"Sistemas Catalunya","item":"https:\/\/www.sistemas-catalunya.com\/ca\/"},{"@type":"ListItem","position":2,"name":"Productes","item":"https:\/\/www.sistemas-catalunya.com\/ca\/productes\/"},{"@type":"ListItem","position":3,"name":"Impressores Multifuncionals","item":"https:\/\/www.sistemas-catalunya.com\/ca\/cat-producto\/impressores-multifuncionals\/"},{"@type":"ListItem","position":4,"name":"Impressora Multifuncional IM C400SRF"}]},{"@type":"WebSite","@id":"https:\/\/www.sistemas-catalunya.com\/ca\/#website","url":"https:\/\/www.sistemas-catalunya.com\/ca\/","name":"Sistemas Digitales","description":"Renting de Impresoras y Fotocopiadoras ...","potentialAction":[{"@type":"SearchAction","target":{"@type":"EntryPoint","urlTemplate":"https:\/\/www.sistemas-catalunya.com\/ca\/?s={search_term_string}"},"query-input":{"@type":"PropertyValueSpecification","valueRequired":true,"valueName":"search_term_string"}}],"inLanguage":"ca"}]}},"_links":{"self":[{"href":"https:\/\/www.sistemas-catalunya.com\/ca\/wp-json\/wp\/v2\/product\/263510","targetHints":{"allow":["GET"]}}],"collection":[{"href":"https:\/\/www.sistemas-catalunya.com\/ca\/wp-json\/wp\/v2\/product"}],"about":[{"href":"https:\/\/www.sistemas-catalunya.com\/ca\/wp-json\/wp\/v2\/types\/product"}],"replies":[{"embeddable":true,"href":"https:\/\/www.sistemas-catalunya.com\/ca\/wp-json\/wp\/v2\/comments?post=263510"}],"wp:featuredmedia":[{"embeddable":true,"href":"https:\/\/www.sistemas-catalunya.com\/ca\/wp-json\/wp\/v2\/media\/260150"}],"wp:attachment":[{"href":"https:\/\/www.sistemas-catalunya.com\/ca\/wp-json\/wp\/v2\/media?parent=263510"}],"wp:term":[{"taxonomy":"product_brand","embeddable":true,"href":"https:\/\/www.sistemas-catalunya.com\/ca\/wp-json\/wp\/v2\/product_brand?post=263510"},{"taxonomy":"product_cat","embeddable":true,"href":"https:\/\/www.sistemas-catalunya.com\/ca\/wp-json\/wp\/v2\/product_cat?post=263510"},{"taxonomy":"product_tag","embeddable":true,"href":"https:\/\/www.sistemas-catalunya.com\/ca\/wp-json\/wp\/v2\/product_tag?post=263510"}],"curies":[{"name":"wp","href":"https:\/\/api.w.org\/{rel}","templated":true}]}}